{"id":9627,"date":"2017-05-15T12:46:17","date_gmt":"2017-05-15T12:46:17","guid":{"rendered":"http:\/\/www.elpozo.com\/home\/"},"modified":"2021-06-30T06:08:49","modified_gmt":"2021-06-30T06:08:49","slug":"home","status":"publish","type":"page","link":"https:\/\/www.elpozo.com\/de\/","title":{"rendered":"Start"},"content":{"rendered":"<div id=\"pl-9627\"  class=\"panel-layout\" ><div id=\"pg-9627-0\"  class=\"panel-grid panel-has-style\" ><div class=\"bloque-informacion  panel-row-style panel-row-style-for-9627-0\" id=\"bloque-informacion\" ><div id=\"pgc-9627-0-0\"  class=\"panel-grid-cell\" ><div id=\"panel-9627-0-0-0\" class=\"so-panel widget widget_sow-editor panel-first-child\" data-index=\"0\" ><div class=\"titulo panel-widget-style panel-widget-style-for-9627-0-0-0\" ><div\n\t\t\t\n\t\t\tclass=\"so-widget-sow-editor so-widget-sow-editor-base\"\n\t\t\t\n\t\t>\n<div class=\"siteorigin-widget-tinymce textwidget\">\n\t<h3><b>ELPOZO ALIMENTACI\u00d3N<\/b><\/h3>\n<\/div>\n<\/div><\/div><\/div><div id=\"panel-9627-0-0-1\" class=\"so-panel widget widget_sow-editor panel-last-child\" data-index=\"1\" ><div class=\"texto panel-widget-style panel-widget-style-for-9627-0-0-1\" ><div\n\t\t\t\n\t\t\tclass=\"so-widget-sow-editor so-widget-sow-editor-base\"\n\t\t\t\n\t\t>\n<div class=\"siteorigin-widget-tinymce textwidget\">\n\t<p>Wir sind die beliebteste Marke in spanischen Haushalten. 80 % von ihnen vertrauen auf unsere Produkte. Wir haben mehr als 60 Jahre Erfahrung, verkaufen unsere Produkte in mehr als 80 L\u00e4ndern weltweit und sind Vorreiter in Bezug auf gesunde Ern\u00e4hrung sowohl bei Frischfleisch als auch bei vorgegarten und gereiften Produkten. Im Rahmen unserer Philosophie der kontinuierlichen Verbesserung investieren wir stark in die Entwicklung ausgewogener und n\u00e4hrstoffreicher Lebensmittel, um den Genuss, das Wohlbefinden und den Komfort zu steigern.<\/p>\n<\/div>\n<\/div><\/div><\/div><\/div><div id=\"pgc-9627-0-1\"  class=\"panel-grid-cell\" ><div id=\"panel-9627-0-1-0\" class=\"so-panel widget widget_sow-image panel-first-child panel-last-child\" data-index=\"2\" ><div id=\"tostada\" class=\"panel-widget-style panel-widget-style-for-9627-0-1-0\" ><div\n\t\t\t\n\t\t\tclass=\"so-widget-sow-image so-widget-sow-image-default-4e6925654b7a-9627\"\n\t\t\t\n\t\t>\n<div class=\"sow-image-container\">\n\t\t<img \n\tsrc=\"https:\/\/www.elpozo.com\/wp-content\/uploads\/2017\/05\/home-bocadillo-xs.png\" width=\"800\" height=\"296\" srcset=\"https:\/\/www.elpozo.com\/wp-content\/uploads\/2017\/05\/home-bocadillo-xs.png 800w, https:\/\/www.elpozo.com\/wp-content\/uploads\/2017\/05\/home-bocadillo-xs-250x93.png 250w, https:\/\/www.elpozo.com\/wp-content\/uploads\/2017\/05\/home-bocadillo-xs-768x284.png 768w, https:\/\/www.elpozo.com\/wp-content\/uploads\/2017\/05\/home-bocadillo-xs-700x259.png 700w, https:\/\/www.elpozo.com\/wp-content\/uploads\/2017\/05\/home-bocadillo-xs-500x185.png 500w, https:\/\/www.elpozo.com\/wp-content\/uploads\/2017\/05\/home-bocadillo-xs-120x44.png 120w\" sizes=\"(max-width: 800px) 100vw, 800px\" alt=\"\" \t\tclass=\"so-widget-image\"\/>\n\t<\/div>\n\n<\/div><\/div><\/div><\/div><\/div><\/div><div id=\"pg-9627-1\"  class=\"panel-grid panel-has-style\" ><div class=\"panel-row-style panel-row-style-for-9627-1\" ><div id=\"pgc-9627-1-0\"  class=\"panel-grid-cell\" ><div id=\"sin-gluten\">\n        <img decoding=\"async\" src=\"https:\/\/www.elpozo.com\/wp-content\/themes\/elpozo\/img\/logos\/sin_gluten.png\" \/>\n        <div class=\"texto\">\n            <h4>ALLE UNSERE PRODUKTE <strong>SIND GLUTENFREI*<\/strong><\/h4>\n        <\/div>\n<\/div><div id=\"panel-9627-1-0-0\" class=\"so-panel widget widget_text panel-first-child panel-last-child\" data-index=\"3\" >\t\t\t<div class=\"textwidget\"><\/div>\n\t\t<\/div><\/div><\/div><\/div><div id=\"pg-9627-2\"  class=\"panel-grid panel-has-style\" ><div id=\"sin-gluten-descripcion\" class=\"panel-row-style panel-row-style-for-9627-2\" ><div id=\"pgc-9627-2-0\"  class=\"panel-grid-cell\" ><div id=\"panel-9627-2-0-0\" class=\"so-panel widget widget_sow-editor panel-first-child panel-last-child\" data-index=\"4\" ><div\n\t\t\t\n\t\t\tclass=\"so-widget-sow-editor so-widget-sow-editor-base\"\n\t\t\t\n\t\t>\n<div class=\"siteorigin-widget-tinymce textwidget\">\n\t<p>*Alle von EL POZO ALIMENTACI\u00d3N, S.A. (RSI: ES-10.01672\/MU-CE) hergestellten Produkte sind GLUTENFREI und daher f\u00fcr den Verzehr durch MENSCHEN MIT Z\u00d6LIAKIE geeignet. Teil der offiziellen Liste von FACE 2017 (Bund der spanischen Z\u00f6liakievereine), Seite 188.<\/p>\n<\/div>\n<\/div><\/div><\/div><\/div><\/div><div id=\"pg-9627-3\"  class=\"panel-grid panel-has-style\" ><div class=\"siteorigin-panels-stretch panel-row-style panel-row-style-for-9627-3\" id=\"categorias-productos\" data-stretch-type=\"full-stretched\" ><div id=\"pgc-9627-3-0\"  class=\"panel-grid-cell\" >\n\n    <div class=\"categorias-producto-v2\">\n\n        <h3> Unsere Marken<\/h3>\n        <div class=\"container-fluid\">\n            <div class=\"row no-gutter\">\n                \n                <div class=\"col-md-3 col-xs-6\">\n                    <div class=\"categoria-item\">\n                        <a href=\"https:\/\/www.elpozo.com\/de\/categoria\/bienstar-de\/\">\n                           <img decoding=\"async\" class=\"logo\" src=\"https:\/\/www.elpozo.com\/wp-content\/uploads\/2025\/06\/logotipo-bienstar.png\" alt=\"BienStar\" \/>\n                        <\/a>\n                    <\/div>\n                <\/div>\n                \n                <div class=\"col-md-3 col-xs-6\">\n                    <div class=\"categoria-item\">\n                        <a href=\"https:\/\/www.elpozo.com\/de\/categoria\/edicion-1954-de\/\">\n                           <img decoding=\"async\" class=\"logo\" src=\"https:\/\/www.elpozo.com\/wp-content\/uploads\/2024\/08\/nuevo-logotipo-1954.png\" alt=\"EDICI\u00d3N 1954\" \/>\n                        <\/a>\n                    <\/div>\n                <\/div>\n                \n                <div class=\"col-md-3 col-xs-6\">\n                    <div class=\"categoria-item\">\n                        <a href=\"https:\/\/www.elpozo.com\/de\/categoria\/legado-iberico-de\/\">\n                           <img decoding=\"async\" class=\"logo\" src=\"https:\/\/www.elpozo.com\/wp-content\/uploads\/2025\/06\/logo-legado-v2-fondo-claro.png\" alt=\"Legado Ib\u00e9rico\" \/>\n                        <\/a>\n                    <\/div>\n                <\/div>\n                \n                <div class=\"col-md-3 col-xs-6\">\n                    <div class=\"categoria-item\">\n                        <a href=\"https:\/\/www.elpozo.com\/de\/categoria\/serrano-de\/\">\n                           <img decoding=\"async\" class=\"logo\" src=\"https:\/\/www.elpozo.com\/wp-content\/uploads\/2019\/02\/jamon-serrano_m.png\" alt=\"Serrano schinken\" \/>\n                        <\/a>\n                    <\/div>\n                <\/div>\n                            <\/div>\n         <\/div>   \n    <\/div><div id=\"panel-9627-3-0-0\" class=\"so-panel widget widget_text panel-first-child panel-last-child\" data-index=\"5\" >\t\t\t<div class=\"textwidget\">\n<\/div>\n\t\t<\/div><\/div><\/div><\/div><div id=\"pg-9627-4\"  class=\"panel-grid panel-has-style\" ><div id=\"home-cip\" class=\"panel-row-style panel-row-style-for-9627-4\" ><div id=\"pgc-9627-4-0\"  class=\"panel-grid-cell\" >\n<div class=\"video-cip-circle\">\n    <img decoding=\"async\" id=\"cip-circle\" src=\"https:\/\/www.elpozo.com\/wp-content\/uploads\/2024\/08\/cip.jpg\">\n<\/div>\n<script>\n\n    jQuery(document).ready(function($) {\n\n        var $video = $('#cip-circle');\n        var video = $video.get(0);\n\n        var begin = $video.offset().top-$(window).height()+150;\n        var reset = $video.offset().top-450;\n\n        var isPlaying = false;\n\n        $(window).scroll(function () {\n\n            var position = $(document).scrollTop();\n\n            video.onended = function(e) {\n               isPlaying=false;\n            }\n\n            \/\/ console.log(position+'-'+begin+'-'+isPlaying+'-video time: '+video.currentTime);\n\n            if(position>begin && position<reset) {\n                if(!isPlaying){\n                    isPlaying=true;\n                    video.play();\n                }\n            }\n\n        });\n       \n\n    \n    });\n\n<\/script>\n<div id=\"panel-9627-4-0-0\" class=\"so-panel widget widget_text panel-first-child panel-last-child\" data-index=\"6\" >\t\t\t<div class=\"textwidget\"><\/div>\n\t\t<\/div><\/div><div id=\"pgc-9627-4-1\"  class=\"panel-grid-cell\" ><div id=\"panel-9627-4-1-0\" class=\"so-panel widget widget_sow-editor panel-first-child\" data-index=\"7\" ><div class=\"titulo panel-widget-style panel-widget-style-for-9627-4-1-0\" ><div\n\t\t\t\n\t\t\tclass=\"so-widget-sow-editor so-widget-sow-editor-base\"\n\t\t\t\n\t\t>\n<div class=\"siteorigin-widget-tinymce textwidget\">\n\t<h3><strong>Mit Ihnen von Anfang bis Ende<\/strong><\/h3>\n<\/div>\n<\/div><\/div><\/div><div id=\"panel-9627-4-1-1\" class=\"so-panel widget widget_sow-editor\" data-index=\"8\" ><div class=\"texto panel-widget-style panel-widget-style-for-9627-4-1-1\" ><div\n\t\t\t\n\t\t\tclass=\"so-widget-sow-editor so-widget-sow-editor-base\"\n\t\t\t\n\t\t>\n<div class=\"siteorigin-widget-tinymce textwidget\">\n\t<p>Der Schwerpunkt unserer organisatorischen Bestrebungen liegt auf der umfassenden Prozesskontrolle.<\/p>\n<p>In diesem Kreislaufmodell wird vom Ursprung bis zum Verzehr alles kontrolliert, was uns im Sektor Landwirtschaft und Ern\u00e4hrung einzigartig macht.<\/p>\n<\/div>\n<\/div><\/div><\/div><div id=\"panel-9627-4-1-2\" class=\"so-panel widget widget_sow-button panel-last-child\" data-index=\"9\" ><div class=\"custom-button panel-widget-style panel-widget-style-for-9627-4-1-2\" ><div\n\t\t\t\n\t\t\tclass=\"so-widget-sow-button so-widget-sow-button-atom-f227bc268bd2-9627\"\n\t\t\t\n\t\t><div class=\"ow-button-base ow-button-align-left\"\n>\n\t\t\t<a\n\t\t\t\t\thref=\"https:\/\/www.elpozo.com\/cip\/\"\n\t\t\t\t\tclass=\"sowb-button ow-icon-placement-left ow-button-hover\" \t>\n\t\t<span>\n\t\t\t\n\t\t\tJETZT ENTDECKEN\t\t<\/span>\n\t\t\t<\/a>\n\t<\/div>\n<\/div><\/div><\/div><\/div><\/div><\/div><div id=\"pg-9627-5\"  class=\"panel-grid panel-has-style\" ><div class=\"siteorigin-panels-stretch panel-row-style panel-row-style-for-9627-5\" id=\"parallax-jamon\" data-stretch-type=\"full-stretched\" ><div id=\"pgc-9627-5-0\"  class=\"panel-grid-cell\" ><div id=\"panel-9627-5-0-0\" class=\"so-panel widget widget_image_effects_widget panel-first-child panel-last-child\" data-index=\"10\" ><div class=\"panel-widget-style panel-widget-style-for-9627-5-0-0\" ><div\n\t\t\t\n\t\t\tclass=\"so-widget-image_effects_widget so-widget-image_effects_widget-base\"\n\t\t\t\n\t\t>\n\n<div class=\"widget-image-effects  \" >\n\n        <div class=\"content\">\n            \n                    <\/div>    \n\n        <div class=\"background-image\" style=\"background-image: url('https:\/\/www.elpozo.com\/wp-content\/uploads\/2017\/06\/legado-header.jpg'); \">\n\n            \n            \n        <\/div>\n\n<\/div>\n<\/div><\/div><\/div><\/div><\/div><\/div><div id=\"pg-9627-6\"  class=\"panel-grid panel-has-style\" ><div class=\"siteorigin-panels-stretch panel-row-style panel-row-style-for-9627-6\" data-stretch-type=\"full\" ><div id=\"pgc-9627-6-0\"  class=\"panel-grid-cell\" ><div id=\"panel-9627-6-0-0\" class=\"so-panel widget widget_news_widget panel-first-child panel-last-child\" data-index=\"11\" ><div\n\t\t\t\n\t\t\tclass=\"so-widget-news_widget so-widget-news_widget-base\"\n\t\t\t\n\t\t>\n\n<div class=\"widget-noticias\">\n\n\n\n    <div class=\"container bigger\">\n        <h2>Nachrichten<\/h2>\n        <div class=\"row\">\n                                                <div class=\"col-md-3 col-sm-6\">\n                        \n\n<article id=\"post-38323\" class=\"ficha-noticia-square item post-38323 noticias type-noticias status-publish has-post-thumbnail hentry\">\n    <a href=\"https:\/\/www.elpozo.com\/de\/nachrichten\/el-pozo-alimentacion-neuer-sponsor-der-spanischen-fussballnationalmannschaft\/\" class=\"item\">\n        <div class=\"image medio\" style=\"background-image: url('https:\/\/www.elpozo.com\/wp-content\/uploads\/2026\/01\/20260129-foto-patrocinio-rfef-elpozo-700x444.jpg'); background-size:%;\"> <\/div>\n        <div class=\"content\">\n            <h4 title=\"\">El Pozo Alimentaci\u00f3n, neuer Sponsor der Spanischen Fu\u00dfballnationalmannschaft<\/h4>\n            <div class=\"description\">\n                <p> Die meistgew\u00e4hlte Marke der spanischen Haushalte wird \u201eLa Roja\u201c bis 2030 begleiten El Pozo Alimentaci\u00f3n wird bis 2030 offizieller Sponsor ...<\/p>\n            <\/div>\n            <span class=\"date\">3 Feb. 2026<\/span>\n        <\/div>\n        <div class=\"overlay\"><\/div>\n    <\/a>\n<\/article>                    <\/div>\n                                    <div class=\"col-md-3 col-sm-6\">\n                        \n\n<article id=\"post-37871\" class=\"ficha-noticia-square item post-37871 noticias type-noticias status-publish has-post-thumbnail hentry\">\n    <a href=\"https:\/\/www.elpozo.com\/de\/nachrichten\/el-pozo-alimentacion-engagiert-sich-ein-weiteres-jahr-fuer-restaurants-gegen-hunger\/\" class=\"item\">\n        <div class=\"image medio\" style=\"background-image: url('https:\/\/www.elpozo.com\/wp-content\/uploads\/2025\/09\/20250922-foto-restaurantes-contra-el-hambre-elpozo-1-700x373.jpg'); background-size:%;\"> <\/div>\n        <div class=\"content\">\n            <h4 title=\"\"> El Pozo Alimentaci\u00f3n engagiert sich ein weiteres Jahr f\u00fcr \u201eRestaurants gegen ...<\/h4>\n            <div class=\"description\">\n                <p> Die Initiative wird von Acci\u00f3n contra el Hambre und dem Spanischen Gastgewerbe gef\u00f6rdert und z\u00e4hlt auf Quique Dacosta und Susi ...<\/p>\n            <\/div>\n            <span class=\"date\">22 Sep. 2025<\/span>\n        <\/div>\n        <div class=\"overlay\"><\/div>\n    <\/a>\n<\/article>                    <\/div>\n                                    <div class=\"col-md-3 col-sm-6\">\n                        \n\n<article id=\"post-37530\" class=\"ficha-noticia-square item post-37530 noticias type-noticias status-publish has-post-thumbnail hentry\">\n    <a href=\"https:\/\/www.elpozo.com\/de\/nachrichten\/el-pozo-alimentacion-erhaelt-das-energieeffizienz-zertifikat-iso-50001\/\" class=\"item\">\n        <div class=\"image medio\" style=\"background-image: url('https:\/\/www.elpozo.com\/wp-content\/uploads\/2025\/07\/foto-planta-fotovoltaica-700x525.jpg'); background-size:%;\"> <\/div>\n        <div class=\"content\">\n            <h4 title=\"\">El Pozo Alimentaci\u00f3n erh\u00e4lt das Energieeffizienz-Zertifikat ISO 50001<\/h4>\n            <div class=\"description\">\n                <p> Das Unternehmen implementiert ein effizientes und kontinuierliches Managementsystem, das zur Dekarbonisierung beitr\u00e4gt El Pozo Alimentaci\u00f3n hat die Energieeffizienz-Zertifizierung nach der ...<\/p>\n            <\/div>\n            <span class=\"date\">24 Juli 2025<\/span>\n        <\/div>\n        <div class=\"overlay\"><\/div>\n    <\/a>\n<\/article>                    <\/div>\n                                    <div class=\"col-md-3 col-sm-6\">\n                        \n\n<article id=\"post-37522\" class=\"ficha-noticia-square item post-37522 noticias type-noticias status-publish has-post-thumbnail hentry\">\n    <a href=\"https:\/\/www.elpozo.com\/de\/nachrichten\/el-pozo-alimentacion-schliesst-seine-verbesserungsteams-mit-mehr-als-200-innovativen-ideen-erfolgreich-ab\/\" class=\"item\">\n        <div class=\"image medio\" style=\"background-image: url('https:\/\/www.elpozo.com\/wp-content\/uploads\/2025\/07\/foto-grupos-de-mejora-700x474.png'); background-size:%;\"> <\/div>\n        <div class=\"content\">\n            <h4 title=\"\"> El Pozo Alimentaci\u00f3n schlie\u00dft seine Verbesserungsteams mit mehr als 200 innovativen ...<\/h4>\n            <div class=\"description\">\n                <p> Diese Initiative, die bereits zum 41. Mal stattfindet, bezieht die Mitarbeiter aktiv in Vorschl\u00e4ge f\u00fcr Fortschritte und Verbesserungen im Unternehmen ...<\/p>\n            <\/div>\n            <span class=\"date\">22 Juli 2025<\/span>\n        <\/div>\n        <div class=\"overlay\"><\/div>\n    <\/a>\n<\/article>                    <\/div>\n                \n                    <\/div>\n\n                <div class=\"cta text-center\">\n            <a href=\"https:\/\/www.elpozo.com\/de\/nachrichten\/\" class=\"btn-comun btn-ver-todo\">\n                <span> Alle anzeigen<\/span>\n            <\/a>\n        <\/div>\n            <\/div>\n\n\n<\/div>\n\n\n\n<\/div><\/div><\/div><\/div><\/div><div id=\"pg-9627-7\"  class=\"panel-grid panel-has-style\" ><div class=\"siteorigin-panels-stretch panel-row-style panel-row-style-for-9627-7\" id=\"parallax-historia\" data-stretch-type=\"full-stretched\" ><div id=\"pgc-9627-7-0\"  class=\"panel-grid-cell\" ><div id=\"panel-9627-7-0-0\" class=\"so-panel widget widget_banner_widget panel-first-child panel-last-child\" data-index=\"12\" ><div\n\t\t\t\n\t\t\tclass=\"so-widget-banner_widget so-widget-banner_widget-base\"\n\t\t\t\n\t\t>\n\n<div class=\"widget-banner\" style=\"background-image: url('https:\/\/www.elpozo.com\/wp-content\/uploads\/2017\/05\/panoramica-logo.jpg')\" >\n\n        <div class=\"content\">\n                            <div class=\"texto\">\n                       65 Jahre an Ihrer Seite                <\/div>\n            \n                          <a class=\"btn-action\" href=\"https:\/\/www.elpozo.com\/historia\/\"> Unsere Geschichte<\/a>\n                    <\/div>    \n\n        <img decoding=\"async\" src=\"https:\/\/www.elpozo.com\/wp-content\/uploads\/2017\/05\/panoramica-logo.jpg\" \/>\n\n<\/div>\n<\/div><\/div><\/div><\/div><\/div><\/div><!-- AddThis Advanced Settings generic via filter on the_content --><!-- AddThis Share Buttons generic via filter on the_content -->","protected":false},"excerpt":{"rendered":"ELPOZO ALIMENTACI\u00d3N Wir sind die beliebteste Marke in spanischen Haushalten. 80 % von ihnen vertrauen auf unsere Produkte. Wir haben mehr als 60 Jahre Erfahrung, verkaufen unsere Produkte in mehr als 80 L\u00e4ndern weltweit und sind Vorreiter in Bezug auf gesunde Ern\u00e4hrung sowohl bei Frischfleisch als auch bei vorgegarten und gereiften Produkten. Im Rahmen unserer","protected":false},"author":1,"featured_media":0,"parent":0,"menu_order":0,"comment_status":"closed","ping_status":"closed","template":"templates\/template-home.php","meta":{"_acf_changed":false,"footnotes":""},"class_list":["post-9627","page","type-page","status-publish","hentry"],"acf":[],"aioseo_notices":[],"_links":{"self":[{"href":"https:\/\/www.elpozo.com\/de\/wp-json\/wp\/v2\/pages\/9627","targetHints":{"allow":["GET"]}}],"collection":[{"href":"https:\/\/www.elpozo.com\/de\/wp-json\/wp\/v2\/pages"}],"about":[{"href":"https:\/\/www.elpozo.com\/de\/wp-json\/wp\/v2\/types\/page"}],"author":[{"embeddable":true,"href":"https:\/\/www.elpozo.com\/de\/wp-json\/wp\/v2\/users\/1"}],"replies":[{"embeddable":true,"href":"https:\/\/www.elpozo.com\/de\/wp-json\/wp\/v2\/comments?post=9627"}],"version-history":[{"count":13,"href":"https:\/\/www.elpozo.com\/de\/wp-json\/wp\/v2\/pages\/9627\/revisions"}],"predecessor-version":[{"id":18671,"href":"https:\/\/www.elpozo.com\/de\/wp-json\/wp\/v2\/pages\/9627\/revisions\/18671"}],"wp:attachment":[{"href":"https:\/\/www.elpozo.com\/de\/wp-json\/wp\/v2\/media?parent=9627"}],"curies":[{"name":"wp","href":"https:\/\/api.w.org\/{rel}","templated":true}]}}