{"id":9631,"date":"2017-05-19T10:42:16","date_gmt":"2017-05-19T10:42:16","guid":{"rendered":"http:\/\/www.elpozo.com\/cip\/"},"modified":"2023-05-03T10:42:20","modified_gmt":"2023-05-03T09:42:20","slug":"umfassende-prozesskontrolle","status":"publish","type":"page","link":"https:\/\/www.elpozo.com\/de\/umfassende-prozesskontrolle\/","title":{"rendered":"Umfassende Prozesskontrolle"},"content":{"rendered":"<div id=\"pl-9631\"  class=\"panel-layout\" ><div id=\"pg-9631-0\"  class=\"panel-grid panel-has-style\" ><div class=\"container  panel-row-style panel-row-style-for-9631-0\" id=\"bloque-cip\" ><div id=\"pgc-9631-0-0\"  class=\"panel-grid-cell\" ><div id=\"panel-9631-0-0-0\" class=\"so-panel widget widget_sow-editor panel-first-child\" data-index=\"0\" ><div class=\"titulo panel-widget-style panel-widget-style-for-9631-0-0-0\" ><div\n\t\t\t\n\t\t\tclass=\"so-widget-sow-editor so-widget-sow-editor-base\"\n\t\t\t\n\t\t>\n<div class=\"siteorigin-widget-tinymce textwidget\">\n\t<h3 style=\"text-align: left;\">Control Integral de Proceso<\/h3>\n<\/div>\n<\/div><\/div><\/div><div id=\"panel-9631-0-0-1\" class=\"so-panel widget widget_sow-editor panel-last-child\" data-index=\"1\" ><div class=\"texto panel-widget-style panel-widget-style-for-9631-0-0-1\" ><div\n\t\t\t\n\t\t\tclass=\"so-widget-sow-editor so-widget-sow-editor-base\"\n\t\t\t\n\t\t>\n<div class=\"siteorigin-widget-tinymce textwidget\">\n\t<p>Nuestro modelo de integraci\u00f3n circular garantiza la total trazabilidad de los alimentos, desde el principio hasta el fin de cada proceso. El consumidor es el centro de nuestra actividad, orientada a adelantarnos a sus necesidades y a superar sus expectativas.<\/p>\n<\/div>\n<\/div><\/div><\/div><\/div><div id=\"pgc-9631-0-1\"  class=\"panel-grid-cell\" ><div id=\"panel-9631-0-1-0\" class=\"so-panel widget widget_video_widget panel-first-child panel-last-child\" data-index=\"2\" ><div\n\t\t\t\n\t\t\tclass=\"so-widget-video_widget so-widget-video_widget-base\"\n\t\t\t\n\t\t>\n<div class=\"video\" style=\"background-image: url(https:\/\/www.elpozo.com\/wp-content\/uploads\/2017\/05\/preview-cip.jpg)\">\n    <a class=\"content lnk-open-video\" data-code=\"5HUGKM36b7A\" data-type=\"youtube\" href=\"#\" title=\"Control Integral de Proceso\">\n        <i class=\"fa fa-play\"><\/i>\n    <\/a>\n<\/div>\n<\/div><\/div><\/div><\/div><\/div><div id=\"pg-9631-1\"  class=\"panel-grid panel-has-style\" ><div class=\"siteorigin-panels-stretch panel-row-style panel-row-style-for-9631-1\" data-stretch-type=\"full\" ><div id=\"pgc-9631-1-0\"  class=\"panel-grid-cell\" ><div id=\"panel-9631-1-0-0\" class=\"so-panel widget widget_cip_widget panel-first-child panel-last-child\" data-index=\"3\" ><div class=\"panel-widget-style panel-widget-style-for-9631-1-0-0\" ><div\n\t\t\t\n\t\t\tclass=\"so-widget-cip_widget so-widget-cip_widget-base\"\n\t\t\t\n\t\t>\n\n\n\n<div class=\"widget-cip\">\n\n  \n\n    <div class=\"row no-gutters hidden-sm hidden-md hidden-xs\">\n    \n        \n        <div class=\"col-md-6 col-sm-12\">\n            <div class=\"image-wrapper\">\n                <div class=\"image\" style=\"background-image: url('https:\/\/www.elpozo.com\/wp-content\/uploads\/2017\/05\/agricultura.jpg')\"><\/div>\n            <\/div>\n        <\/div>\n\n        <div class=\"col-md-6 col-sm-12\">\n            <div class=\"description\">\n                <h3 style=\"color: #2eab60;\">1. Agricultura<\/h3>\n                <p><p>Controlamos y seleccionamos las materias primas m\u00e1s id\u00f3neas para la alimentaci\u00f3n del ganado, con las que elaboramos piensos sanos y equilibrados.<\/p><\/p>\n            <\/div>\n        <\/div>\n        \n    <\/div>\n\n    <div class=\"row no-gutters hidden-lg\">\n        <div class=\"image-wrapper\">\n            <div class=\"image\" style=\"background-image: url('https:\/\/www.elpozo.com\/wp-content\/uploads\/2017\/05\/agricultura.jpg')\"><\/div>\n        <\/div>\n\n        <div class=\"description\">\n            <h3 style=\"color: #2eab60;\">1. Agricultura<\/h3>\n            <p><p>Controlamos y seleccionamos las materias primas m\u00e1s id\u00f3neas para la alimentaci\u00f3n del ganado, con las que elaboramos piensos sanos y equilibrados.<\/p><\/p>\n        <\/div>\n    <\/div>\n<\/div>\n\n\n\n\n<\/div><\/div><\/div><\/div><div id=\"pgc-9631-1-1\"  class=\"panel-grid-cell\" ><div id=\"panel-9631-1-1-0\" class=\"so-panel widget widget_cip_widget panel-first-child panel-last-child\" data-index=\"4\" ><div\n\t\t\t\n\t\t\tclass=\"so-widget-cip_widget so-widget-cip_widget-base\"\n\t\t\t\n\t\t>\n\n\n\n<div class=\"widget-cip\">\n\n  \n\n    <div class=\"row no-gutters hidden-sm hidden-md hidden-xs\">\n    \n        \n        <div class=\"col-md-6 col-sm-12\">\n            <div class=\"image-wrapper\">\n                <div class=\"image\" style=\"background-image: url('https:\/\/www.elpozo.com\/wp-content\/uploads\/2017\/05\/ganaderia.jpg')\"><\/div>\n            <\/div>\n        <\/div>\n\n        <div class=\"col-md-6 col-sm-12\">\n            <div class=\"description\">\n                <h3 style=\"color: #bbbb5d;\">2. Ganader\u00eda<\/h3>\n                <p><p>Mediante la selecci\u00f3n gen\u00e9tica de las mejores razas obtenemos carnes m\u00e1s tiernas, sabrosas y nutritivas. Producimos carne de cerdo blanco e ib\u00e9rico, pavo y vacuno.<\/p><\/p>\n            <\/div>\n        <\/div>\n        \n    <\/div>\n\n    <div class=\"row no-gutters hidden-lg\">\n        <div class=\"image-wrapper\">\n            <div class=\"image\" style=\"background-image: url('https:\/\/www.elpozo.com\/wp-content\/uploads\/2017\/05\/ganaderia.jpg')\"><\/div>\n        <\/div>\n\n        <div class=\"description\">\n            <h3 style=\"color: #bbbb5d;\">2. Ganader\u00eda<\/h3>\n            <p><p>Mediante la selecci\u00f3n gen\u00e9tica de las mejores razas obtenemos carnes m\u00e1s tiernas, sabrosas y nutritivas. Producimos carne de cerdo blanco e ib\u00e9rico, pavo y vacuno.<\/p><\/p>\n        <\/div>\n    <\/div>\n<\/div>\n\n\n\n\n<\/div><\/div><\/div><\/div><\/div><div id=\"pg-9631-2\"  class=\"panel-grid panel-has-style\" ><div class=\"row  siteorigin-panels-stretch panel-row-style panel-row-style-for-9631-2\" data-stretch-type=\"full\" ><div id=\"pgc-9631-2-0\"  class=\"panel-grid-cell\" ><div id=\"panel-9631-2-0-0\" class=\"so-panel widget widget_cip_widget panel-first-child panel-last-child\" data-index=\"5\" ><div\n\t\t\t\n\t\t\tclass=\"so-widget-cip_widget so-widget-cip_widget-base\"\n\t\t\t\n\t\t>\n\n\n\n<div class=\"widget-cip\">\n\n  \n\n    <div class=\"row no-gutters hidden-sm hidden-md hidden-xs\">\n    \n            <div class=\"col-md-6\">\n            <div class=\"description\">\n                <h3 style=\"color: #e23143;\">3. Procesado<\/h3>\n                <p><p>En nuestros centros de procesado utilizamos innovadores sistemas para obtener las mejores carnes, con una alta capacidad productiva.<\/p><\/p>\n            <\/div>\n        <\/div>\n\n        <div class=\"col-md-6\">\n            <div class=\"image-wrapper\">\n            <div class=\"image\" style=\"background-image: url('https:\/\/www.elpozo.com\/wp-content\/uploads\/2017\/05\/prodcesado.jpg')\"><\/div>\n            <\/div>\n        <\/div>\n        \n    <\/div>\n\n    <div class=\"row no-gutters hidden-lg\">\n        <div class=\"image-wrapper\">\n            <div class=\"image\" style=\"background-image: url('https:\/\/www.elpozo.com\/wp-content\/uploads\/2017\/05\/prodcesado.jpg')\"><\/div>\n        <\/div>\n\n        <div class=\"description\">\n            <h3 style=\"color: #e23143;\">3. Procesado<\/h3>\n            <p><p>En nuestros centros de procesado utilizamos innovadores sistemas para obtener las mejores carnes, con una alta capacidad productiva.<\/p><\/p>\n        <\/div>\n    <\/div>\n<\/div>\n\n\n\n\n<\/div><\/div><\/div><div id=\"pgc-9631-2-1\"  class=\"panel-grid-cell\" ><div id=\"panel-9631-2-1-0\" class=\"so-panel widget widget_cip_widget panel-first-child panel-last-child\" data-index=\"6\" ><div\n\t\t\t\n\t\t\tclass=\"so-widget-cip_widget so-widget-cip_widget-base\"\n\t\t\t\n\t\t>\n\n\n\n<div class=\"widget-cip\">\n\n  \n\n    <div class=\"row no-gutters hidden-sm hidden-md hidden-xs\">\n    \n            <div class=\"col-md-6\">\n            <div class=\"description\">\n                <h3 style=\"color: #d4408f;\">4. Preparaci\u00f3n de carnes<\/h3>\n                <p><p>En nuestro Centro de Procesamiento de Carnes (CPC), uno de los m\u00e1s modernos y con la tecnolog\u00eda m\u00e1s avanzada del mundo, preparamos la materia prima con la m\u00e1xima seguridad alimentaria.<\/p><\/p>\n            <\/div>\n        <\/div>\n\n        <div class=\"col-md-6\">\n            <div class=\"image-wrapper\">\n            <div class=\"image\" style=\"background-image: url('https:\/\/www.elpozo.com\/wp-content\/uploads\/2017\/05\/preparacion_carnes.jpg')\"><\/div>\n            <\/div>\n        <\/div>\n        \n    <\/div>\n\n    <div class=\"row no-gutters hidden-lg\">\n        <div class=\"image-wrapper\">\n            <div class=\"image\" style=\"background-image: url('https:\/\/www.elpozo.com\/wp-content\/uploads\/2017\/05\/preparacion_carnes.jpg')\"><\/div>\n        <\/div>\n\n        <div class=\"description\">\n            <h3 style=\"color: #d4408f;\">4. Preparaci\u00f3n de carnes<\/h3>\n            <p><p>En nuestro Centro de Procesamiento de Carnes (CPC), uno de los m\u00e1s modernos y con la tecnolog\u00eda m\u00e1s avanzada del mundo, preparamos la materia prima con la m\u00e1xima seguridad alimentaria.<\/p><\/p>\n        <\/div>\n    <\/div>\n<\/div>\n\n\n\n\n<\/div><\/div><\/div><\/div><\/div><div id=\"pg-9631-3\"  class=\"panel-grid panel-has-style\" ><div class=\"row siteorigin-panels-stretch panel-row-style panel-row-style-for-9631-3\" data-stretch-type=\"full\" ><div id=\"pgc-9631-3-0\"  class=\"panel-grid-cell\" ><div id=\"panel-9631-3-0-0\" class=\"so-panel widget widget_cip_widget panel-first-child panel-last-child\" data-index=\"7\" ><div class=\"panel-widget-style panel-widget-style-for-9631-3-0-0\" ><div\n\t\t\t\n\t\t\tclass=\"so-widget-cip_widget so-widget-cip_widget-base\"\n\t\t\t\n\t\t>\n\n\n\n<div class=\"widget-cip\">\n\n  \n\n    <div class=\"row no-gutters hidden-sm hidden-md hidden-xs\">\n    \n        \n        <div class=\"col-md-6 col-sm-12\">\n            <div class=\"image-wrapper\">\n                <div class=\"image\" style=\"background-image: url('https:\/\/www.elpozo.com\/wp-content\/uploads\/2017\/05\/elaboracion.jpg')\"><\/div>\n            <\/div>\n        <\/div>\n\n        <div class=\"col-md-6 col-sm-12\">\n            <div class=\"description\">\n                <h3 style=\"color: #a771ad;\">5. Elaboraci\u00f3n<\/h3>\n                <p><p>En nuestras innovadoras instalaciones elaboramos la m\u00e1s completa gama de soluciones de alimentaci\u00f3n, que abarca alimentos bajos en grasas, calor\u00edas y sal, o sin aditivos, adaptados a todos los gustos y presentaciones.<\/p><\/p>\n            <\/div>\n        <\/div>\n        \n    <\/div>\n\n    <div class=\"row no-gutters hidden-lg\">\n        <div class=\"image-wrapper\">\n            <div class=\"image\" style=\"background-image: url('https:\/\/www.elpozo.com\/wp-content\/uploads\/2017\/05\/elaboracion.jpg')\"><\/div>\n        <\/div>\n\n        <div class=\"description\">\n            <h3 style=\"color: #a771ad;\">5. Elaboraci\u00f3n<\/h3>\n            <p><p>En nuestras innovadoras instalaciones elaboramos la m\u00e1s completa gama de soluciones de alimentaci\u00f3n, que abarca alimentos bajos en grasas, calor\u00edas y sal, o sin aditivos, adaptados a todos los gustos y presentaciones.<\/p><\/p>\n        <\/div>\n    <\/div>\n<\/div>\n\n\n\n\n<\/div><\/div><\/div><\/div><div id=\"pgc-9631-3-1\"  class=\"panel-grid-cell\" ><div id=\"panel-9631-3-1-0\" class=\"so-panel widget widget_cip_widget panel-first-child panel-last-child\" data-index=\"8\" ><div\n\t\t\t\n\t\t\tclass=\"so-widget-cip_widget so-widget-cip_widget-base\"\n\t\t\t\n\t\t>\n\n\n\n<div class=\"widget-cip\">\n\n  \n\n    <div class=\"row no-gutters hidden-sm hidden-md hidden-xs\">\n    \n        \n        <div class=\"col-md-6 col-sm-12\">\n            <div class=\"image-wrapper\">\n                <div class=\"image\" style=\"background-image: url('https:\/\/www.elpozo.com\/wp-content\/uploads\/2017\/05\/servicio_al_cliente.jpg')\"><\/div>\n            <\/div>\n        <\/div>\n\n        <div class=\"col-md-6 col-sm-12\">\n            <div class=\"description\">\n                <h3 style=\"color: #4ba2da;\">6. Servicio al cliente<\/h3>\n                <p><p><strong>Distribuci\u00f3n<\/strong>:\u00a0Para superar las expectativas de los clientes ofrecemos siempre el mejor servicio, una misi\u00f3n con la que contamos con los mejores aliados<\/p><p><strong>Consumidor<\/strong>:\u00a0Desde nuestros or\u00edgenes damos respuesta a las necesidades de los consumidores, cuya total satisfacci\u00f3n gu\u00eda toda nuestra actividad\u00a0<\/p><\/p>\n            <\/div>\n        <\/div>\n        \n    <\/div>\n\n    <div class=\"row no-gutters hidden-lg\">\n        <div class=\"image-wrapper\">\n            <div class=\"image\" style=\"background-image: url('https:\/\/www.elpozo.com\/wp-content\/uploads\/2017\/05\/servicio_al_cliente.jpg')\"><\/div>\n        <\/div>\n\n        <div class=\"description\">\n            <h3 style=\"color: #4ba2da;\">6. Servicio al cliente<\/h3>\n            <p><p><strong>Distribuci\u00f3n<\/strong>:\u00a0Para superar las expectativas de los clientes ofrecemos siempre el mejor servicio, una misi\u00f3n con la que contamos con los mejores aliados<\/p><p><strong>Consumidor<\/strong>:\u00a0Desde nuestros or\u00edgenes damos respuesta a las necesidades de los consumidores, cuya total satisfacci\u00f3n gu\u00eda toda nuestra actividad\u00a0<\/p><\/p>\n        <\/div>\n    <\/div>\n<\/div>\n\n\n\n\n<\/div><\/div><\/div><\/div><\/div><\/div><!-- AddThis Advanced Settings generic via filter on the_content --><!-- AddThis Share Buttons generic via filter on the_content -->","protected":false},"excerpt":{"rendered":"Control Integral de Proceso Nuestro modelo de integraci\u00f3n circular garantiza la total trazabilidad de los alimentos, desde el principio hasta el fin de cada proceso. El consumidor es el centro de nuestra actividad, orientada a adelantarnos a sus necesidades y a superar sus expectativas.","protected":false},"author":1,"featured_media":7398,"parent":0,"menu_order":0,"comment_status":"closed","ping_status":"closed","template":"templates\/template-fullwidth.php","meta":{"_acf_changed":false,"footnotes":""},"class_list":["post-9631","page","type-page","status-publish","has-post-thumbnail","hentry"],"acf":[],"aioseo_notices":[],"_links":{"self":[{"href":"https:\/\/www.elpozo.com\/de\/wp-json\/wp\/v2\/pages\/9631","targetHints":{"allow":["GET"]}}],"collection":[{"href":"https:\/\/www.elpozo.com\/de\/wp-json\/wp\/v2\/pages"}],"about":[{"href":"https:\/\/www.elpozo.com\/de\/wp-json\/wp\/v2\/types\/page"}],"author":[{"embeddable":true,"href":"https:\/\/www.elpozo.com\/de\/wp-json\/wp\/v2\/users\/1"}],"replies":[{"embeddable":true,"href":"https:\/\/www.elpozo.com\/de\/wp-json\/wp\/v2\/comments?post=9631"}],"version-history":[{"count":24,"href":"https:\/\/www.elpozo.com\/de\/wp-json\/wp\/v2\/pages\/9631\/revisions"}],"predecessor-version":[{"id":32724,"href":"https:\/\/www.elpozo.com\/de\/wp-json\/wp\/v2\/pages\/9631\/revisions\/32724"}],"wp:featuredmedia":[{"embeddable":true,"href":"https:\/\/www.elpozo.com\/de\/wp-json\/wp\/v2\/media\/7398"}],"wp:attachment":[{"href":"https:\/\/www.elpozo.com\/de\/wp-json\/wp\/v2\/media?parent=9631"}],"curies":[{"name":"wp","href":"https:\/\/api.w.org\/{rel}","templated":true}]}}