{"id":9667,"date":"2017-05-16T11:28:24","date_gmt":"2017-05-16T11:28:24","guid":{"rendered":"http:\/\/www.elpozo.com\/politica-de-cookies\/"},"modified":"2025-07-09T11:34:14","modified_gmt":"2025-07-09T09:34:14","slug":"cookie-richtlinie","status":"publish","type":"page","link":"https:\/\/www.elpozo.com\/de\/cookie-richtlinie\/","title":{"rendered":"COOKIE-RICHTLINIE"},"content":{"rendered":"<div id=\"pl-9667\"  class=\"panel-layout\" ><div id=\"pg-9667-0\"  class=\"panel-grid panel-no-style\" ><div id=\"pgc-9667-0-0\"  class=\"panel-grid-cell\" ><div id=\"panel-9667-0-0-0\" class=\"so-panel widget widget_sow-editor panel-first-child panel-last-child\" data-index=\"0\" ><div\n\t\t\t\n\t\t\tclass=\"so-widget-sow-editor so-widget-sow-editor-base\"\n\t\t\t\n\t\t>\n<div class=\"siteorigin-widget-tinymce textwidget\">\n\t<h3>1.- VERWENDUNG VON COOKIES AUF DER WEBSITE VON ELPOZO<\/h3>\n<p>Die Website von ElPozo verwendet GOOGLE ANALYTICS, einen Webanalysedienst der Google, mit dem die Benutzung der Webseiten mittels Cookies gemessen und analysiert werden kann. Cookies sind Dateien, die \u00fcber Webseiten auf Ihren Computer heruntergeladen werden k\u00f6nnen. Der Zweck von Cookies besteht darin, dem Benutzer einen schnelleren Zugriff auf die Dienste der Website sowie eine Personalisierung dieser Dienste zu erm\u00f6glichen und ihm Informationen, die f\u00fcr ihn von Interesse sind oder sein k\u00f6nnten, je nach Verwendung dieser Dienste, zu erm\u00f6glichen und anzubieten.\u00a0Die Website von ElPozo verwendet diese Cookies, um dem Benutzen das Surfen so weit wie m\u00f6glich zu erleichtern und zu optimieren. Die Cookies sind ausschlie\u00dflich einem anonymen Benutzer und seinem Computer zugeordnet und k\u00f6nnen keine personenbezogenen Benutzer-Daten erfassen oder ableiten. Der Benutzer kann seinen Browser so konfigurieren, dass er \u00fcber die Installation von Cookies auf der Website von ElPozo informiert wird und diese ablehnen kann. Das Abrufen der Inhalte wird dadurch weiterhin m\u00f6glich sein. Wir weisen jedoch darauf hin, dass dadurch die Qualit\u00e4t der Website und ihre Funktionalit\u00e4t beeintr\u00e4chtigt werden k\u00f6nnen.<\/p>\n<h3>2.- COOKIE-TYPEN UND IHR ZWECK<\/h3>\n<p>Je nach Herausgeber, k\u00f6nnen die Cookies folgenderma\u00dfen klassifiziert werden:<\/p>\n<ul>\n<li><strong>Eigene Cookies:<\/strong> sind diejenigen, die an das Endger\u00e4t des Benutzers von einem Computer oder einer Dom\u00e4ne gesendet werden, die vom Herausgeber selbst verwaltet werden und von denen dem Benutzer der angeforderte Dienst bereitgestellt wird.<\/li>\n<li><strong>Cookies von Dritten:<\/strong> Sind diejenigen, die an das Endger\u00e4t des Benutzers von einem Computer oder einer Dom\u00e4ne gesendet werden, die nicht vom Verantwortlichen f\u00fcr die Website, sondern von einem anderen Herausgeber verwaltet werden, der die dank Cookies erhobenen Daten weiter verarbeitet.<\/li>\n<\/ul>\n<p>Je nachdem, wie lange die Cookies auf dem Endger\u00e4t aktiviert bleiben, unterscheidet man zwischen den:<\/p>\n<ul>\n<li>Sitzungscookies: Diese Cookies sammeln und speichern Daten w\u00e4hrend der Benutzer auf eine Webseite zugreift.<\/li>\n<li>Persistente Cookies: Sind Cookies, bei denen die Daten im Endger\u00e4t gespeichert werden und w\u00e4hrend eines definierten Zeitraums, der durch den Verantwortlichen f\u00fcr den Cookie festgelegt wird und sich bis hin zu mehreren Jahren erstrecken kann, abgerufen und verarbeitet werden k\u00f6nnen.<\/li>\n<\/ul>\n<p>Je nach ihrem Zweck k\u00f6nnen Coockies wie folgt klassifiziert werden:<\/p>\n<ul>\n<li><strong>Technische Cookies<\/strong><\/li>\n<li><strong>Personalisierungs-Cookies<\/strong><\/li>\n<li><strong>Analyse-Cookies<\/strong><\/li>\n<li><strong>Werbe-Cookies<\/strong><\/li>\n<li><strong>Cookies f\u00fcr ma\u00dfgeschneiderte Werbung<\/strong><\/li>\n<\/ul>\n<p>Einige der von uns verwendeten Cookies und warum wir sie verwenden, werden im Folgenden erl\u00e4utert:<\/p>\n<p>[wcc_category_list]<\/p>\n<h3>3.- HANDHABUNG VON DER COOKIE-RICHTLINIE DURCH DEN BENUTZER<\/h3>\n<p>ElPozo zeigt im oberen Teil der Website einen Cookie-Hinweis mit weiteren Informationen \u00fcber seine Cookie-Richtlinie bei jeder Sitzung an, damit Sie als Benutzer auf diese aufmerksam werden. Zu diesem Cookie-Hinweis k\u00f6nnen Sie folgende Aktionen durchf\u00fchren:<\/p>\n<ul>\n<li><strong>Cookies akzeptieren.\u00a0<\/strong>Diese Warnung wird beim Zugriff auf unsere Website und alle zugeh\u00f6rigen Sites w\u00e4hrend der aktuellen Sitzung nicht erneut angezeigt.<\/li>\n<li><strong>Schlie\u00dfen.\u00a0<\/strong>Der Hinweis auf der aktuellen Website wird ausgeblendet.<\/li>\n<li><strong>Cookie-Konfiguration \u00e4ndern.\u00a0<\/strong>Hier k\u00f6nnen Sie weitere Informationen \u00fcber Cookies erhalten, die Cookie-Richtlinie von ELPOZO kennenlernen und die Konfiguration Ihres Browsers \u00e4ndern.<\/li>\n<\/ul>\n<p><\/p>\n<h3>4.-\u00a0 DEAKTIVIEREN VON COOKIES<\/h3>\n<p>Als Benutzer, k\u00f6nnen Sie Cookies von Webseiten einschr\u00e4nken, blockieren oder l\u00f6schen. Praktisch alle aktuellen Browser erlauben es Ihnen, die Cookie-Einstellungen zu \u00e4ndern. Die Einstellungen k\u00f6nnen im Men\u00fc Ihres Browsers unter \u201eOptionen\u201c oder \u201eEinstellungen\u201c vorgenommen werden.<\/p>\n<p>Da jeder Browser anders konzipiert ist, k\u00f6nnen Sie \u00fcber die Hilfefunktion Ihres Browsers erfahren, wie Sie vorgehen m\u00fcssen.<\/p>\n<ul>\n<li><strong>Internet Explorer:\u00a0<\/strong><a href=\"http:\/\/windows.microsoft.com\/es-xl\/internet-explorer\/delete-manage-cookies#ie=ie-10\">windows.microsoft.com\/es-xl\/internet-explorer\/delete-manage-cookies#ie=\"ie-10\"<\/a><\/li>\n<li><strong>Firefox:\u00a0<\/strong><a href=\"https:\/\/support.mozilla.org\/es\/kb\/Borrar%20cookies\">support.mozilla.org\/es\/kb\/Borrar%20cookies<\/a><\/li>\n<li><strong>Chrome:\u00a0<\/strong><a href=\"https:\/\/support.google.com\/chrome\/answer\/95647?hl=es\">support.google.com\/chrome\/answer\/95647?hl=\"es\"<\/a><\/li>\n<li><strong>Safari:\u00a0<\/strong><a href=\"http:\/\/www.apple.com\/es\/privacy\/use-of-cookies\/\">www.apple.com\/es\/privacy\/use-of-cookies\/<\/a><\/li>\n<\/ul>\n<p>Im Folgenden finden Sie Informationen und Hinweise, wie Sie auf das Konfigurationsmen\u00fc von Cookies zugreifen oder das private Surfen bei den wichtigsten Browsern einstellen k\u00f6nnen:<\/p>\n<ul>\n<li><strong>Internet Explorer<\/strong>: Extras -&gt; Internetoptionen -&gt; Datenschutz -&gt; Einstellungen.<\/li>\n<\/ul>\n<p>Weitere Informationen finden Sie im <a href=\"http:\/\/windows.microsoft.com\/es-ES\/windows\/support\">Microsoft-Support<\/a> oder in der Browser-Hilfe.<\/p>\n<ul>\n<li><strong>Firefox<\/strong>: Extras -&gt; Optionen -&gt; Datenschutz -&gt; Verlauf -&gt; Benutzerdefinierte Einstellungen.<\/li>\n<\/ul>\n<p>Weitere Informationen finden Sie im <a href=\"http:\/\/support.mozilla.org\/es\/home\">Mozilla-Support<\/a> oder in der Browser-Hilfe.<\/p>\n<ul>\n<li><strong>Chrome<\/strong>: Einstellungen -&gt; Erweitert -&gt; Sicherheit und Datenschutz -&gt; Inhaltseinstellungen.<\/li>\n<\/ul>\n<p>Weitere Informationen finden Sie im <a href=\"http:\/\/support.google.com\/chrome\/?hl=es\">Google-Support<\/a> oder in der Browser-Hilfe.<\/p>\n<ul>\n<li><strong>Safari<\/strong>: Einstellungen -&gt; Sicherheit.<\/li>\n<\/ul>\n<p>Weitere Informationen finden Sie im <a href=\"http:\/\/www.apple.com\/es\/support\/safari\/\">Apple-Support<\/a> oder in der Browser-Hilfe.<\/p>\n<p>Ebenso gibt es Tools zum Verwalten der Cookie-Speicherung, wie zum Beispiel:<\/p>\n<ul>\n<li>Ghostery:\u00a0<a href=\"http:\/\/www.ghostery.com\/\">www.ghostery.com\/<\/a><\/li>\n<li>Your online choices:\u00a0<a href=\"http:\/\/www.youronlinechoices.com\/es\/\">www.youronlinechoices.com\/es\/<\/a><\/li>\n<\/ul>\n<p>Sie finden weitere Informationen zu diesem Thema oder k\u00f6nnen die Verwendung dieser Cookies unter folgender Website deaktivieren: <a href=\"http:\/\/www.google.es\/intl\/es\/analytics\/privacyoverview.html%20\">www.google.es\/intl\/es\/analytics\/privacyoverview.html <\/a>.<\/p>\n<h3>5.- UPDATES UND \u00c4NDERUNGEN DER COOKIE-RICHTLINIE AUF DER WEBSITE:<\/h3>\n<p>Die Website von ElPozo kann die vorliegende Cookie-Richtlinie gem\u00e4\u00df den gesetzlichen oder aufsichtsrechtlichen Anforderungen \u00e4ndern oder sie an die Anweisungen der Spanischen Datenschutzbeh\u00f6rde anpassen. Den Benutzern wird daher empfohlen, diese Richtlinie regelm\u00e4\u00dfig zu besuchen.\u00a0Wenn wesentliche \u00c4nderungen an dieser Cookie-Richtlinie vorgenommen werden, werden die Benutzer entweder \u00fcber das Internet oder die registrierten Benutzer per E-Mail dar\u00fcber informiert.<\/p>\n<p>Bei Fragen k\u00f6nnen Sie uns unter der folgenden E-Mail-Adresse mit dem Vermerk \u2018zu H\u00e4nden von Elena Mar\u00edn Lorente\u2018 kontaktieren:\u00a0<a href=\"mailto:protecciondedatos@grupofuertes.com\">protecciondedatos@grupofuertes.com<\/a>.<\/p>\n<\/div>\n<\/div><\/div><\/div><\/div><\/div><!-- AddThis Advanced Settings generic via filter on the_content --><!-- AddThis Share Buttons generic via filter on the_content -->","protected":false},"excerpt":{"rendered":"1.- VERWENDUNG VON COOKIES AUF DER WEBSITE VON ELPOZODie Website von ElPozo verwendet GOOGLE ANALYTICS, einen Webanalysedienst der Google, mit dem die Benutzung der Webseiten mittels Cookies gemessen und analysiert werden kann. Cookies sind Dateien, die \u00fcber Webseiten auf Ihren Computer heruntergeladen werden k\u00f6nnen. Der Zweck von Cookies besteht darin, dem Benutzer einen schnelleren Zugriff","protected":false},"author":1,"featured_media":0,"parent":0,"menu_order":0,"comment_status":"closed","ping_status":"closed","template":"templates\/template-auxiliar.php","meta":{"_acf_changed":false,"footnotes":""},"class_list":["post-9667","page","type-page","status-publish","hentry"],"acf":[],"aioseo_notices":[],"_links":{"self":[{"href":"https:\/\/www.elpozo.com\/de\/wp-json\/wp\/v2\/pages\/9667","targetHints":{"allow":["GET"]}}],"collection":[{"href":"https:\/\/www.elpozo.com\/de\/wp-json\/wp\/v2\/pages"}],"about":[{"href":"https:\/\/www.elpozo.com\/de\/wp-json\/wp\/v2\/types\/page"}],"author":[{"embeddable":true,"href":"https:\/\/www.elpozo.com\/de\/wp-json\/wp\/v2\/users\/1"}],"replies":[{"embeddable":true,"href":"https:\/\/www.elpozo.com\/de\/wp-json\/wp\/v2\/comments?post=9667"}],"version-history":[{"count":10,"href":"https:\/\/www.elpozo.com\/de\/wp-json\/wp\/v2\/pages\/9667\/revisions"}],"predecessor-version":[{"id":37491,"href":"https:\/\/www.elpozo.com\/de\/wp-json\/wp\/v2\/pages\/9667\/revisions\/37491"}],"wp:attachment":[{"href":"https:\/\/www.elpozo.com\/de\/wp-json\/wp\/v2\/media?parent=9667"}],"curies":[{"name":"wp","href":"https:\/\/api.w.org\/{rel}","templated":true}]}}