{"id":7474,"date":"2017-05-15T12:46:17","date_gmt":"2017-05-15T12:46:17","guid":{"rendered":"http:\/\/test.mobyte.es\/elpozo\/v2\/home\/"},"modified":"2021-06-30T06:07:51","modified_gmt":"2021-06-30T06:07:51","slug":"home","status":"publish","type":"page","link":"https:\/\/www.elpozo.com\/en\/","title":{"rendered":"Home"},"content":{"rendered":"<div id=\"pl-7474\"  class=\"panel-layout\" ><div id=\"pg-7474-0\"  class=\"panel-grid panel-has-style\" ><div class=\"bloque-informacion  panel-row-style panel-row-style-for-7474-0\" id=\"bloque-informacion\" ><div id=\"pgc-7474-0-0\"  class=\"panel-grid-cell\" ><div id=\"panel-7474-0-0-0\" class=\"so-panel widget widget_sow-editor panel-first-child\" data-index=\"0\" ><div class=\"titulo panel-widget-style panel-widget-style-for-7474-0-0-0\" ><div\n\t\t\t\n\t\t\tclass=\"so-widget-sow-editor so-widget-sow-editor-base\"\n\t\t\t\n\t\t>\n<div class=\"siteorigin-widget-tinymce textwidget\">\n\t<h3>ELPOZO ALIMENTACI\u00d3N<\/h3>\n<\/div>\n<\/div><\/div><\/div><div id=\"panel-7474-0-0-1\" class=\"so-panel widget widget_sow-editor panel-last-child\" data-index=\"1\" ><div class=\"texto panel-widget-style panel-widget-style-for-7474-0-0-1\" ><div\n\t\t\t\n\t\t\tclass=\"so-widget-sow-editor so-widget-sow-editor-base\"\n\t\t\t\n\t\t>\n<div class=\"siteorigin-widget-tinymce textwidget\">\n\t<p>We are the <strong>favourite brand of Spanish households<\/strong>, since four out of five consume our\u00a0products. With <strong>more than 60 years of history<\/strong>, we are present in <strong>80 countries<\/strong> worldwide and we are a pioneer in<strong> healthy food<\/strong>, in <strong>fresh meat<\/strong> as well as <strong>processed and cured products<\/strong>. With a philosophy of continuous improvement, we dedicate a large part of our\u00a0resources to the research and development of <strong>balanced and nutritional food<\/strong>, which is also enjoyable, makes you feel good and convenient.<\/p>\n<\/div>\n<\/div><\/div><\/div><\/div><div id=\"pgc-7474-0-1\"  class=\"panel-grid-cell\" ><div id=\"panel-7474-0-1-0\" class=\"so-panel widget widget_sow-image panel-first-child panel-last-child\" data-index=\"2\" ><div id=\"tostada\" class=\"panel-widget-style panel-widget-style-for-7474-0-1-0\" ><div\n\t\t\t\n\t\t\tclass=\"so-widget-sow-image so-widget-sow-image-default-4e6925654b7a-7474\"\n\t\t\t\n\t\t>\n<div class=\"sow-image-container\">\n\t\t<img \n\tsrc=\"https:\/\/www.elpozo.com\/wp-content\/uploads\/2017\/05\/home-bocadillo-xs.png\" width=\"800\" height=\"296\" srcset=\"https:\/\/www.elpozo.com\/wp-content\/uploads\/2017\/05\/home-bocadillo-xs.png 800w, https:\/\/www.elpozo.com\/wp-content\/uploads\/2017\/05\/home-bocadillo-xs-250x93.png 250w, https:\/\/www.elpozo.com\/wp-content\/uploads\/2017\/05\/home-bocadillo-xs-768x284.png 768w, https:\/\/www.elpozo.com\/wp-content\/uploads\/2017\/05\/home-bocadillo-xs-700x259.png 700w, https:\/\/www.elpozo.com\/wp-content\/uploads\/2017\/05\/home-bocadillo-xs-500x185.png 500w, https:\/\/www.elpozo.com\/wp-content\/uploads\/2017\/05\/home-bocadillo-xs-120x44.png 120w\" sizes=\"(max-width: 800px) 100vw, 800px\" alt=\"\" \t\tclass=\"so-widget-image\"\/>\n\t<\/div>\n\n<\/div><\/div><\/div><\/div><\/div><\/div><div id=\"pg-7474-1\"  class=\"panel-grid panel-has-style\" ><div class=\"panel-row-style panel-row-style-for-7474-1\" ><div id=\"pgc-7474-1-0\"  class=\"panel-grid-cell\" ><div id=\"sin-gluten\">\n        <img decoding=\"async\" src=\"https:\/\/www.elpozo.com\/wp-content\/themes\/elpozo\/img\/logos\/sin_gluten.png\" \/>\n        <div class=\"texto\">\n            <h4>ALL OUR PRODUCTS ARE MADE <strong>WITHOUT GLUTEN*<\/strong><\/h4>\n        <\/div>\n<\/div><div id=\"panel-7474-1-0-0\" class=\"so-panel widget widget_text panel-first-child panel-last-child\" data-index=\"3\" >\t\t\t<div class=\"textwidget\"><\/div>\n\t\t<\/div><\/div><\/div><\/div><div id=\"pg-7474-2\"  class=\"panel-grid panel-has-style\" ><div id=\"sin-gluten-descripcion\" class=\"panel-row-style panel-row-style-for-7474-2\" ><div id=\"pgc-7474-2-0\"  class=\"panel-grid-cell\" ><div id=\"panel-7474-2-0-0\" class=\"so-panel widget widget_sow-editor panel-first-child panel-last-child\" data-index=\"4\" ><div\n\t\t\t\n\t\t\tclass=\"so-widget-sow-editor so-widget-sow-editor-base\"\n\t\t\t\n\t\t>\n<div class=\"siteorigin-widget-tinymce textwidget\">\n\t<p>*ALL THE PRODUCTS MANUFACTURED BY EL POZO ALIMENTACI\u00d3N, S.A. (RSI: ES-10.01672\/MU-CE) are GLUTEN FREE, and are therefore suitable for people with COELIAC DISEASE. Included in the Official FACE List 2017 (Federation of Coeliac Associations of Spain), page 188.<\/p>\n<\/div>\n<\/div><\/div><\/div><\/div><\/div><div id=\"pg-7474-3\"  class=\"panel-grid panel-has-style\" ><div class=\"siteorigin-panels-stretch panel-row-style panel-row-style-for-7474-3\" id=\"categorias-productos\" data-stretch-type=\"full-stretched\" ><div id=\"pgc-7474-3-0\"  class=\"panel-grid-cell\" >\n\n    <div class=\"categorias-producto-v2\">\n\n        <h3> Our brands<\/h3>\n        <div class=\"container-fluid\">\n            <div class=\"row no-gutter\">\n                \n                <div class=\"col-md-3 col-xs-6\">\n                    <div class=\"categoria-item\">\n                        <a href=\"https:\/\/www.elpozo.com\/en\/categoria\/bienstar-en\/\">\n                           <img decoding=\"async\" class=\"logo\" src=\"https:\/\/www.elpozo.com\/wp-content\/uploads\/2025\/06\/logotipo-bienstar.png\" alt=\"BienStar\" \/>\n                        <\/a>\n                    <\/div>\n                <\/div>\n                \n                <div class=\"col-md-3 col-xs-6\">\n                    <div class=\"categoria-item\">\n                        <a href=\"https:\/\/www.elpozo.com\/en\/categoria\/serrano-en\/\">\n                           <img decoding=\"async\" class=\"logo\" src=\"https:\/\/www.elpozo.com\/wp-content\/uploads\/2019\/02\/jamon-serrano_m.png\" alt=\"Jam\u00f3n Serrano\" \/>\n                        <\/a>\n                    <\/div>\n                <\/div>\n                \n                <div class=\"col-md-3 col-xs-6\">\n                    <div class=\"categoria-item\">\n                        <a href=\"https:\/\/www.elpozo.com\/en\/categoria\/legado-iberico-en\/\">\n                           <img decoding=\"async\" class=\"logo\" src=\"https:\/\/www.elpozo.com\/wp-content\/uploads\/2025\/06\/logo-legado-v2-fondo-claro.png\" alt=\"Legado Ib\u00e9rico\" \/>\n                        <\/a>\n                    <\/div>\n                <\/div>\n                            <\/div>\n         <\/div>   \n    <\/div><div id=\"panel-7474-3-0-0\" class=\"so-panel widget widget_text panel-first-child panel-last-child\" data-index=\"5\" >\t\t\t<div class=\"textwidget\">\n<\/div>\n\t\t<\/div><\/div><\/div><\/div><div id=\"pg-7474-4\"  class=\"panel-grid panel-has-style\" ><div class=\"bloque-informacion panel-row-style panel-row-style-for-7474-4\" id=\"home-cip\" ><div id=\"pgc-7474-4-0\"  class=\"panel-grid-cell\" >\n<div class=\"video-cip-circle\">\n    <img decoding=\"async\" id=\"cip-circle\" src=\"https:\/\/www.elpozo.com\/wp-content\/uploads\/2024\/08\/cip.jpg\">\n<\/div>\n<script>\n\n    jQuery(document).ready(function($) {\n\n        var $video = $('#cip-circle');\n        var video = $video.get(0);\n\n        var begin = $video.offset().top-$(window).height()+150;\n        var reset = $video.offset().top-450;\n\n        var isPlaying = false;\n\n        $(window).scroll(function () {\n\n            var position = $(document).scrollTop();\n\n            video.onended = function(e) {\n               isPlaying=false;\n            }\n\n            \/\/ console.log(position+'-'+begin+'-'+isPlaying+'-video time: '+video.currentTime);\n\n            if(position>begin && position<reset) {\n                if(!isPlaying){\n                    isPlaying=true;\n                    video.play();\n                }\n            }\n\n        });\n       \n\n    \n    });\n\n<\/script>\n<div id=\"panel-7474-4-0-0\" class=\"so-panel widget widget_text panel-first-child panel-last-child\" data-index=\"6\" >\t\t\t<div class=\"textwidget\"><\/div>\n\t\t<\/div><\/div><div id=\"pgc-7474-4-1\"  class=\"panel-grid-cell\" ><div id=\"panel-7474-4-1-0\" class=\"so-panel widget widget_sow-editor panel-first-child\" data-index=\"7\" ><div class=\"titulo panel-widget-style panel-widget-style-for-7474-4-1-0\" ><div\n\t\t\t\n\t\t\tclass=\"so-widget-sow-editor so-widget-sow-editor-base\"\n\t\t\t\n\t\t>\n<div class=\"siteorigin-widget-tinymce textwidget\">\n\t<h3>With you from start to finish<\/h3>\n<\/div>\n<\/div><\/div><\/div><div id=\"panel-7474-4-1-1\" class=\"so-panel widget widget_sow-editor\" data-index=\"8\" ><div class=\"texto panel-widget-style panel-widget-style-for-7474-4-1-1\" ><div\n\t\t\t\n\t\t\tclass=\"so-widget-sow-editor so-widget-sow-editor-base\"\n\t\t\t\n\t\t>\n<div class=\"siteorigin-widget-tinymce textwidget\">\n\t<p>What really makes ElPozo Alimentaci\u00f3n diferent is its organisational system. It has a unique circular integration model, called Integrated Process Control (CIP), which enables the company to intervene at any point of the production process to guarantee maximum food quality, safety and environmental respect.<\/p>\n<\/div>\n<\/div><\/div><\/div><div id=\"panel-7474-4-1-2\" class=\"so-panel widget widget_sow-button panel-last-child\" data-index=\"9\" ><div class=\"custom-button panel-widget-style panel-widget-style-for-7474-4-1-2\" ><div\n\t\t\t\n\t\t\tclass=\"so-widget-sow-button so-widget-sow-button-atom-f227bc268bd2-7474\"\n\t\t\t\n\t\t><div class=\"ow-button-base ow-button-align-left\"\n>\n\t\t\t<a\n\t\t\t\t\thref=\"https:\/\/www.elpozo.com\/cip\/\"\n\t\t\t\t\tclass=\"sowb-button ow-icon-placement-left ow-button-hover\" \t>\n\t\t<span>\n\t\t\t\n\t\t\tFind out\t\t<\/span>\n\t\t\t<\/a>\n\t<\/div>\n<\/div><\/div><\/div><\/div><\/div><\/div><div id=\"pg-7474-5\"  class=\"panel-grid panel-has-style\" ><div class=\"siteorigin-panels-stretch panel-row-style panel-row-style-for-7474-5\" id=\"parallax-jamon\" data-stretch-type=\"full-stretched\" ><div id=\"pgc-7474-5-0\"  class=\"panel-grid-cell\" ><div id=\"panel-7474-5-0-0\" class=\"so-panel widget widget_image_effects_widget panel-first-child panel-last-child\" data-index=\"10\" ><div class=\"panel-widget-style panel-widget-style-for-7474-5-0-0\" ><div\n\t\t\t\n\t\t\tclass=\"so-widget-image_effects_widget so-widget-image_effects_widget-base\"\n\t\t\t\n\t\t>\n\n<div class=\"widget-image-effects  \" >\n\n        <div class=\"content\">\n            \n                    <\/div>    \n\n        <div class=\"background-image\" style=\"background-image: url('https:\/\/www.elpozo.com\/wp-content\/uploads\/2017\/06\/legado-header.jpg'); \">\n\n            \n            \n        <\/div>\n\n<\/div>\n<\/div><\/div><\/div><\/div><\/div><\/div><div id=\"pg-7474-6\"  class=\"panel-grid panel-has-style\" ><div class=\"siteorigin-panels-stretch panel-row-style panel-row-style-for-7474-6\" data-stretch-type=\"full\" ><div id=\"pgc-7474-6-0\"  class=\"panel-grid-cell\" ><div id=\"panel-7474-6-0-0\" class=\"so-panel widget widget_news_widget panel-first-child panel-last-child\" data-index=\"11\" ><div\n\t\t\t\n\t\t\tclass=\"so-widget-news_widget so-widget-news_widget-base\"\n\t\t\t\n\t\t>\n\n<div class=\"widget-noticias\">\n\n\n\n    <div class=\"container bigger\">\n        <h2>News<\/h2>\n        <div class=\"row\">\n                                                <div class=\"col-md-3 col-sm-6\">\n                        \n\n<article id=\"post-38322\" class=\"ficha-noticia-square item post-38322 noticias type-noticias status-publish has-post-thumbnail hentry\">\n    <a href=\"https:\/\/www.elpozo.com\/en\/news\/el-pozo-alimentacion-named-new-sponsor-of-the-spanish-national-football-team\/\" class=\"item\">\n        <div class=\"image medio\" style=\"background-image: url('https:\/\/www.elpozo.com\/wp-content\/uploads\/2026\/01\/20260129-foto-patrocinio-rfef-elpozo-700x444.jpg'); background-size:%;\"> <\/div>\n        <div class=\"content\">\n            <h4 title=\"\"> El Pozo Alimentaci\u00f3n named new sponsor of the Spanish National Football ...<\/h4>\n            <div class=\"description\">\n                <p> Spain\u2019s most chosen brand to stand alongside La Roja through to 2030\u00a0 El Pozo Alimentaci\u00f3n will officially sponsor the Spanish ...<\/p>\n            <\/div>\n            <span class=\"date\">3 Feb 2026<\/span>\n        <\/div>\n        <div class=\"overlay\"><\/div>\n    <\/a>\n<\/article>                    <\/div>\n                                    <div class=\"col-md-3 col-sm-6\">\n                        \n\n<article id=\"post-37874\" class=\"ficha-noticia-square item post-37874 noticias type-noticias status-publish has-post-thumbnail hentry\">\n    <a href=\"https:\/\/www.elpozo.com\/en\/news\/el-pozo-alimentacion-renews-its-commitment-to-restaurants-against-hunger\/\" class=\"item\">\n        <div class=\"image medio\" style=\"background-image: url('https:\/\/www.elpozo.com\/wp-content\/uploads\/2025\/09\/20250922-foto-restaurantes-contra-el-hambre-elpozo-1-700x373.jpg'); background-size:%;\"> <\/div>\n        <div class=\"content\">\n            <h4 title=\"\">El Pozo Alimentaci\u00f3n renews its commitment to \u2018Restaurants Against Hunger\u2019<\/h4>\n            <div class=\"description\">\n                <p> Promoted by Action Against Hunger and Hosteler\u00eda de Espa\u00f1a, the initiative features chefs Quique Dacosta and Susi D\u00edaz as ambassadors ...<\/p>\n            <\/div>\n            <span class=\"date\">22 Sep 2025<\/span>\n        <\/div>\n        <div class=\"overlay\"><\/div>\n    <\/a>\n<\/article>                    <\/div>\n                                    <div class=\"col-md-3 col-sm-6\">\n                        \n\n<article id=\"post-37532\" class=\"ficha-noticia-square item post-37532 noticias type-noticias status-publish has-post-thumbnail hentry\">\n    <a href=\"https:\/\/www.elpozo.com\/en\/news\/el-pozo-alimentacion-obtains-the-iso-50001-energy-efficiency-certification\/\" class=\"item\">\n        <div class=\"image medio\" style=\"background-image: url('https:\/\/www.elpozo.com\/wp-content\/uploads\/2025\/07\/foto-planta-fotovoltaica-700x525.jpg'); background-size:%;\"> <\/div>\n        <div class=\"content\">\n            <h4 title=\"\">El Pozo Alimentaci\u00f3n obtains the ISO 50001 energy efficiency certification<\/h4>\n            <div class=\"description\">\n                <p> The company implements an efficient and continuous management system that contributes to decarbonisation El Pozo Alimentaci\u00f3n has obtained energy efficiency ...<\/p>\n            <\/div>\n            <span class=\"date\">24 Jul 2025<\/span>\n        <\/div>\n        <div class=\"overlay\"><\/div>\n    <\/a>\n<\/article>                    <\/div>\n                                    <div class=\"col-md-3 col-sm-6\">\n                        \n\n<article id=\"post-37519\" class=\"ficha-noticia-square item post-37519 noticias type-noticias status-publish has-post-thumbnail hentry\">\n    <a href=\"https:\/\/www.elpozo.com\/en\/news\/el-pozo-alimentacion-successfully-closes-its-improvement-groups-with-more-than-200-innovative-ideas\/\" class=\"item\">\n        <div class=\"image medio\" style=\"background-image: url('https:\/\/www.elpozo.com\/wp-content\/uploads\/2025\/07\/foto-grupos-de-mejora-700x474.png'); background-size:%;\"> <\/div>\n        <div class=\"content\">\n            <h4 title=\"\"> El Pozo Alimentaci\u00f3n successfully closes its Improvement Groups with more than ...<\/h4>\n            <div class=\"description\">\n                <p> This initiative, now in its 41st edition, actively involves employees in proposals for progress and improvement within the company El ...<\/p>\n            <\/div>\n            <span class=\"date\">22 Jul 2025<\/span>\n        <\/div>\n        <div class=\"overlay\"><\/div>\n    <\/a>\n<\/article>                    <\/div>\n                \n                    <\/div>\n\n                <div class=\"cta text-center\">\n            <a href=\"https:\/\/www.elpozo.com\/en\/news\/\" class=\"btn-comun btn-ver-todo\">\n                <span> View all<\/span>\n            <\/a>\n        <\/div>\n            <\/div>\n\n\n<\/div>\n\n\n\n<\/div><\/div><\/div><\/div><\/div><div id=\"pg-7474-7\"  class=\"panel-grid panel-has-style\" ><div class=\"siteorigin-panels-stretch panel-row-style panel-row-style-for-7474-7\" id=\"parallax-historia\" data-stretch-type=\"full-stretched\" ><div id=\"pgc-7474-7-0\"  class=\"panel-grid-cell\" ><div id=\"panel-7474-7-0-0\" class=\"so-panel widget widget_banner_widget panel-first-child panel-last-child\" data-index=\"12\" ><div\n\t\t\t\n\t\t\tclass=\"so-widget-banner_widget so-widget-banner_widget-base\"\n\t\t\t\n\t\t>\n\n<div class=\"widget-banner\" style=\"background-image: url('https:\/\/www.elpozo.com\/wp-content\/uploads\/2017\/05\/panoramica-logo.jpg')\" >\n\n        <div class=\"content\">\n                            <div class=\"texto\">\n                       65 years by your side                <\/div>\n            \n                          <a class=\"btn-action\" href=\"https:\/\/www.elpozo.com\/historia\/\"> Our history<\/a>\n                    <\/div>    \n\n        <img decoding=\"async\" src=\"https:\/\/www.elpozo.com\/wp-content\/uploads\/2017\/05\/panoramica-logo.jpg\" \/>\n\n<\/div>\n<\/div><\/div><\/div><\/div><\/div><\/div><!-- AddThis Advanced Settings generic via filter on the_content --><!-- AddThis Share Buttons generic via filter on the_content -->","protected":false},"excerpt":{"rendered":"ELPOZO ALIMENTACI\u00d3N We are the favourite brand of Spanish households, since four out of five consume our\u00a0products. With more than 60 years of history, we are present in 80 countries worldwide and we are a pioneer in healthy food, in fresh meat as well as processed and cured products. With a philosophy of continuous improvement,","protected":false},"author":1,"featured_media":0,"parent":0,"menu_order":0,"comment_status":"closed","ping_status":"closed","template":"templates\/template-home.php","meta":{"_acf_changed":false,"footnotes":""},"class_list":["post-7474","page","type-page","status-publish","hentry"],"acf":[],"aioseo_notices":[],"_links":{"self":[{"href":"https:\/\/www.elpozo.com\/en\/wp-json\/wp\/v2\/pages\/7474","targetHints":{"allow":["GET"]}}],"collection":[{"href":"https:\/\/www.elpozo.com\/en\/wp-json\/wp\/v2\/pages"}],"about":[{"href":"https:\/\/www.elpozo.com\/en\/wp-json\/wp\/v2\/types\/page"}],"author":[{"embeddable":true,"href":"https:\/\/www.elpozo.com\/en\/wp-json\/wp\/v2\/users\/1"}],"replies":[{"embeddable":true,"href":"https:\/\/www.elpozo.com\/en\/wp-json\/wp\/v2\/comments?post=7474"}],"version-history":[{"count":47,"href":"https:\/\/www.elpozo.com\/en\/wp-json\/wp\/v2\/pages\/7474\/revisions"}],"predecessor-version":[{"id":18669,"href":"https:\/\/www.elpozo.com\/en\/wp-json\/wp\/v2\/pages\/7474\/revisions\/18669"}],"wp:attachment":[{"href":"https:\/\/www.elpozo.com\/en\/wp-json\/wp\/v2\/media?parent=7474"}],"curies":[{"name":"wp","href":"https:\/\/api.w.org\/{rel}","templated":true}]}}