{"id":10350,"date":"2017-05-15T12:46:17","date_gmt":"2017-05-15T12:46:17","guid":{"rendered":"http:\/\/www.elpozo.com\/home\/"},"modified":"2021-06-30T06:11:58","modified_gmt":"2021-06-30T06:11:58","slug":"home","status":"publish","type":"page","link":"https:\/\/www.elpozo.com\/fr\/","title":{"rendered":"Home"},"content":{"rendered":"<div id=\"pl-10350\"  class=\"panel-layout\" ><div id=\"pg-10350-0\"  class=\"panel-grid panel-has-style\" ><div class=\"bloque-informacion  panel-row-style panel-row-style-for-10350-0\" id=\"bloque-informacion\" ><div id=\"pgc-10350-0-0\"  class=\"panel-grid-cell\" ><div id=\"panel-10350-0-0-0\" class=\"so-panel widget widget_sow-editor panel-first-child\" data-index=\"0\" ><div class=\"titulo panel-widget-style panel-widget-style-for-10350-0-0-0\" ><div\n\t\t\t\n\t\t\tclass=\"so-widget-sow-editor so-widget-sow-editor-base\"\n\t\t\t\n\t\t>\n<div class=\"siteorigin-widget-tinymce textwidget\">\n\t<h3><b>ELPOZO ALIMENTACI\u00d3N<\/b><\/h3>\n<\/div>\n<\/div><\/div><\/div><div id=\"panel-10350-0-0-1\" class=\"so-panel widget widget_sow-editor panel-last-child\" data-index=\"1\" ><div class=\"texto panel-widget-style panel-widget-style-for-10350-0-0-1\" ><div\n\t\t\t\n\t\t\tclass=\"so-widget-sow-editor so-widget-sow-editor-base\"\n\t\t\t\n\t\t>\n<div class=\"siteorigin-widget-tinymce textwidget\">\n\t<p>Nous sommes <strong>la marque pr\u00e9f\u00e9r\u00e9e des espagnols<\/strong>, puisque quatre foyers sur cinq font confiance en nos produits. Avec <strong>plus de 60 ans d\u2019histoire<\/strong>, nous sommes pr\u00e9sents dans <strong>80 pays<\/strong> \u00e0 travers le monde et nous sommes les pionniers de<strong> l\u2019alimentation saine<\/strong>, aussi bien des <strong>viandes fra\u00eeches<\/strong> que des <strong>produits \u00e9labor\u00e9s<\/strong> et <strong>s\u00e9ch\u00e9s<\/strong>. Avec une philosophie de progr\u00e8s constant, nous consacrons une grande partie de nos ressources dans la recherche et le d\u00e9veloppement <strong>d\u2019aliments \u00e9quilibr\u00e9s et nutritifs<\/strong>, qui apportent un plus de plaisir, de bien-\u00eatre et de confort.<\/p>\n<\/div>\n<\/div><\/div><\/div><\/div><div id=\"pgc-10350-0-1\"  class=\"panel-grid-cell\" ><div id=\"panel-10350-0-1-0\" class=\"so-panel widget widget_sow-image panel-first-child panel-last-child\" data-index=\"2\" ><div id=\"tostada\" class=\"panel-widget-style panel-widget-style-for-10350-0-1-0\" ><div\n\t\t\t\n\t\t\tclass=\"so-widget-sow-image so-widget-sow-image-default-4e6925654b7a-10350\"\n\t\t\t\n\t\t>\n<div class=\"sow-image-container\">\n\t\t<img \n\tsrc=\"https:\/\/www.elpozo.com\/wp-content\/uploads\/2017\/05\/home-bocadillo-xs.png\" width=\"800\" height=\"296\" srcset=\"https:\/\/www.elpozo.com\/wp-content\/uploads\/2017\/05\/home-bocadillo-xs.png 800w, https:\/\/www.elpozo.com\/wp-content\/uploads\/2017\/05\/home-bocadillo-xs-250x93.png 250w, https:\/\/www.elpozo.com\/wp-content\/uploads\/2017\/05\/home-bocadillo-xs-768x284.png 768w, https:\/\/www.elpozo.com\/wp-content\/uploads\/2017\/05\/home-bocadillo-xs-700x259.png 700w, https:\/\/www.elpozo.com\/wp-content\/uploads\/2017\/05\/home-bocadillo-xs-500x185.png 500w, https:\/\/www.elpozo.com\/wp-content\/uploads\/2017\/05\/home-bocadillo-xs-120x44.png 120w\" sizes=\"(max-width: 800px) 100vw, 800px\" alt=\"\" \t\tclass=\"so-widget-image\"\/>\n\t<\/div>\n\n<\/div><\/div><\/div><\/div><\/div><\/div><div id=\"pg-10350-1\"  class=\"panel-grid panel-has-style\" ><div class=\"panel-row-style panel-row-style-for-10350-1\" ><div id=\"pgc-10350-1-0\"  class=\"panel-grid-cell\" ><div id=\"sin-gluten\">\n        <img decoding=\"async\" src=\"https:\/\/www.elpozo.com\/wp-content\/themes\/elpozo\/img\/logos\/sin_gluten.png\" \/>\n        <div class=\"texto\">\n            <h4>TOUS NOS PRODUITS SONT PR\u00c9PAR\u00c9S <strong>SANS GLUTEN*<\/strong><\/h4>\n        <\/div>\n<\/div><div id=\"panel-10350-1-0-0\" class=\"so-panel widget widget_text panel-first-child panel-last-child\" data-index=\"3\" >\t\t\t<div class=\"textwidget\"><\/div>\n\t\t<\/div><\/div><\/div><\/div><div id=\"pg-10350-2\"  class=\"panel-grid panel-has-style\" ><div id=\"sin-gluten-descripcion\" class=\"panel-row-style panel-row-style-for-10350-2\" ><div id=\"pgc-10350-2-0\"  class=\"panel-grid-cell\" ><div id=\"panel-10350-2-0-0\" class=\"so-panel widget widget_sow-editor panel-first-child panel-last-child\" data-index=\"4\" ><div\n\t\t\t\n\t\t\tclass=\"so-widget-sow-editor so-widget-sow-editor-base\"\n\t\t\t\n\t\t>\n<div class=\"siteorigin-widget-tinymce textwidget\">\n\t<p>*TOUS LES PRODUITS PR\u00c9PAR\u00c9S PAR EL POZO ALIMENTACI\u00d3N, S.A. (RSI : ES-10.01672\/MU-CE) sont sans GLUTEN et conviennent donc pour les C\u0152LIAQUES. Compris dans la Liste Officielle FACE 2017 (F\u00e9d\u00e9ration des Associations de C\u0153liaques en Espagne), page 188.<\/p>\n<\/div>\n<\/div><\/div><\/div><\/div><\/div><div id=\"pg-10350-3\"  class=\"panel-grid panel-has-style\" ><div class=\"siteorigin-panels-stretch panel-row-style panel-row-style-for-10350-3\" id=\"categorias-productos\" data-stretch-type=\"full-stretched\" ><div id=\"pgc-10350-3-0\"  class=\"panel-grid-cell\" >\n\n    <div class=\"categorias-producto-v2\">\n\n        <h3> Nos marques<\/h3>\n        <div class=\"container-fluid\">\n            <div class=\"row no-gutter\">\n                \n                <div class=\"col-md-3 col-xs-6\">\n                    <div class=\"categoria-item\">\n                        <a href=\"https:\/\/www.elpozo.com\/fr\/categoria\/bbq-grill-fr\/\">\n                           <img decoding=\"async\" class=\"logo\" src=\"https:\/\/www.elpozo.com\/wp-content\/uploads\/2019\/02\/bbq-grill_m.png\" alt=\"BBQ &amp; Grill\" \/>\n                        <\/a>\n                    <\/div>\n                <\/div>\n                \n                <div class=\"col-md-3 col-xs-6\">\n                    <div class=\"categoria-item\">\n                        <a href=\"https:\/\/www.elpozo.com\/fr\/categoria\/serrano-fr\/\">\n                           <img decoding=\"async\" class=\"logo\" src=\"https:\/\/www.elpozo.com\/wp-content\/uploads\/2019\/02\/jamon-serrano_m.png\" alt=\"Jam\u00f3n Serrano\" \/>\n                        <\/a>\n                    <\/div>\n                <\/div>\n                \n                <div class=\"col-md-3 col-xs-6\">\n                    <div class=\"categoria-item\">\n                        <a href=\"https:\/\/www.elpozo.com\/fr\/categoria\/legado-iberico-fr\/\">\n                           <img decoding=\"async\" class=\"logo\" src=\"https:\/\/www.elpozo.com\/wp-content\/uploads\/2025\/06\/logo-legado-v2-fondo-claro.png\" alt=\"Legado Ib\u00e9rico\" \/>\n                        <\/a>\n                    <\/div>\n                <\/div>\n                \n                <div class=\"col-md-3 col-xs-6\">\n                    <div class=\"categoria-item\">\n                        <a href=\"https:\/\/www.elpozo.com\/fr\/categoria\/viandes-marinees\/\">\n                           <img decoding=\"async\" class=\"logo\" src=\"https:\/\/www.elpozo.com\/wp-content\/uploads\/2025\/04\/elpozo-extratiernos.png\" alt=\"Viandes Marin\u00e9es\" \/>\n                        <\/a>\n                    <\/div>\n                <\/div>\n                            <\/div>\n         <\/div>   \n    <\/div><div id=\"panel-10350-3-0-0\" class=\"so-panel widget widget_text panel-first-child panel-last-child\" data-index=\"5\" >\t\t\t<div class=\"textwidget\">\n<\/div>\n\t\t<\/div><\/div><\/div><\/div><div id=\"pg-10350-4\"  class=\"panel-grid panel-has-style\" ><div id=\"home-cip\" class=\"panel-row-style panel-row-style-for-10350-4\" ><div id=\"pgc-10350-4-0\"  class=\"panel-grid-cell\" >\n<div class=\"video-cip-circle\">\n    <img decoding=\"async\" id=\"cip-circle\" src=\"https:\/\/www.elpozo.com\/wp-content\/uploads\/2024\/08\/cip.jpg\">\n<\/div>\n<script>\n\n    jQuery(document).ready(function($) {\n\n        var $video = $('#cip-circle');\n        var video = $video.get(0);\n\n        var begin = $video.offset().top-$(window).height()+150;\n        var reset = $video.offset().top-450;\n\n        var isPlaying = false;\n\n        $(window).scroll(function () {\n\n            var position = $(document).scrollTop();\n\n            video.onended = function(e) {\n               isPlaying=false;\n            }\n\n            \/\/ console.log(position+'-'+begin+'-'+isPlaying+'-video time: '+video.currentTime);\n\n            if(position>begin && position<reset) {\n                if(!isPlaying){\n                    isPlaying=true;\n                    video.play();\n                }\n            }\n\n        });\n       \n\n    \n    });\n\n<\/script>\n<div id=\"panel-10350-4-0-0\" class=\"so-panel widget widget_text panel-first-child panel-last-child\" data-index=\"6\" >\t\t\t<div class=\"textwidget\"><\/div>\n\t\t<\/div><\/div><div id=\"pgc-10350-4-1\"  class=\"panel-grid-cell\" ><div id=\"panel-10350-4-1-0\" class=\"so-panel widget widget_sow-editor panel-first-child\" data-index=\"7\" ><div class=\"titulo panel-widget-style panel-widget-style-for-10350-4-1-0\" ><div\n\t\t\t\n\t\t\tclass=\"so-widget-sow-editor so-widget-sow-editor-base\"\n\t\t\t\n\t\t>\n<div class=\"siteorigin-widget-tinymce textwidget\">\n\t<h3>Avec vous du d\u00e9but \u00e0 la fin<\/h3>\n<\/div>\n<\/div><\/div><\/div><div id=\"panel-10350-4-1-1\" class=\"so-panel widget widget_sow-editor\" data-index=\"8\" ><div class=\"texto panel-widget-style panel-widget-style-for-10350-4-1-1\" ><div\n\t\t\t\n\t\t\tclass=\"so-widget-sow-editor so-widget-sow-editor-base\"\n\t\t\t\n\t\t>\n<div class=\"siteorigin-widget-tinymce textwidget\">\n\t<p>Le centre de notre effort d\u2019organisation est le CIP Contr\u00f4le Int\u00e9gral de Processus.<\/p>\n<p>De l\u2019origine jusqu\u2019au palais du consommateur, tout est contr\u00f4l\u00e9 dans ce mod\u00e8le particulier d\u2019int\u00e9gration circulaire, qui fait de nous une r\u00e9f\u00e9rence dans le monde agroalimentaire.<\/p>\n<\/div>\n<\/div><\/div><\/div><div id=\"panel-10350-4-1-2\" class=\"so-panel widget widget_sow-button panel-last-child\" data-index=\"9\" ><div class=\"custom-button panel-widget-style panel-widget-style-for-10350-4-1-2\" ><div\n\t\t\t\n\t\t\tclass=\"so-widget-sow-button so-widget-sow-button-atom-f227bc268bd2-10350\"\n\t\t\t\n\t\t><div class=\"ow-button-base ow-button-align-left\"\n>\n\t\t\t<a\n\t\t\t\t\thref=\"https:\/\/www.elpozo.com\/cip\/\"\n\t\t\t\t\tclass=\"sowb-button ow-icon-placement-left ow-button-hover\" \t>\n\t\t<span>\n\t\t\t\n\t\t\t\u00c0 D\u00c9COUVRIR\t\t<\/span>\n\t\t\t<\/a>\n\t<\/div>\n<\/div><\/div><\/div><\/div><\/div><\/div><div id=\"pg-10350-5\"  class=\"panel-grid panel-has-style\" ><div class=\"siteorigin-panels-stretch panel-row-style panel-row-style-for-10350-5\" id=\"parallax-jamon\" data-stretch-type=\"full-stretched\" ><div id=\"pgc-10350-5-0\"  class=\"panel-grid-cell\" ><div id=\"panel-10350-5-0-0\" class=\"so-panel widget widget_image_effects_widget panel-first-child panel-last-child\" data-index=\"10\" ><div class=\"panel-widget-style panel-widget-style-for-10350-5-0-0\" ><div\n\t\t\t\n\t\t\tclass=\"so-widget-image_effects_widget so-widget-image_effects_widget-base\"\n\t\t\t\n\t\t>\n\n<div class=\"widget-image-effects  \" >\n\n        <div class=\"content\">\n            \n                    <\/div>    \n\n        <div class=\"background-image\" style=\"background-image: url('https:\/\/www.elpozo.com\/wp-content\/uploads\/2017\/06\/legado-header.jpg'); \">\n\n            \n            \n        <\/div>\n\n<\/div>\n<\/div><\/div><\/div><\/div><\/div><\/div><div id=\"pg-10350-6\"  class=\"panel-grid panel-has-style\" ><div class=\"siteorigin-panels-stretch panel-row-style panel-row-style-for-10350-6\" data-stretch-type=\"full\" ><div id=\"pgc-10350-6-0\"  class=\"panel-grid-cell\" ><div id=\"panel-10350-6-0-0\" class=\"so-panel widget widget_news_widget panel-first-child panel-last-child\" data-index=\"11\" ><div\n\t\t\t\n\t\t\tclass=\"so-widget-news_widget so-widget-news_widget-base\"\n\t\t\t\n\t\t>\n\n<div class=\"widget-noticias\">\n\n\n\n    <div class=\"container bigger\">\n        <h2>News<\/h2>\n        <div class=\"row\">\n                                                <div class=\"col-md-3 col-sm-6\">\n                        \n\n<article id=\"post-38321\" class=\"ficha-noticia-square item post-38321 noticias type-noticias status-publish has-post-thumbnail hentry\">\n    <a href=\"https:\/\/www.elpozo.com\/fr\/news\/el-pozo-alimentacion-nouveau-sponsor-de-lequipe-nationale-espagnole-de-football\/\" class=\"item\">\n        <div class=\"image medio\" style=\"background-image: url('https:\/\/www.elpozo.com\/wp-content\/uploads\/2026\/01\/20260129-foto-patrocinio-rfef-elpozo-700x444.jpg'); background-size:%;\"> <\/div>\n        <div class=\"content\">\n            <h4 title=\"\"> El Pozo Alimentaci\u00f3n, nouveau sponsor de l\u2019\u00c9quipe nationale espagnole de football ...<\/h4>\n            <div class=\"description\">\n                <p> La marque la plus choisie par les foyers espagnols accompagnera La\u00a0Roja jusqu\u2019en 2030 El Pozo Alimentaci\u00f3n sera sponsor officiel de ...<\/p>\n            <\/div>\n            <span class=\"date\">3 F\u00e9v 2026<\/span>\n        <\/div>\n        <div class=\"overlay\"><\/div>\n    <\/a>\n<\/article>                    <\/div>\n                                    <div class=\"col-md-3 col-sm-6\">\n                        \n\n<article id=\"post-37879\" class=\"ficha-noticia-square item post-37879 noticias type-noticias status-publish has-post-thumbnail hentry\">\n    <a href=\"https:\/\/www.elpozo.com\/fr\/news\/el-pozo-alimentacion-renouvelle-son-engagement-aupres-de-restaurants-contre-la-faim\/\" class=\"item\">\n        <div class=\"image medio\" style=\"background-image: url('https:\/\/www.elpozo.com\/wp-content\/uploads\/2025\/09\/20250922-foto-restaurantes-contra-el-hambre-elpozo-1-700x373.jpg'); background-size:%;\"> <\/div>\n        <div class=\"content\">\n            <h4 title=\"\"> El Pozo Alimentaci\u00f3n renouvelle son engagement aupr\u00e8s de \u00ab Restaurants contre ...<\/h4>\n            <div class=\"description\">\n                <p> L&rsquo;organisation Acci\u00f3n contra el Hambre y Hosteler\u00eda de Espa\u00f1a, repr\u00e9sent\u00e9e par Quique Dacosta et Susi D\u00edaz en tant qu\u2019ambassadeurs, est ...<\/p>\n            <\/div>\n            <span class=\"date\">23 Sep 2025<\/span>\n        <\/div>\n        <div class=\"overlay\"><\/div>\n    <\/a>\n<\/article>                    <\/div>\n                                    <div class=\"col-md-3 col-sm-6\">\n                        \n\n<article id=\"post-37533\" class=\"ficha-noticia-square item post-37533 noticias type-noticias status-publish has-post-thumbnail hentry\">\n    <a href=\"https:\/\/www.elpozo.com\/fr\/news\/el-pozo-alimentacion-obtient-la-certification-iso-50001-en-matiere-defficacite-energetique\/\" class=\"item\">\n        <div class=\"image medio\" style=\"background-image: url('https:\/\/www.elpozo.com\/wp-content\/uploads\/2025\/07\/foto-planta-fotovoltaica-700x525.jpg'); background-size:%;\"> <\/div>\n        <div class=\"content\">\n            <h4 title=\"\"> El Pozo Alimentaci\u00f3n obtient la certification ISO 50001 en mati\u00e8re d&rsquo;efficacit\u00e9 ...<\/h4>\n            <div class=\"description\">\n                <p> L&rsquo;entreprise met en \u0153uvre un syst\u00e8me de gestion efficace et continu qui contribue \u00e0 la d\u00e9carbonisation El Pozo Alimentaci\u00f3n a ...<\/p>\n            <\/div>\n            <span class=\"date\">24 Juil 2025<\/span>\n        <\/div>\n        <div class=\"overlay\"><\/div>\n    <\/a>\n<\/article>                    <\/div>\n                                    <div class=\"col-md-3 col-sm-6\">\n                        \n\n<article id=\"post-37348\" class=\"ficha-noticia-square item post-37348 noticias type-noticias status-publish has-post-thumbnail hentry\">\n    <a href=\"https:\/\/www.elpozo.com\/fr\/news\/el-pozo-grupo-fuertes-dans-le-top-50-des-entreprises-les-plus-reputees-despagne\/\" class=\"item\">\n        <div class=\"image medio\" style=\"background-image: url('https:\/\/www.elpozo.com\/wp-content\/uploads\/2025\/06\/vista-aerea-elpozo-alimentacion-foto-de-blas-martinez-700x190.jpg'); background-size:%;\"> <\/div>\n        <div class=\"content\">\n            <h4 title=\"\"> El Pozo- Grupo Fuertes, dans le top 50 des entreprises les ...<\/h4>\n            <div class=\"description\">\n                <p> Selon la 25e \u00e9dition de Merco, entreprises et dirigeants, consid\u00e9r\u00e9 comme le plus important Moniteur de r\u00e9putation d\u2019entreprises au monde ...<\/p>\n            <\/div>\n            <span class=\"date\">17 Juin 2025<\/span>\n        <\/div>\n        <div class=\"overlay\"><\/div>\n    <\/a>\n<\/article>                    <\/div>\n                \n                    <\/div>\n\n                <div class=\"cta text-center\">\n            <a href=\"https:\/\/www.elpozo.com\/fr\/news\/\" class=\"btn-comun btn-ver-todo\">\n                <span> Tout voir<\/span>\n            <\/a>\n        <\/div>\n            <\/div>\n\n\n<\/div>\n\n\n\n<\/div><\/div><\/div><\/div><\/div><div id=\"pg-10350-7\"  class=\"panel-grid panel-has-style\" ><div class=\"siteorigin-panels-stretch panel-row-style panel-row-style-for-10350-7\" id=\"parallax-historia\" data-stretch-type=\"full-stretched\" ><div id=\"pgc-10350-7-0\"  class=\"panel-grid-cell\" ><div id=\"panel-10350-7-0-0\" class=\"so-panel widget widget_banner_widget panel-first-child panel-last-child\" data-index=\"12\" ><div\n\t\t\t\n\t\t\tclass=\"so-widget-banner_widget so-widget-banner_widget-base\"\n\t\t\t\n\t\t>\n\n<div class=\"widget-banner\" style=\"background-image: url('https:\/\/www.elpozo.com\/wp-content\/uploads\/2017\/05\/panoramica-logo.jpg')\" >\n\n        <div class=\"content\">\n                            <div class=\"texto\">\n                       65 ans \u00e0 vos c\u00f4t\u00e9s                <\/div>\n            \n                          <a class=\"btn-action\" href=\"https:\/\/www.elpozo.com\/historia\/\"> Notre histoire<\/a>\n                    <\/div>    \n\n        <img decoding=\"async\" src=\"https:\/\/www.elpozo.com\/wp-content\/uploads\/2017\/05\/panoramica-logo.jpg\" \/>\n\n<\/div>\n<\/div><\/div><\/div><\/div><\/div><\/div><!-- AddThis Advanced Settings generic via filter on the_content --><!-- AddThis Share Buttons generic via filter on the_content -->","protected":false},"excerpt":{"rendered":"ELPOZO ALIMENTACI\u00d3N Nous sommes la marque pr\u00e9f\u00e9r\u00e9e des espagnols, puisque quatre foyers sur cinq font confiance en nos produits. Avec plus de 60 ans d\u2019histoire, nous sommes pr\u00e9sents dans 80 pays \u00e0 travers le monde et nous sommes les pionniers de l\u2019alimentation saine, aussi bien des viandes fra\u00eeches que des produits \u00e9labor\u00e9s et s\u00e9ch\u00e9s. Avec","protected":false},"author":1,"featured_media":0,"parent":0,"menu_order":0,"comment_status":"closed","ping_status":"closed","template":"templates\/template-home.php","meta":{"_acf_changed":false,"footnotes":""},"class_list":["post-10350","page","type-page","status-publish","hentry"],"acf":[],"aioseo_notices":[],"_links":{"self":[{"href":"https:\/\/www.elpozo.com\/fr\/wp-json\/wp\/v2\/pages\/10350","targetHints":{"allow":["GET"]}}],"collection":[{"href":"https:\/\/www.elpozo.com\/fr\/wp-json\/wp\/v2\/pages"}],"about":[{"href":"https:\/\/www.elpozo.com\/fr\/wp-json\/wp\/v2\/types\/page"}],"author":[{"embeddable":true,"href":"https:\/\/www.elpozo.com\/fr\/wp-json\/wp\/v2\/users\/1"}],"replies":[{"embeddable":true,"href":"https:\/\/www.elpozo.com\/fr\/wp-json\/wp\/v2\/comments?post=10350"}],"version-history":[{"count":17,"href":"https:\/\/www.elpozo.com\/fr\/wp-json\/wp\/v2\/pages\/10350\/revisions"}],"predecessor-version":[{"id":10351,"href":"https:\/\/www.elpozo.com\/fr\/wp-json\/wp\/v2\/pages\/10350\/revisions\/10351"}],"wp:attachment":[{"href":"https:\/\/www.elpozo.com\/fr\/wp-json\/wp\/v2\/media?parent=10350"}],"curies":[{"name":"wp","href":"https:\/\/api.w.org\/{rel}","templated":true}]}}