{"id":10358,"date":"2017-07-12T07:51:51","date_gmt":"2017-07-12T07:51:51","guid":{"rendered":"http:\/\/www.elpozo.com\/mision-vision-y-valores\/"},"modified":"2019-02-08T07:46:16","modified_gmt":"2019-02-08T07:46:16","slug":"mission-vision-et-valeurs","status":"publish","type":"page","link":"https:\/\/www.elpozo.com\/fr\/mission-vision-et-valeurs\/","title":{"rendered":"Mission, vision et valeurs"},"content":{"rendered":"<div id=\"pl-10358\"  class=\"panel-layout\" ><div id=\"pg-10358-0\"  class=\"panel-grid panel-has-style\" ><div class=\"mvv siteorigin-panels-stretch panel-row-style panel-row-style-for-10358-0\" id=\"mision\" data-stretch-type=\"full\" ><div id=\"pgc-10358-0-0\"  class=\"panel-grid-cell\" ><div id=\"panel-10358-0-0-0\" class=\"so-panel widget widget_feature_widget panel-first-child panel-last-child\" data-index=\"0\" ><div\n\t\t\t\n\t\t\tclass=\"so-widget-feature_widget so-widget-feature_widget-base\"\n\t\t\t\n\t\t>\n\n<div class=\"widget-feature\" id=\"info-2187\" >\n\n\t<div class=\"background-image\" style=\"background-image: url('https:\/\/www.elpozo.com\/wp-content\/uploads\/2017\/07\/vision-250x250.png')\"><\/div>\n\t<h2 class=\"title\">Vision<\/h2>\n\t<div class=\"description\">\n\t\t<p>\u00catre une entreprise de r\u00e9f\u00e9rence mondiale dans l\u2019alimentation et la nutrition, bas\u00e9e sur les piliers de l\u2019innovation, la marque et la comp\u00e9titivit\u00e9. Nous sommes engag\u00e9s pour la g\u00e9n\u00e9ration de la valeur et d\u2019avenir \u00e0 long terme pour les clients, les fournisseurs, les employ\u00e9s, la soci\u00e9t\u00e9 et les actionnaires.<\/p>\n\t<\/div>\n<\/div>\n\n\n\n<\/div><\/div><\/div><div id=\"pgc-10358-0-1\"  class=\"panel-grid-cell\" ><div id=\"panel-10358-0-1-0\" class=\"so-panel widget widget_feature_widget panel-first-child panel-last-child\" data-index=\"1\" ><div\n\t\t\t\n\t\t\tclass=\"so-widget-feature_widget so-widget-feature_widget-base\"\n\t\t\t\n\t\t>\n\n<div class=\"widget-feature\" id=\"info-6513\" >\n\n\t<div class=\"background-image\" style=\"background-image: url('https:\/\/www.elpozo.com\/wp-content\/uploads\/2017\/07\/misiion-250x250.png')\"><\/div>\n\t<h2 class=\"title\">Mission<\/h2>\n\t<div class=\"description\">\n\t\t<p><strong>Fournir au monde de la viande et ses d\u00e9riv\u00e9s, sains et nutritifs.<\/strong><\/p>\n<p><strong>Pour cela, nous misons sur:<\/strong><\/p>\n<ul>\n<li>Le d\u00e9veloppement du quota national, l\u2019impulsion d\u00e9cid\u00e9e de l\u2019exportation et le pari pour les alliances d\u2019internationalisation.<\/li>\n<li>L\u2019\u00e9laboration de solutions comp\u00e9titives, aussi bien concernant la viande et les pr\u00e9parations fra\u00eeches que les \u00e9laborations et les plats pr\u00e9par\u00e9s.<\/li>\n<li>L\u2019unification et le renforcement de la marque.<\/li>\n<\/ul>\n\t<\/div>\n<\/div>\n\n\n\n<\/div><\/div><\/div><div id=\"pgc-10358-0-2\"  class=\"panel-grid-cell\" ><div id=\"panel-10358-0-2-0\" class=\"so-panel widget widget_feature_widget panel-first-child panel-last-child\" data-index=\"2\" ><div\n\t\t\t\n\t\t\tclass=\"so-widget-feature_widget so-widget-feature_widget-base\"\n\t\t\t\n\t\t>\n\n<div class=\"widget-feature\" id=\"info-6398\" >\n\n\t<div class=\"background-image\" style=\"background-image: url('https:\/\/www.elpozo.com\/wp-content\/uploads\/2017\/07\/valores-250x164.png')\"><\/div>\n\t<h2 class=\"title\">Valeurs<\/h2>\n\t<div class=\"description\">\n\t\t<p>Pari pour les valeurs qui ont d\u00e9termin\u00e9 notre identit\u00e9, pour se tourner vers l\u2019avenir avec une pleine garantie.<\/p>\n<p><strong>Excellence \u00b7 Effort \u00b7 Passion \u00b7 Travail \u00b7 Proximit\u00e9 \u00b7 Humilit\u00e9 \u00b7 Int\u00e9grit\u00e9 \u00b7 Sens Commun<br \/>\n<\/strong><\/p>\n\t<\/div>\n<\/div>\n\n\n\n<\/div><\/div><\/div><\/div><\/div><div id=\"pg-10358-1\"  class=\"panel-grid panel-has-style\" ><div class=\"siteorigin-panels-stretch panel-row-style panel-row-style-for-10358-1\" data-stretch-type=\"full-stretched\" ><div id=\"pgc-10358-1-0\"  class=\"panel-grid-cell\" ><div id=\"panel-10358-1-0-0\" class=\"so-panel widget widget_image_effects_widget panel-first-child panel-last-child\" data-index=\"3\" ><div\n\t\t\t\n\t\t\tclass=\"so-widget-image_effects_widget so-widget-image_effects_widget-base\"\n\t\t\t\n\t\t>\n\n<div class=\"widget-image-effects  \" >\n\n        <div class=\"content\">\n            \n                    <\/div>    \n\n        <div class=\"background-image\" style=\"background-image: url('https:\/\/www.elpozo.com\/wp-content\/uploads\/2017\/07\/runner-byn.jpg'); \">\n\n                            <div class=\"overlay\" style=\"background-color: rgba(0, 0, 0, 0.3);\"><\/div>\n            \n            \n        <\/div>\n\n<\/div>\n<\/div><\/div><\/div><\/div><\/div><div id=\"pg-10358-2\"  class=\"panel-grid panel-has-style\" ><div class=\"mvv title panel-row-style panel-row-style-for-10358-2\" ><div id=\"pgc-10358-2-0\"  class=\"panel-grid-cell\" ><div id=\"panel-10358-2-0-0\" class=\"so-panel widget widget_sow-editor panel-first-child panel-last-child\" data-index=\"4\" ><div\n\t\t\t\n\t\t\tclass=\"so-widget-sow-editor so-widget-sow-editor-base\"\n\t\t\t\n\t\t><h3 class=\"widget-title\">ELPOZO<\/h3>\n<div class=\"siteorigin-widget-tinymce textwidget\">\n\t<h4>Plus de 6.400 professionnels ensemble.<\/h4>\n<\/div>\n<\/div><\/div><\/div><\/div><\/div><div id=\"pg-10358-3\"  class=\"panel-grid panel-has-style\" ><div class=\"mvv  siteorigin-panels-stretch panel-row-style panel-row-style-for-10358-3\" data-stretch-type=\"full\" ><div id=\"pgc-10358-3-0\"  class=\"panel-grid-cell\" ><div id=\"panel-10358-3-0-0\" class=\"so-panel widget widget_sow-editor panel-first-child panel-last-child\" data-index=\"5\" ><div\n\t\t\t\n\t\t\tclass=\"so-widget-sow-editor so-widget-sow-editor-base\"\n\t\t\t\n\t\t>\n<div class=\"siteorigin-widget-tinymce textwidget\">\n\t<p>ELPOZO ALIMENTACI\u00d3N est l\u2019entreprise la plus importante du holding Grupo Fuertes et elle se consacre \u00e0 la pr\u00e9paration de produits \u00e0 base de viande, sains et nutritifs.<\/p>\n<p>Les origines de l\u2019entreprise remontent \u00e0 1935, avec l\u2019ouverture d\u2019un modeste \u00e9tablissement de produits alimentaires situ\u00e9 sur la place \u2018El Pozo Concejil\u2019, dans la commune murcienne d\u2019Alhama de Murcia. C\u2019est en 1954 que son activit\u00e9 industrielle a d\u00e9but\u00e9 avec la premi\u00e8re usine de charcuterie et, depuis lors, elle a connu une croissance constante, bas\u00e9e sur une strat\u00e9gie de r\u00e9investissement et d\u2019am\u00e9lioration continue.<\/p>\n<\/div>\n<\/div><\/div><\/div><div id=\"pgc-10358-3-1\"  class=\"panel-grid-cell\" ><div id=\"panel-10358-3-1-0\" class=\"so-panel widget widget_sow-editor panel-first-child panel-last-child\" data-index=\"6\" ><div\n\t\t\t\n\t\t\tclass=\"so-widget-sow-editor so-widget-sow-editor-base\"\n\t\t\t\n\t\t>\n<div class=\"siteorigin-widget-tinymce textwidget\">\n\t<p>Le chiffre d\u2019affaires de la compagnie a d\u00e9pass\u00e9 le milliard d\u2019euros lors du dernier exercice, entra\u00eenant une augmentation de 7,9%, et le domaine des investissements a atteint les 45 millions, visant principalement \u00e0 augmenter la science et la comp\u00e9titivit\u00e9 sur une march\u00e9 de plus en plus mondialis\u00e9. Son effectif actuel d\u00e9passe \u00e0 pr\u00e9sent les 4.150 salari\u00e9s.<\/p>\n<p>ELPOZO ALIMENTACI\u00d3N est une entreprise cent pour cent familiale, avec un mod\u00e8le d\u2019affaires efficient, humain, social et responsable de l\u2019environnement.<\/p>\n<\/div>\n<\/div><\/div><\/div><div id=\"pgc-10358-3-2\"  class=\"panel-grid-cell\" ><div id=\"panel-10358-3-2-0\" class=\"so-panel widget widget_sow-editor panel-first-child panel-last-child\" data-index=\"7\" ><div\n\t\t\t\n\t\t\tclass=\"so-widget-sow-editor so-widget-sow-editor-base\"\n\t\t\t\n\t\t>\n<div class=\"siteorigin-widget-tinymce textwidget\">\n\t<p>L\u2019innovation est le pilier de base de sa philosophie d\u2019entreprise, qui s\u2019applique \u00e0 tous les domaines de l\u2019entreprise, depuis les processus de production et l\u2019implantation des nouvelles technologies jusqu\u2019au lancement de nouveaux produits qui peuvent am\u00e9liorer le bien-\u00eatre et la sant\u00e9 de ses consommateurs.<\/p>\n<p>Elle dispose d\u2019un unique centre de production \u00e0 Alhama de Murcia, avec 250.000 m2 de superficie construite et une capacit\u00e9 pour transformer jusqu\u2019\u00e0 18.000 porcs au quotidien.<\/p>\n<\/div>\n<\/div><\/div><\/div><\/div><\/div><\/div><!-- AddThis Advanced Settings generic via filter on the_content --><!-- AddThis Share Buttons generic via filter on the_content -->","protected":false},"excerpt":{"rendered":"Vision \u00catre une entreprise de r\u00e9f\u00e9rence mondiale dans l\u2019alimentation et la nutrition, bas\u00e9e sur les piliers de l\u2019innovation, la marque et la comp\u00e9titivit\u00e9. Nous sommes engag\u00e9s pour la g\u00e9n\u00e9ration de la valeur et d\u2019avenir \u00e0 long terme pour les clients, les fournisseurs, les employ\u00e9s, la soci\u00e9t\u00e9 et les actionnaires. Mission Fournir au monde de la","protected":false},"author":1,"featured_media":7799,"parent":0,"menu_order":0,"comment_status":"closed","ping_status":"closed","template":"templates\/template-normal.php","meta":{"_acf_changed":false,"footnotes":""},"class_list":["post-10358","page","type-page","status-publish","has-post-thumbnail","hentry"],"acf":[],"aioseo_notices":[],"_links":{"self":[{"href":"https:\/\/www.elpozo.com\/fr\/wp-json\/wp\/v2\/pages\/10358","targetHints":{"allow":["GET"]}}],"collection":[{"href":"https:\/\/www.elpozo.com\/fr\/wp-json\/wp\/v2\/pages"}],"about":[{"href":"https:\/\/www.elpozo.com\/fr\/wp-json\/wp\/v2\/types\/page"}],"author":[{"embeddable":true,"href":"https:\/\/www.elpozo.com\/fr\/wp-json\/wp\/v2\/users\/1"}],"replies":[{"embeddable":true,"href":"https:\/\/www.elpozo.com\/fr\/wp-json\/wp\/v2\/comments?post=10358"}],"version-history":[{"count":7,"href":"https:\/\/www.elpozo.com\/fr\/wp-json\/wp\/v2\/pages\/10358\/revisions"}],"predecessor-version":[{"id":10768,"href":"https:\/\/www.elpozo.com\/fr\/wp-json\/wp\/v2\/pages\/10358\/revisions\/10768"}],"wp:featuredmedia":[{"embeddable":true,"href":"https:\/\/www.elpozo.com\/fr\/wp-json\/wp\/v2\/media\/7799"}],"wp:attachment":[{"href":"https:\/\/www.elpozo.com\/fr\/wp-json\/wp\/v2\/media?parent=10358"}],"curies":[{"name":"wp","href":"https:\/\/api.w.org\/{rel}","templated":true}]}}