{"id":10389,"date":"2017-05-16T11:28:24","date_gmt":"2017-05-16T11:28:24","guid":{"rendered":"http:\/\/www.elpozo.com\/politica-de-cookies\/"},"modified":"2025-07-09T11:33:13","modified_gmt":"2025-07-09T09:33:13","slug":"politique-de-cookies","status":"publish","type":"page","link":"https:\/\/www.elpozo.com\/fr\/politique-de-cookies\/","title":{"rendered":"Politique de cookies"},"content":{"rendered":"<div id=\"pl-10389\"  class=\"panel-layout\" ><div id=\"pg-10389-0\"  class=\"panel-grid panel-no-style\" ><div id=\"pgc-10389-0-0\"  class=\"panel-grid-cell\" ><div id=\"panel-10389-0-0-0\" class=\"so-panel widget widget_sow-editor panel-first-child panel-last-child\" data-index=\"0\" ><div\n\t\t\t\n\t\t\tclass=\"so-widget-sow-editor so-widget-sow-editor-base\"\n\t\t\t\n\t\t>\n<div class=\"siteorigin-widget-tinymce textwidget\">\n\t<h3><strong>1.- UTILISATION DE COOKIES SUR LE SITE WEB D\u2019ELPOZO<\/strong><\/h3>\n<p>Le site web d\u2019ElPozo, utilise GOOGLE ANALYTICS, un service d\u2019analyse con\u00e7u par Google qui permet de mesurer et analyser la navigation sur les sites web \u00e0 travers des cookies. Les cookies sont des fichiers qui peuvent se t\u00e9l\u00e9charger dans votre terminal \u00e0 travers des sites web. L\u2019objectif des cookies est de faciliter \u00e0 l\u2019Utilisateur un acc\u00e8s plus rapide aux services du site web, ainsi que leur personnalisation, en facilitant et en offrant \u00e0 chaque Utilisateur des informations susceptibles de l\u2019int\u00e9resser, par rapport \u00e0 la mani\u00e8re dont il utilise les services mentionn\u00e9s. Le Site Web d\u2019ElPozo utilise ces cookies pour faciliter et optimiser au maximum la navigation de l\u2019Utilisateur. Les cookies s\u2019associent exclusivement \u00e0 un Utilisateur anonyme et son ordinateur, et ne fournissent aucunes r\u00e9f\u00e9rences permettant d\u2019obtenir ou d\u00e9duire les donn\u00e9es personnelles de l\u2019Utilisateur. L\u2019Utilisateur pourra configurer son navigateur pour informer et refuser l\u2019installation des cookies du site web d\u2019ElPozo, sans pour cela emp\u00eacher l\u2019Utilisateur d\u2019acc\u00e9der aux contenus. Cependant, nous vous pr\u00e9cisons que, dans tous les cas, la qualit\u00e9 de fonctionnement du site web peut diminuer.<\/p>\n<h3><strong>2.- \u00a0TYPES DE COOKIES ET FINALIT\u00c9 <\/strong><\/h3>\n<p>En fonction de l\u2019organisme qui g\u00e8re les cookies, ceux-ci peuvent \u00eatre class\u00e9s par groupes:<\/p>\n<ul>\n<li><strong>Propres cookies<\/strong> : ce sont ceux qui sont envoy\u00e9s au terminal de l\u2019utilisateur d\u2019un appareil ou domaine g\u00e9r\u00e9 par le propre \u00e9diteur et depuis lequel le service demand\u00e9 par l\u2019utilisateur est fourni.<\/li>\n<li><strong>Cookies de tiers<\/strong> : Ce sont ceux qui sont envoy\u00e9s au terminal de l\u2019utilisateur depuis un appareil ou domaine qui n\u2019est pas g\u00e9r\u00e9 par l\u2019\u00e9diteur, mais par un autre organisme qui traite les donn\u00e9es obtenues \u00e0 travers les cookies.<br \/>\nSelon la dur\u00e9e pendant laquelle ils sont activ\u00e9s dans le terminal, ils se divisent comme suit :<\/li>\n<li><strong>Cookies de session<\/strong> : Ils sont con\u00e7us pour obtenir et stocker des donn\u00e9es pendant que l\u2019utilisateur acc\u00e8de \u00e0 un site web.<\/li>\n<li><strong>Cookies persistants<\/strong> : Type de cookies dans lesquels les donn\u00e9es sont stock\u00e9es dans le terminal et peuvent \u00eatre accept\u00e9es et trait\u00e9es pendant une p\u00e9riode d\u00e9finie par le responsable du cookie, et qui peut \u00eatre de quelques minutes \u00e0 plusieurs ann\u00e9es.<\/li>\n<\/ul>\n<p>Selon leur finalit\u00e9, ils sont class\u00e9s comme suit :<\/p>\n<ul>\n<li><strong>Cookies techniques<\/strong><\/li>\n<li><strong>Cookies de personnalisation<\/strong><\/li>\n<li><strong>Cookies d\u2019analyse<\/strong><\/li>\n<li><strong>Cookies publicitaires<\/strong><\/li>\n<li><strong>Cookies de publicit\u00e9<\/strong><\/li>\n<\/ul>\n<p>Certains des cookies que nous utilisons et pourquoi nous les utilisons sont expliqu\u00e9s ci-dessous\u00a0:<\/p>\n<p>[wcc_category_list]<\/p>\n<h3><strong>3.- GESTION DE POLITIQUE DE COOKIES DE LA PART DE L\u2019UTILISATEUR <\/strong><\/h3>\n<p>ElPozo, montre sur la partie sup\u00e9rieure de son site Web, des informations sur une partie de sa politique de cookies \u00e0 chaque connexion, dans le but que l\u2019utilisateur en prenne conscience. Sur ces informations, les actions suivantes peuvent \u00eatre r\u00e9alis\u00e9es :<\/p>\n<ul type=\"disc\">\n<li><strong>Accepter les cookies<\/strong>. Cet avertissement ne r\u00e9appara\u00eetra pas en acc\u00e9dant \u00e0 l\u2019une des pages du portail pendant la pr\u00e9sente session.<\/li>\n<li><strong>Fermer<\/strong>. L\u2019avertissement n\u2019appara\u00eet pas sur la pr\u00e9sente page.<\/li>\n<li><strong>Modifier sa configuration<\/strong>. Vous pourrez obtenir plus d\u2019informations sur les cookies, conna\u00eetre la Politique de cookies d\u2019ElPozo et modifier la configuration de votre navigateur.<\/li>\n<\/ul>\n<p><\/p>\n<h3><strong>4.-\u00a0 D\u00c9SACTIVATION DES COOKIES<\/strong><\/h3>\n<p>En tant qu\u2019utilisateur, vous pouvez restreindre, bloquer, ou effacer les cookies des sites web. La majorit\u00e9 des navigateurs actuels permettent de changer la configuration des cookies. Les r\u00e9glages peuvent \u00eatre r\u00e9alis\u00e9s dans le menu de votre navigateur en options ou pr\u00e9f\u00e9rences.<\/p>\n<p>\u00c9tant donn\u00e9 que chaque navigateur utilise une m\u00e9thode diff\u00e9rente, la fonction aide de votre navigateur vous indiquera comme le faire.<\/p>\n<ul type=\"disc\">\n<li><strong>Internet Explorer: <\/strong><a href=\"http:\/\/windows.microsoft.com\/es-xl\/internet-explorer\/delete-manage-cookies#ie=ie-10\">windows.microsoft.com\/es-xl\/internet-explorer\/delete-manage-cookies#ie=\"ie-10\" <\/a><\/li>\n<li><strong>FireFox: <\/strong><a href=\"https:\/\/support.mozilla.org\/es\/kb\/Borrar%20cookies\">support.mozilla.org\/es\/kb\/Borrar%20cookies <\/a><\/li>\n<li><strong>Chrome: <\/strong><a href=\"https:\/\/support.google.com\/chrome\/answer\/95647?hl=es\">support.google.com\/chrome\/answer\/95647?hl=\"es\" <\/a><\/li>\n<li><strong>Safari: <\/strong><a href=\"http:\/\/www.apple.com\/es\/privacy\/use-of-cookies\/\">www.apple.com\/es\/privacy\/use-of-cookies\/ <\/a><\/li>\n<\/ul>\n<p>Plus d\u2019informations et d\u2019indications sont propos\u00e9es ci-apr\u00e8s, sur les \u00e9tapes pour acc\u00e9der au menu de configuration des cookies et, le cas \u00e9ch\u00e9ant, de la navigation priv\u00e9e dans chacun des navigateurs principaux.<\/p>\n<ul>\n<li><strong>Internet Explorer<\/strong>:\u00a0 Outils -&gt; Options Internet -&gt; Confidentialit\u00e9 -&gt; Configuration<\/li>\n<\/ul>\n<p>Pour plus d\u2019informations, vous pouvez consulter le <a href=\"http:\/\/windows.microsoft.com\/es-ES\/windows\/support\">support de Microsoft<\/a> ou l\u2019aide du navigateur.<\/p>\n<ul>\n<li><strong>Firefox<\/strong>: \u00a0Outils -&gt; Options -&gt; Confidentialit\u00e9 -&gt; Historique -&gt; Configuration personnalis\u00e9e<\/li>\n<\/ul>\n<p>Para m\u00e1s informaci\u00f3n, puede consultar el <a href=\"http:\/\/support.mozilla.org\/es\/home\">soporte de Mozilla<\/a> o la Ayuda del navegador.<br \/>Pour plus d\u2019informations, vous pouvez consulter le support de Mozilla ou l\u2019aide du navigateur.<\/p>\n<ul>\n<li><strong>Chrome<\/strong>: Configuration -&gt; Options avanc\u00e9es -&gt; Confidentialit\u00e9 -&gt; Configuration du contenu<\/li>\n<\/ul>\n<p>Pour plus d\u2019informations, vous pouvez consulter le <a href=\"http:\/\/support.google.com\/chrome\/?hl=es\">support de Google<\/a> ou l\u2019aide du navigateur.<\/p>\n<ul>\n<li><strong>Safari<\/strong>: Pr\u00e9f\u00e9rences -&gt; S\u00e9curit\u00e9.<\/li>\n<\/ul>\n<p>Pour plus d\u2019informations, vous pouvez consulter le <a href=\"http:\/\/www.apple.com\/es\/support\/safari\/\">support d\u2019Apple<\/a> ou l\u2019aide du navigateur.<\/p>\n<p>Il existe \u00e9galement des outils pour la gestion de stockage de vos cookies tels que ceux indiqu\u00e9s ci-apr\u00e8s :<\/p>\n<ul>\n<li>Ghostery: <a href=\"http:\/\/www.ghostery.com\/\">www.ghostery.com\/ <\/a><\/li>\n<li>Your online choices: <a href=\"http:\/\/www.youronlinechoices.com\/es\/\">www.youronlinechoices.com\/es\/ <\/a><\/li>\n<\/ul>\n<p>Dans tous les cas, vous pouvez trouver plus d\u2019informations sur le sujet et d\u00e9sactiver l\u2019utilisation de ces cookies <a href=\"http:\/\/www.google.es\/intl\/es\/analytics\/privacyoverview.html%20\">www.google.es\/intl\/es\/analytics\/privacyoverview.html <\/a><\/p>\n<h3><strong>5.- MISES \u00c0 JOUR ET CHANGEMENTS DANS LA POLITIQUE DE COOKIES DU SITE WEB <\/strong><\/h3>\n<p>Le Site Web d\u2019ElPozo peut modifier cette Politique de cookies en fonction des exigences l\u00e9gislatives, r\u00e9glementaires, ou dans l\u2019objectif d\u2019adapter cette politique aux instructions dict\u00e9es par l\u2019Agence Espagnole de Protection de Donn\u00e9es. Il est vivement conseill\u00e9 aux Utilisateurs de la consulter r\u00e9guli\u00e8rement. Lorsque des changements significatifs se produiront dans cette Politique de cookies, ils seront communiqu\u00e9s aux Utilisateurs par le site web ou bien par courrier \u00e9lectronique aux Utilisateurs enregistr\u00e9s.<\/p>\n<p>Pour toute consultation, vous pouvez nous contacter \u00e0 l\u2019adresse e-mail suivante : <a href=\"mailto:protecciondedatos@grupofuertes.com\">protecciondedatos@grupofuertes.com<\/a>, \u00e0 l\u2019attention d\u2019Elena Mar\u00edn Lorente.<\/p>\n<\/div>\n<\/div><\/div><\/div><\/div><\/div><!-- AddThis Advanced Settings generic via filter on the_content --><!-- AddThis Share Buttons generic via filter on the_content -->","protected":false},"excerpt":{"rendered":"1.- UTILISATION DE COOKIES SUR LE SITE WEB D\u2019ELPOZOLe site web d\u2019ElPozo, utilise GOOGLE ANALYTICS, un service d\u2019analyse con\u00e7u par Google qui permet de mesurer et analyser la navigation sur les sites web \u00e0 travers des cookies. Les cookies sont des fichiers qui peuvent se t\u00e9l\u00e9charger dans votre terminal \u00e0 travers des sites web. L\u2019objectif","protected":false},"author":1,"featured_media":0,"parent":0,"menu_order":0,"comment_status":"closed","ping_status":"closed","template":"templates\/template-auxiliar.php","meta":{"_acf_changed":false,"footnotes":""},"class_list":["post-10389","page","type-page","status-publish","hentry"],"acf":[],"aioseo_notices":[],"_links":{"self":[{"href":"https:\/\/www.elpozo.com\/fr\/wp-json\/wp\/v2\/pages\/10389","targetHints":{"allow":["GET"]}}],"collection":[{"href":"https:\/\/www.elpozo.com\/fr\/wp-json\/wp\/v2\/pages"}],"about":[{"href":"https:\/\/www.elpozo.com\/fr\/wp-json\/wp\/v2\/types\/page"}],"author":[{"embeddable":true,"href":"https:\/\/www.elpozo.com\/fr\/wp-json\/wp\/v2\/users\/1"}],"replies":[{"embeddable":true,"href":"https:\/\/www.elpozo.com\/fr\/wp-json\/wp\/v2\/comments?post=10389"}],"version-history":[{"count":10,"href":"https:\/\/www.elpozo.com\/fr\/wp-json\/wp\/v2\/pages\/10389\/revisions"}],"predecessor-version":[{"id":37489,"href":"https:\/\/www.elpozo.com\/fr\/wp-json\/wp\/v2\/pages\/10389\/revisions\/37489"}],"wp:attachment":[{"href":"https:\/\/www.elpozo.com\/fr\/wp-json\/wp\/v2\/media?parent=10389"}],"curies":[{"name":"wp","href":"https:\/\/api.w.org\/{rel}","templated":true}]}}