{"id":11642,"date":"2019-08-05T10:10:26","date_gmt":"2019-08-05T10:10:26","guid":{"rendered":"http:\/\/www.elpozo.com\/preguntas-frecuentes\/"},"modified":"2019-08-12T09:50:11","modified_gmt":"2019-08-12T09:50:11","slug":"questions-frequentes","status":"publish","type":"page","link":"https:\/\/www.elpozo.com\/fr\/questions-frequentes\/","title":{"rendered":"QUESTIONS FR\u00c9QUENTES"},"content":{"rendered":"<div id=\"pl-11642\"  class=\"panel-layout\" ><div id=\"pg-11642-0\"  class=\"panel-grid panel-has-style\" ><div class=\"panel-row-style panel-row-style-for-11642-0\" ><div id=\"pgc-11642-0-0\"  class=\"panel-grid-cell\" ><div id=\"panel-11642-0-0-0\" class=\"so-panel widget widget_sow-editor panel-first-child panel-last-child\" data-index=\"0\" ><div\n\t\t\t\n\t\t\tclass=\"so-widget-sow-editor so-widget-sow-editor-base\"\n\t\t\t\n\t\t><h3 class=\"widget-title\">QUESTIONS FR\u00c9QUENTES<\/h3>\n<div class=\"siteorigin-widget-tinymce textwidget\">\n\t<\/div>\n<\/div><\/div><\/div><\/div><\/div><div id=\"pg-11642-1\"  class=\"panel-grid panel-no-style\" ><div id=\"pgc-11642-1-0\"  class=\"panel-grid-cell\" ><div id=\"panel-11642-1-0-0\" class=\"so-panel widget widget_faq_widget panel-first-child\" data-index=\"1\" ><div\n\t\t\t\n\t\t\tclass=\"so-widget-faq_widget so-widget-faq_widget-base\"\n\t\t\t\n\t\t>\n<div class=\"widget-faq\" itemscope itemprop=\"mainEntity\" itemtype=\"https:\/\/schema.org\/Question\">\n    <div class=\"pregunta\" itemprop=\"name\">\n        <p>Que signifie ElPozo ?<\/p>\n    <\/div>\n    <div class=\"respuesta\" itemscope itemprop=\"acceptedAnswer\" itemtype=\"https:\/\/schema.org\/Answer\">\n        <div itemprop=\"text\">\n            <p>Le nom ELPOZO trouve son origine dans l'ouverture d'une modeste \u00e9picerie situ\u00e9e sur la place \"El Pozo Concejil\" \u00e0 Alhama de Murcia, dans la r\u00e9gion de Murcie.<\/p>\n        <\/div>\n    <\/div>\n<\/div>\n\n\n<\/div><\/div><div id=\"panel-11642-1-0-1\" class=\"so-panel widget widget_faq_widget\" data-index=\"2\" ><div\n\t\t\t\n\t\t\tclass=\"so-widget-faq_widget so-widget-faq_widget-base\"\n\t\t\t\n\t\t>\n<div class=\"widget-faq\" itemscope itemprop=\"mainEntity\" itemtype=\"https:\/\/schema.org\/Question\">\n    <div class=\"pregunta\" itemprop=\"name\">\n        <p>Quels sont les produits vendus par ElPozo ?<\/p>\n    <\/div>\n    <div class=\"respuesta\" itemscope itemprop=\"acceptedAnswer\" itemtype=\"https:\/\/schema.org\/Answer\">\n        <div itemprop=\"text\">\n            <p>ELPOZO ALIMENTACI\u00d3N offre une large gamme de solutions alimentaires allant des produits frais et pr\u00e9par\u00e9s frais aux produits transform\u00e9s dans toutes les cat\u00e9gories : york, charcuterie, saucisses, rosette, salami, chorizo, sobrasadas, saucisson, saucisses et jambons, blancs et ib\u00e9riques.<\/p>\n        <\/div>\n    <\/div>\n<\/div>\n\n\n<\/div><\/div><div id=\"panel-11642-1-0-2\" class=\"so-panel widget widget_faq_widget\" data-index=\"3\" ><div\n\t\t\t\n\t\t\tclass=\"so-widget-faq_widget so-widget-faq_widget-base\"\n\t\t\t\n\t\t>\n<div class=\"widget-faq\" itemscope itemprop=\"mainEntity\" itemtype=\"https:\/\/schema.org\/Question\">\n    <div class=\"pregunta\" itemprop=\"name\">\n        <p>A quel groupe d'entreprises appartient ElPozo ?<\/p>\n    <\/div>\n    <div class=\"respuesta\" itemscope itemprop=\"acceptedAnswer\" itemtype=\"https:\/\/schema.org\/Answer\">\n        <div itemprop=\"text\">\n            <p>ELPOZO ALIMENTACI\u00d3N appartient au holding Grupo Fuertes qui regroupe une vingtaine de soci\u00e9t\u00e9s de diff\u00e9rents secteurs.<\/p>\n        <\/div>\n    <\/div>\n<\/div>\n\n\n<\/div><\/div><div id=\"panel-11642-1-0-3\" class=\"so-panel widget widget_faq_widget\" data-index=\"4\" ><div\n\t\t\t\n\t\t\tclass=\"so-widget-faq_widget so-widget-faq_widget-base\"\n\t\t\t\n\t\t>\n<div class=\"widget-faq\" itemscope itemprop=\"mainEntity\" itemtype=\"https:\/\/schema.org\/Question\">\n    <div class=\"pregunta\" itemprop=\"name\">\n        <p>Quel type d'entreprise est ElPozo ?<\/p>\n    <\/div>\n    <div class=\"respuesta\" itemscope itemprop=\"acceptedAnswer\" itemtype=\"https:\/\/schema.org\/Answer\">\n        <div itemprop=\"text\">\n            <p>Il s'agit d'une entreprise d\u00e9di\u00e9e \u00e0 la production de produits carn\u00e9s sains et nutritifs et de leurs d\u00e9riv\u00e9s.<\/p>\n        <\/div>\n    <\/div>\n<\/div>\n\n\n<\/div><\/div><div id=\"panel-11642-1-0-4\" class=\"so-panel widget widget_faq_widget\" data-index=\"5\" ><div\n\t\t\t\n\t\t\tclass=\"so-widget-faq_widget so-widget-faq_widget-base\"\n\t\t\t\n\t\t>\n<div class=\"widget-faq\" itemscope itemprop=\"mainEntity\" itemtype=\"https:\/\/schema.org\/Question\">\n    <div class=\"pregunta\" itemprop=\"name\">\n        <p>Qu'est-ce que El Pozo ExtraTiernos ?<\/p>\n    <\/div>\n    <div class=\"respuesta\" itemscope itemprop=\"acceptedAnswer\" itemtype=\"https:\/\/schema.org\/Answer\">\n        <div itemprop=\"text\">\n            <p>la gamme ELPOZO ExtraTiernos est fabriqu\u00e9e \u00e0 partir de viande provenant de leurs propres fermes et est la plus fra\u00eeche, la plus tendre et la plus juteuse du march\u00e9 gr\u00e2ce \u00e0 un processus exclusif et sp\u00e9cial de marinade et sa s\u00e9lection de mati\u00e8res premi\u00e8res. Ces produits, compos\u00e9s des meilleures coupes de porc, de dinde, de poulet et de b\u0153uf, sont id\u00e9aux pour tous les membres de la famille et conviennent particuli\u00e8rement aux enfants et aux plus \u00e2g\u00e9s.<\/p>\n<p>Cette gamme est le r\u00e9sultat de la recherche continue du D\u00e9partement R+D+i d'ELPOZO ALIMENTACI\u00d3N. L'entreprise s'engage \u00e0 s'am\u00e9liorer en permanence afin de s'adapter aux nouvelles tendances du march\u00e9 et de satisfaire les besoins des consommateurs qui sont de plus en plus \u00e0 la recherche d'aliments et de produits plus faciles \u00e0 pr\u00e9parer et \u00e0 consommer. Toutes les solutions de la gamme ExtraTiernos sont simples et rapides \u00e0 cuire, id\u00e9ales pour griller, paner ou frire.<\/p>\n        <\/div>\n    <\/div>\n<\/div>\n\n\n<\/div><\/div><div id=\"panel-11642-1-0-5\" class=\"so-panel widget widget_faq_widget panel-last-child\" data-index=\"6\" ><div\n\t\t\t\n\t\t\tclass=\"so-widget-faq_widget so-widget-faq_widget-base\"\n\t\t\t\n\t\t>\n<div class=\"widget-faq\" itemscope itemprop=\"mainEntity\" itemtype=\"https:\/\/schema.org\/Question\">\n    <div class=\"pregunta\" itemprop=\"name\">\n        <p>Qu'est-ce que ElPozo BienStar ?<\/p>\n    <\/div>\n    <div class=\"respuesta\" itemscope itemprop=\"acceptedAnswer\" itemtype=\"https:\/\/schema.org\/Answer\">\n        <div itemprop=\"text\">\n            <p>c'est la gamme de produits d'ELPOZO ALIMENTACION la plus engag\u00e9e pour une alimentation saine. Il s'agit d'une gamme compl\u00e8te d'aliments au profil nutritionnel optimis\u00e9, id\u00e9ale pour toute la famille pour profiter d'un mode de vie sain et \u00e9quilibr\u00e9, sans sacrifier son go\u00fbt. Ces solutions \u00e9labor\u00e9es avec une composition am\u00e9lior\u00e9e ont une teneur plus faible en graisses, graisses satur\u00e9es et sel, ce qui favorise la r\u00e9duction de la consommation de ces nutriments dans l'alimentation et permet de respecter les recommandations nutritionnelles des professionnels.<\/p>\n<p>De plus, ces produits contiennent un pourcentage \u00e9lev\u00e9 de prot\u00e9ines et sont sans gluten, sans lactose et sans sucre pour que tout le monde puisse les appr\u00e9cier avec toute leur saveur et leur qualit\u00e9.<\/p>\n        <\/div>\n    <\/div>\n<\/div>\n\n\n<\/div><\/div><\/div><\/div><\/div><!-- AddThis Advanced Settings generic via filter on the_content --><!-- AddThis Share Buttons generic via filter on the_content -->","protected":false},"excerpt":{"rendered":"QUESTIONS FR\u00c9QUENTES Que signifie ElPozo ? Le nom ELPOZO trouve son origine dans l&rsquo;ouverture d&rsquo;une modeste \u00e9picerie situ\u00e9e sur la place \u00ab\u00a0El Pozo Concejil\u00a0\u00bb \u00e0 Alhama de Murcia, dans la r\u00e9gion de Murcie. Quels sont les produits vendus par ElPozo ? ELPOZO ALIMENTACI\u00d3N offre une large gamme de solutions alimentaires allant des produits frais et","protected":false},"author":1,"featured_media":11612,"parent":0,"menu_order":0,"comment_status":"closed","ping_status":"closed","template":"templates\/template-normal.php","meta":{"_acf_changed":false,"footnotes":""},"class_list":["post-11642","page","type-page","status-publish","has-post-thumbnail","hentry"],"acf":[],"aioseo_notices":[],"_links":{"self":[{"href":"https:\/\/www.elpozo.com\/fr\/wp-json\/wp\/v2\/pages\/11642","targetHints":{"allow":["GET"]}}],"collection":[{"href":"https:\/\/www.elpozo.com\/fr\/wp-json\/wp\/v2\/pages"}],"about":[{"href":"https:\/\/www.elpozo.com\/fr\/wp-json\/wp\/v2\/types\/page"}],"author":[{"embeddable":true,"href":"https:\/\/www.elpozo.com\/fr\/wp-json\/wp\/v2\/users\/1"}],"replies":[{"embeddable":true,"href":"https:\/\/www.elpozo.com\/fr\/wp-json\/wp\/v2\/comments?post=11642"}],"version-history":[{"count":13,"href":"https:\/\/www.elpozo.com\/fr\/wp-json\/wp\/v2\/pages\/11642\/revisions"}],"predecessor-version":[{"id":11752,"href":"https:\/\/www.elpozo.com\/fr\/wp-json\/wp\/v2\/pages\/11642\/revisions\/11752"}],"wp:featuredmedia":[{"embeddable":true,"href":"https:\/\/www.elpozo.com\/fr\/wp-json\/wp\/v2\/media\/11612"}],"wp:attachment":[{"href":"https:\/\/www.elpozo.com\/fr\/wp-json\/wp\/v2\/media?parent=11642"}],"curies":[{"name":"wp","href":"https:\/\/api.w.org\/{rel}","templated":true}]}}