{"id":32701,"date":"2017-05-15T12:46:17","date_gmt":"2017-05-15T12:46:17","guid":{"rendered":"https:\/\/www.elpozo.com\/home\/"},"modified":"2023-05-05T12:50:47","modified_gmt":"2023-05-05T11:50:47","slug":"home","status":"publish","type":"page","link":"https:\/\/www.elpozo.com\/pt-pt\/","title":{"rendered":"Home"},"content":{"rendered":"<div id=\"pl-32701\"  class=\"panel-layout\" ><div id=\"pg-32701-0\"  class=\"panel-grid panel-has-style\" ><div class=\"panel-row-style panel-row-style-for-32701-0\" ><div id=\"pgc-32701-0-0\"  class=\"panel-grid-cell\" ><div class=\"panel-cell-style panel-cell-style-for-32701-0-0\" ><div id=\"panel-32701-0-0-0\" class=\"so-panel widget widget_sow-image panel-first-child\" data-index=\"0\" ><div class=\"panel-widget-style panel-widget-style-for-32701-0-0-0\" ><div\n\t\t\t\n\t\t\tclass=\"so-widget-sow-image so-widget-sow-image-default-a258e6bfa2d8-32701\"\n\t\t\t\n\t\t>\n<div class=\"sow-image-container\">\n\t\t\t<a href=\"https:\/\/promo1954.elpozo.com\/\"\n\t\t\ttarget=\"_blank\" rel=\"noopener noreferrer\" \t\t>\n\t\t\t<img \n\tsrc=\"https:\/\/www.elpozo.com\/wp-content\/uploads\/2023\/02\/banner-carlos-alcaraz-el-pozo.jpg\" width=\"1800\" height=\"612\" srcset=\"https:\/\/www.elpozo.com\/wp-content\/uploads\/2023\/02\/banner-carlos-alcaraz-el-pozo.jpg 1800w, https:\/\/www.elpozo.com\/wp-content\/uploads\/2023\/02\/banner-carlos-alcaraz-el-pozo-250x85.jpg 250w, https:\/\/www.elpozo.com\/wp-content\/uploads\/2023\/02\/banner-carlos-alcaraz-el-pozo-700x238.jpg 700w, https:\/\/www.elpozo.com\/wp-content\/uploads\/2023\/02\/banner-carlos-alcaraz-el-pozo-768x261.jpg 768w, https:\/\/www.elpozo.com\/wp-content\/uploads\/2023\/02\/banner-carlos-alcaraz-el-pozo-1536x522.jpg 1536w, https:\/\/www.elpozo.com\/wp-content\/uploads\/2023\/02\/banner-carlos-alcaraz-el-pozo-500x170.jpg 500w, https:\/\/www.elpozo.com\/wp-content\/uploads\/2023\/02\/banner-carlos-alcaraz-el-pozo-120x41.jpg 120w\" sizes=\"(max-width: 1800px) 100vw, 1800px\" title=\"Banner_Carlos_Alcaraz_El_Pozo\" alt=\"El match perfecto\" \t\tclass=\"so-widget-image\"\/>\n\t\t\t<\/a><\/div>\n\n<\/div><\/div><\/div><div id=\"panel-32701-0-0-1\" class=\"so-panel widget widget_sow-image panel-last-child\" data-index=\"1\" ><div class=\"panel-widget-style panel-widget-style-for-32701-0-0-1\" ><div\n\t\t\t\n\t\t\tclass=\"so-widget-sow-image so-widget-sow-image-default-a258e6bfa2d8-32701\"\n\t\t\t\n\t\t>\n<div class=\"sow-image-container\">\n\t\t\t<a href=\"https:\/\/promo1954.elpozo.com\/\"\n\t\t\ttarget=\"_blank\" rel=\"noopener noreferrer\" \t\t>\n\t\t\t<img \n\tsrc=\"https:\/\/www.elpozo.com\/wp-content\/uploads\/2023\/02\/banner-carlos-alcaraz-el-pozo-mv.jpg\" width=\"800\" height=\"700\" srcset=\"https:\/\/www.elpozo.com\/wp-content\/uploads\/2023\/02\/banner-carlos-alcaraz-el-pozo-mv.jpg 800w, https:\/\/www.elpozo.com\/wp-content\/uploads\/2023\/02\/banner-carlos-alcaraz-el-pozo-mv-250x219.jpg 250w, https:\/\/www.elpozo.com\/wp-content\/uploads\/2023\/02\/banner-carlos-alcaraz-el-pozo-mv-700x613.jpg 700w, https:\/\/www.elpozo.com\/wp-content\/uploads\/2023\/02\/banner-carlos-alcaraz-el-pozo-mv-768x672.jpg 768w, https:\/\/www.elpozo.com\/wp-content\/uploads\/2023\/02\/banner-carlos-alcaraz-el-pozo-mv-500x438.jpg 500w, https:\/\/www.elpozo.com\/wp-content\/uploads\/2023\/02\/banner-carlos-alcaraz-el-pozo-mv-120x105.jpg 120w\" sizes=\"(max-width: 800px) 100vw, 800px\" title=\"Banner_Carlos_Alcaraz_El_Pozo_mv\" alt=\"El match perfecto\" \t\tclass=\"so-widget-image\"\/>\n\t\t\t<\/a><\/div>\n\n<\/div><\/div><\/div><\/div><\/div><\/div><\/div><div id=\"pg-32701-1\"  class=\"panel-grid panel-has-style\" ><div class=\"bloque-informacion  panel-row-style panel-row-style-for-32701-1\" id=\"bloque-informacion\" ><div id=\"pgc-32701-1-0\"  class=\"panel-grid-cell\" ><div id=\"panel-32701-1-0-0\" class=\"so-panel widget widget_sow-editor panel-first-child\" data-index=\"2\" ><div class=\"titulo panel-widget-style panel-widget-style-for-32701-1-0-0\" ><div\n\t\t\t\n\t\t\tclass=\"so-widget-sow-editor so-widget-sow-editor-base\"\n\t\t\t\n\t\t>\n<div class=\"siteorigin-widget-tinymce textwidget\">\n\t<h3><b>ELPOZO ALIMENTACI\u00d3N<\/b><\/h3>\n<\/div>\n<\/div><\/div><\/div><div id=\"panel-32701-1-0-1\" class=\"so-panel widget widget_sow-editor panel-last-child\" data-index=\"3\" ><div class=\"texto panel-widget-style panel-widget-style-for-32701-1-0-1\" ><div\n\t\t\t\n\t\t\tclass=\"so-widget-sow-editor so-widget-sow-editor-base\"\n\t\t\t\n\t\t>\n<div class=\"siteorigin-widget-tinymce textwidget\">\n\t<p>Somos a\u00a0<strong>marca preferida dos lares espanh\u00f3is<\/strong>, j\u00e1 que quatro em cada cinco confiam nos nossos produtos. Com\u00a0<strong>mais de 60 anos de hist\u00f3ria<\/strong>, estamos presentes em<strong>\u00a080 pa\u00edses<\/strong>\u00a0de todo o mundo e somos pioneiros em\u00a0<strong>alimenta\u00e7\u00e3o saud\u00e1vel<\/strong>, tanto em\u00a0<strong>carnes frescas<\/strong>\u00a0como em\u00a0<strong>produtos elaborados<\/strong>\u00a0e\u00a0<strong>curados<\/strong>. Com uma filosofia de melhoria constante, dedicamos grande parte dos nossos recursos \u00e0 investiga\u00e7\u00e3o e ao desenvolvimento de\u00a0<strong>alimentos equilibrados e nutritivos<\/strong>, que proporcionem mais prazer, bem-estar e conforto.<\/p>\n<\/div>\n<\/div><\/div><\/div><\/div><div id=\"pgc-32701-1-1\"  class=\"panel-grid-cell\" ><div id=\"panel-32701-1-1-0\" class=\"so-panel widget widget_sow-image panel-first-child panel-last-child\" data-index=\"4\" ><div id=\"tostada\" class=\"panel-widget-style panel-widget-style-for-32701-1-1-0\" ><div\n\t\t\t\n\t\t\tclass=\"so-widget-sow-image so-widget-sow-image-default-4e6925654b7a-32701\"\n\t\t\t\n\t\t>\n<div class=\"sow-image-container\">\n\t\t<img \n\tsrc=\"https:\/\/www.elpozo.com\/wp-content\/uploads\/2017\/05\/home-bocadillo-xs.png\" width=\"800\" height=\"296\" srcset=\"https:\/\/www.elpozo.com\/wp-content\/uploads\/2017\/05\/home-bocadillo-xs.png 800w, https:\/\/www.elpozo.com\/wp-content\/uploads\/2017\/05\/home-bocadillo-xs-250x93.png 250w, https:\/\/www.elpozo.com\/wp-content\/uploads\/2017\/05\/home-bocadillo-xs-768x284.png 768w, https:\/\/www.elpozo.com\/wp-content\/uploads\/2017\/05\/home-bocadillo-xs-700x259.png 700w, https:\/\/www.elpozo.com\/wp-content\/uploads\/2017\/05\/home-bocadillo-xs-500x185.png 500w, https:\/\/www.elpozo.com\/wp-content\/uploads\/2017\/05\/home-bocadillo-xs-120x44.png 120w\" sizes=\"(max-width: 800px) 100vw, 800px\" alt=\"\" \t\tclass=\"so-widget-image\"\/>\n\t<\/div>\n\n<\/div><\/div><\/div><\/div><\/div><\/div><div id=\"pg-32701-2\"  class=\"panel-grid panel-has-style\" ><div class=\"panel-row-style panel-row-style-for-32701-2\" ><div id=\"pgc-32701-2-0\"  class=\"panel-grid-cell\" ><div id=\"sin-gluten\">\n        <img decoding=\"async\" src=\"https:\/\/www.elpozo.com\/wp-content\/themes\/elpozo\/img\/logos\/sin_gluten.png\" \/>\n        <div class=\"texto\">\n            <h4>TODOS OS NOSSOS PRODUTOS S\u00c3O ELABORADOS <strong>SEM GL\u00daTEN*<\/strong><\/h4>\n        <\/div>\n<\/div><div id=\"panel-32701-2-0-0\" class=\"so-panel widget widget_text panel-first-child panel-last-child\" data-index=\"5\" >\t\t\t<div class=\"textwidget\"><\/div>\n\t\t<\/div><\/div><\/div><\/div><div id=\"pg-32701-3\"  class=\"panel-grid panel-has-style\" ><div id=\"sin-gluten-descripcion\" class=\"panel-row-style panel-row-style-for-32701-3\" ><div id=\"pgc-32701-3-0\"  class=\"panel-grid-cell\" ><div id=\"panel-32701-3-0-0\" class=\"so-panel widget widget_sow-editor panel-first-child panel-last-child\" data-index=\"6\" ><div\n\t\t\t\n\t\t\tclass=\"so-widget-sow-editor so-widget-sow-editor-base\"\n\t\t\t\n\t\t>\n<div class=\"siteorigin-widget-tinymce textwidget\">\n\t<p>*TODOS OS PRODUTOS ELABORADOS PELO POZO ALIMENTACI\u00d3N, S.A. (RSI: ES-10.01672\/MU-CE) est\u00e3o livres de GL\u00daTEN e, portanto, s\u00e3o adequados para CEL\u00cdACOS. Inclu\u00eddos na Lista Oficial FACE 2017 (Federa\u00e7\u00e3o de Associa\u00e7\u00f5es de Cel\u00edacos de Espanha), p\u00e1gina 188.<\/p>\n<\/div>\n<\/div><\/div><\/div><\/div><\/div><div id=\"pg-32701-4\"  class=\"panel-grid panel-has-style\" ><div class=\"siteorigin-panels-stretch panel-row-style panel-row-style-for-32701-4\" id=\"categorias-productos\" data-stretch-type=\"full-stretched\" ><div id=\"pgc-32701-4-0\"  class=\"panel-grid-cell\" >\n\n    <div class=\"categorias-producto-v2\">\n\n        <h3>As nossas marcas<\/h3>\n        <div class=\"container-fluid\">\n            <div class=\"row no-gutter\">\n                            <\/div>\n         <\/div>   \n    <\/div><div id=\"panel-32701-4-0-0\" class=\"so-panel widget widget_text panel-first-child panel-last-child\" data-index=\"7\" >\t\t\t<div class=\"textwidget\">\n<\/div>\n\t\t<\/div><\/div><\/div><\/div><div id=\"pg-32701-5\"  class=\"panel-grid panel-has-style\" ><div id=\"home-cip\" class=\"panel-row-style panel-row-style-for-32701-5\" ><div id=\"pgc-32701-5-0\"  class=\"panel-grid-cell\" >\n<div class=\"video-cip-circle\">\n    <img decoding=\"async\" id=\"cip-circle\" src=\"https:\/\/www.elpozo.com\/wp-content\/uploads\/2024\/08\/cip.jpg\">\n<\/div>\n<script>\n\n    jQuery(document).ready(function($) {\n\n        var $video = $('#cip-circle');\n        var video = $video.get(0);\n\n        var begin = $video.offset().top-$(window).height()+150;\n        var reset = $video.offset().top-450;\n\n        var isPlaying = false;\n\n        $(window).scroll(function () {\n\n            var position = $(document).scrollTop();\n\n            video.onended = function(e) {\n               isPlaying=false;\n            }\n\n            \/\/ console.log(position+'-'+begin+'-'+isPlaying+'-video time: '+video.currentTime);\n\n            if(position>begin && position<reset) {\n                if(!isPlaying){\n                    isPlaying=true;\n                    video.play();\n                }\n            }\n\n        });\n       \n\n    \n    });\n\n<\/script>\n<div id=\"panel-32701-5-0-0\" class=\"so-panel widget widget_text panel-first-child panel-last-child\" data-index=\"8\" >\t\t\t<div class=\"textwidget\"><\/div>\n\t\t<\/div><\/div><div id=\"pgc-32701-5-1\"  class=\"panel-grid-cell\" ><div id=\"panel-32701-5-1-0\" class=\"so-panel widget widget_sow-editor panel-first-child\" data-index=\"9\" ><div class=\"titulo panel-widget-style panel-widget-style-for-32701-5-1-0\" ><div\n\t\t\t\n\t\t\tclass=\"so-widget-sow-editor so-widget-sow-editor-base\"\n\t\t\t\n\t\t>\n<div class=\"siteorigin-widget-tinymce textwidget\">\n\t<h3>Consigo do in\u00edcio ao fim<\/h3>\n<\/div>\n<\/div><\/div><\/div><div id=\"panel-32701-5-1-1\" class=\"so-panel widget widget_sow-editor\" data-index=\"10\" ><div class=\"texto panel-widget-style panel-widget-style-for-32701-5-1-1\" ><div\n\t\t\t\n\t\t\tclass=\"so-widget-sow-editor so-widget-sow-editor-base\"\n\t\t\t\n\t\t>\n<div class=\"siteorigin-widget-tinymce textwidget\">\n\t<p>O centro do nosso esfor\u00e7o organizativo \u00e9 o CIP, Controlo Integral de Processo.<\/p>\n<p>Desde a origem ao paladar, tudo \u00e9 controlado neste modelo singular de integra\u00e7\u00e3o circular, que nos torna uma refer\u00eancia no mundo agroalimentar.<\/p>\n<\/div>\n<\/div><\/div><\/div><div id=\"panel-32701-5-1-2\" class=\"so-panel widget widget_sow-button panel-last-child\" data-index=\"11\" ><div class=\"custom-button panel-widget-style panel-widget-style-for-32701-5-1-2\" ><div\n\t\t\t\n\t\t\tclass=\"so-widget-sow-button so-widget-sow-button-atom-f227bc268bd2-32701\"\n\t\t\t\n\t\t><div class=\"ow-button-base ow-button-align-left\"\n>\n\t\t\t<a\n\t\t\t\t\thref=\"https:\/\/www.elpozo.com\/cip\/\"\n\t\t\t\t\tclass=\"sowb-button ow-icon-placement-left ow-button-hover\" \t>\n\t\t<span>\n\t\t\t\n\t\t\tDESCUBRA-O\t\t<\/span>\n\t\t\t<\/a>\n\t<\/div>\n<\/div><\/div><\/div><\/div><\/div><\/div><div id=\"pg-32701-6\"  class=\"panel-grid panel-has-style\" ><div class=\"panel-row-style panel-row-style-for-32701-6\" ><div id=\"pgc-32701-6-0\"  class=\"panel-grid-cell\" ><div id=\"panel-32701-6-0-0\" class=\"so-panel widget widget_sow-editor panel-first-child panel-last-child\" data-index=\"12\" ><div class=\"titulo panel-widget-style panel-widget-style-for-32701-6-0-0\" ><div\n\t\t\t\n\t\t\tclass=\"so-widget-sow-editor so-widget-sow-editor-base\"\n\t\t\t\n\t\t>\n<div class=\"siteorigin-widget-tinymce textwidget\">\n\t<h3 style=\"font-size:3rem; font-weight:bold; color:#fff; margin:0; margin-top: 25px;\">Descubra o nosso cat\u00e1logo de Produtos de Charcutaria<\/h3>\n<\/div>\n<\/div><\/div><\/div><\/div><div id=\"pgc-32701-6-1\"  class=\"panel-grid-cell\" ><div id=\"panel-32701-6-1-0\" class=\"so-panel widget widget_sow-button panel-first-child panel-last-child\" data-index=\"13\" ><div class=\"custom-button boton-descarga-portugues panel-widget-style panel-widget-style-for-32701-6-1-0\" ><div\n\t\t\t\n\t\t\tclass=\"so-widget-sow-button so-widget-sow-button-atom-71272fbdb979-32701\"\n\t\t\t\n\t\t><div class=\"ow-button-base ow-button-align-left\"\n>\n\t\t\t<a\n\t\t\t\t\thref=\"\/wp-content\/uploads\/2023\/05\/catalogo-portugal-042023.pdf\"\n\t\t\t\t\tclass=\"sowb-button ow-icon-placement-left ow-button-hover\" target=\"_blank\" rel=\"noopener noreferrer\" \t>\n\t\t<span>\n\t\t\t\n\t\t\tDESCARREGAR\t\t<\/span>\n\t\t\t<\/a>\n\t<\/div>\n<\/div><\/div><\/div><\/div><\/div><\/div><div id=\"pg-32701-7\"  class=\"panel-grid panel-has-style\" ><div class=\"siteorigin-panels-stretch panel-row-style panel-row-style-for-32701-7\" id=\"parallax-jamon\" data-stretch-type=\"full-stretched\" ><div id=\"pgc-32701-7-0\"  class=\"panel-grid-cell\" ><div id=\"panel-32701-7-0-0\" class=\"so-panel widget widget_image_effects_widget panel-first-child panel-last-child\" data-index=\"14\" ><div class=\"panel-widget-style panel-widget-style-for-32701-7-0-0\" ><div\n\t\t\t\n\t\t\tclass=\"so-widget-image_effects_widget so-widget-image_effects_widget-base\"\n\t\t\t\n\t\t>\n\n<div class=\"widget-image-effects  \" >\n\n        <div class=\"content\">\n            \n                    <\/div>    \n\n        <div class=\"background-image\" style=\"background-image: url('https:\/\/www.elpozo.com\/wp-content\/uploads\/2017\/06\/legado-header.jpg'); \">\n\n            \n            \n        <\/div>\n\n<\/div>\n<\/div><\/div><\/div><\/div><\/div><\/div><div id=\"pg-32701-8\"  class=\"panel-grid panel-has-style\" ><div class=\"siteorigin-panels-stretch panel-row-style panel-row-style-for-32701-8\" data-stretch-type=\"full\" ><div id=\"pgc-32701-8-0\"  class=\"panel-grid-cell\" ><div id=\"panel-32701-8-0-0\" class=\"so-panel widget widget_news_widget panel-first-child panel-last-child\" data-index=\"15\" ><div\n\t\t\t\n\t\t\tclass=\"so-widget-news_widget so-widget-news_widget-base\"\n\t\t\t\n\t\t>\n\n<div class=\"widget-noticias\">\n\n\n\n    <div class=\"container bigger\">\n        <h2>Not\u00edcias<\/h2>\n        <div class=\"row\">\n                                                <div class=\"col-md-3 col-sm-6\">\n                        \n\n<article id=\"post-38320\" class=\"ficha-noticia-square item post-38320 noticias type-noticias status-publish has-post-thumbnail hentry\">\n    <a href=\"https:\/\/www.elpozo.com\/pt-pt\/noticias\/elpozo-alimentacion-novo-patrocinador-da-selecao-espanhola-de-futebol\/\" class=\"item\">\n        <div class=\"image medio\" style=\"background-image: url('https:\/\/www.elpozo.com\/wp-content\/uploads\/2026\/01\/20260129-foto-patrocinio-rfef-elpozo-700x444.jpg'); background-size:%;\"> <\/div>\n        <div class=\"content\">\n            <h4 title=\"\">ElPozo Alimentaci\u00f3n, novo patrocinador da Sele\u00e7\u00e3o Espanhola de Futebol<\/h4>\n            <div class=\"description\">\n                <p> A marca mais escolhida pelos lares espanh\u00f3is acompanhar\u00e1 a La Roja at\u00e9 2030\u00a0 A ElPozo Alimentaci\u00f3n ser\u00e1 o patrocinador oficial ...<\/p>\n            <\/div>\n            <span class=\"date\">3 Fev 2026<\/span>\n        <\/div>\n        <div class=\"overlay\"><\/div>\n    <\/a>\n<\/article>                    <\/div>\n                                    <div class=\"col-md-3 col-sm-6\">\n                        \n\n<article id=\"post-37880\" class=\"ficha-noticia-square item post-37880 noticias type-noticias status-publish has-post-thumbnail hentry\">\n    <a href=\"https:\/\/www.elpozo.com\/pt-pt\/noticias\/a-elpozo-alimentacion-reafirma-o-seu-compromisso-com-a-restaurantes-contra-a-fome\/\" class=\"item\">\n        <div class=\"image medio\" style=\"background-image: url('https:\/\/www.elpozo.com\/wp-content\/uploads\/2025\/09\/20250922-foto-restaurantes-contra-el-hambre-elpozo-1-700x373.jpg'); background-size:%;\"> <\/div>\n        <div class=\"content\">\n            <h4 title=\"\"> A ElPozo Alimentaci\u00f3n reafirma o seu compromisso com a \u201cRestaurantes contra ...<\/h4>\n            <div class=\"description\">\n                <p> A iniciativa \u00e9 promovida pela A\u00e7\u00e3o contra a Fome e a Hotelaria de Espanha e conta com Quique Dacosta e ...<\/p>\n            <\/div>\n            <span class=\"date\">23 Set 2025<\/span>\n        <\/div>\n        <div class=\"overlay\"><\/div>\n    <\/a>\n<\/article>                    <\/div>\n                                    <div class=\"col-md-3 col-sm-6\">\n                        \n\n<article id=\"post-37534\" class=\"ficha-noticia-square item post-37534 noticias type-noticias status-publish has-post-thumbnail hentry\">\n    <a href=\"https:\/\/www.elpozo.com\/pt-pt\/noticias\/a-el-pozo-alimentacion-obtem-a-certificacao-de-eficiencia-energetica-iso-50001\/\" class=\"item\">\n        <div class=\"image medio\" style=\"background-image: url('https:\/\/www.elpozo.com\/wp-content\/uploads\/2025\/07\/foto-planta-fotovoltaica-700x525.jpg'); background-size:%;\"> <\/div>\n        <div class=\"content\">\n            <h4 title=\"\"> A El Pozo Alimentaci\u00f3n obt\u00e9m a certifica\u00e7\u00e3o de efici\u00eancia energ\u00e9tica ISO ...<\/h4>\n            <div class=\"description\">\n                <p> A empresa implementa o sistema de gest\u00e3o eficiente e cont\u00ednua que contribui para a descarboniza\u00e7\u00e3o A El Pozo Alimentaci\u00f3n obteve ...<\/p>\n            <\/div>\n            <span class=\"date\">24 Jul 2025<\/span>\n        <\/div>\n        <div class=\"overlay\"><\/div>\n    <\/a>\n<\/article>                    <\/div>\n                                    <div class=\"col-md-3 col-sm-6\">\n                        \n\n<article id=\"post-37523\" class=\"ficha-noticia-square item post-37523 noticias type-noticias status-publish has-post-thumbnail hentry\">\n    <a href=\"https:\/\/www.elpozo.com\/pt-pt\/noticias\/a-el-pozo-alimentacion-encerra-com-sucesso-os-seus-grupos-de-melhoria-com-mais-de-200-ideias-inovadoras\/\" class=\"item\">\n        <div class=\"image medio\" style=\"background-image: url('https:\/\/www.elpozo.com\/wp-content\/uploads\/2025\/07\/foto-grupos-de-mejora-700x474.png'); background-size:%;\"> <\/div>\n        <div class=\"content\">\n            <h4 title=\"\"> A El Pozo Alimentaci\u00f3n encerra com sucesso os seus Grupos de ...<\/h4>\n            <div class=\"description\">\n                <p> Esta iniciativa, que celebra a sua 41\u00aa edi\u00e7\u00e3o, envolve ativamente os funcion\u00e1rios nas propostas de evolu\u00e7\u00e3o e melhoria da empresa ...<\/p>\n            <\/div>\n            <span class=\"date\">22 Jul 2025<\/span>\n        <\/div>\n        <div class=\"overlay\"><\/div>\n    <\/a>\n<\/article>                    <\/div>\n                \n                    <\/div>\n\n                <div class=\"cta text-center\">\n            <a href=\"https:\/\/www.elpozo.com\/pt-pt\/noticias\/\" class=\"btn-comun btn-ver-todo\">\n                <span> Ver todas<\/span>\n            <\/a>\n        <\/div>\n            <\/div>\n\n\n<\/div>\n\n\n\n<\/div><\/div><\/div><\/div><\/div><div id=\"pg-32701-9\"  class=\"panel-grid panel-has-style\" ><div class=\"siteorigin-panels-stretch panel-row-style panel-row-style-for-32701-9\" id=\"parallax-historia\" data-stretch-type=\"full-stretched\" ><div id=\"pgc-32701-9-0\"  class=\"panel-grid-cell\" ><div id=\"panel-32701-9-0-0\" class=\"so-panel widget widget_banner_widget panel-first-child panel-last-child\" data-index=\"16\" ><div\n\t\t\t\n\t\t\tclass=\"so-widget-banner_widget so-widget-banner_widget-base\"\n\t\t\t\n\t\t>\n\n<div class=\"widget-banner\" style=\"background-image: url('https:\/\/www.elpozo.com\/wp-content\/uploads\/2017\/05\/panoramica-logo.jpg')\" >\n\n        <div class=\"content\">\n                            <div class=\"texto\">\n                       65 anos ao seu lado                <\/div>\n            \n                          <a class=\"btn-action\" href=\"https:\/\/www.elpozo.com\/historia\/\"> A NOSSA HIST\u00d3RIA<\/a>\n                    <\/div>    \n\n        <img decoding=\"async\" src=\"https:\/\/www.elpozo.com\/wp-content\/uploads\/2017\/05\/panoramica-logo.jpg\" \/>\n\n<\/div>\n<\/div><\/div><\/div><\/div><\/div><\/div><!-- AddThis Advanced Settings generic via filter on the_content --><!-- AddThis Share Buttons generic via filter on the_content -->","protected":false},"excerpt":{"rendered":"ELPOZO ALIMENTACI\u00d3N Somos a\u00a0marca preferida dos lares espanh\u00f3is, j\u00e1 que quatro em cada cinco confiam nos nossos produtos. Com\u00a0mais de 60 anos de hist\u00f3ria, estamos presentes em\u00a080 pa\u00edses\u00a0de todo o mundo e somos pioneiros em\u00a0alimenta\u00e7\u00e3o saud\u00e1vel, tanto em\u00a0carnes frescas\u00a0como em\u00a0produtos elaborados\u00a0e\u00a0curados. Com uma filosofia de melhoria constante, dedicamos grande parte dos nossos recursos \u00e0 investiga\u00e7\u00e3o","protected":false},"author":1,"featured_media":0,"parent":0,"menu_order":0,"comment_status":"closed","ping_status":"closed","template":"templates\/template-home.php","meta":{"_acf_changed":false,"footnotes":""},"class_list":["post-32701","page","type-page","status-publish","hentry"],"acf":[],"aioseo_notices":[],"_links":{"self":[{"href":"https:\/\/www.elpozo.com\/pt-pt\/wp-json\/wp\/v2\/pages\/32701","targetHints":{"allow":["GET"]}}],"collection":[{"href":"https:\/\/www.elpozo.com\/pt-pt\/wp-json\/wp\/v2\/pages"}],"about":[{"href":"https:\/\/www.elpozo.com\/pt-pt\/wp-json\/wp\/v2\/types\/page"}],"author":[{"embeddable":true,"href":"https:\/\/www.elpozo.com\/pt-pt\/wp-json\/wp\/v2\/users\/1"}],"replies":[{"embeddable":true,"href":"https:\/\/www.elpozo.com\/pt-pt\/wp-json\/wp\/v2\/comments?post=32701"}],"version-history":[{"count":43,"href":"https:\/\/www.elpozo.com\/pt-pt\/wp-json\/wp\/v2\/pages\/32701\/revisions"}],"predecessor-version":[{"id":32859,"href":"https:\/\/www.elpozo.com\/pt-pt\/wp-json\/wp\/v2\/pages\/32701\/revisions\/32859"}],"wp:attachment":[{"href":"https:\/\/www.elpozo.com\/pt-pt\/wp-json\/wp\/v2\/media?parent=32701"}],"curies":[{"name":"wp","href":"https:\/\/api.w.org\/{rel}","templated":true}]}}