{"id":32729,"date":"2023-05-03T11:18:17","date_gmt":"2023-05-03T10:18:17","guid":{"rendered":"https:\/\/www.elpozo.com\/missao-visao-e-valores\/"},"modified":"2023-05-03T11:20:54","modified_gmt":"2023-05-03T10:20:54","slug":"missao-visao-e-valores","status":"publish","type":"page","link":"https:\/\/www.elpozo.com\/pt-pt\/missao-visao-e-valores\/","title":{"rendered":"Miss\u00e3o, vis\u00e3o e valores"},"content":{"rendered":"<div id=\"pl-32729\"  class=\"panel-layout\" ><div id=\"pg-32729-0\"  class=\"panel-grid panel-has-style\" ><div class=\"mvv siteorigin-panels-stretch panel-row-style panel-row-style-for-32729-0\" id=\"mision\" data-stretch-type=\"full\" ><div id=\"pgc-32729-0-0\"  class=\"panel-grid-cell\" ><div id=\"panel-32729-0-0-0\" class=\"so-panel widget widget_feature_widget panel-first-child panel-last-child\" data-index=\"0\" ><div\n\t\t\t\n\t\t\tclass=\"so-widget-feature_widget so-widget-feature_widget-base\"\n\t\t\t\n\t\t>\n\n<div class=\"widget-feature\" id=\"info-4830\" >\n\n\t<div class=\"background-image\" style=\"background-image: url('https:\/\/www.elpozo.com\/wp-content\/uploads\/2017\/07\/vision-250x250.png')\"><\/div>\n\t<h2 class=\"title\">VIS\u00c3O<\/h2>\n\t<div class=\"description\">\n\t\t<p>Ser uma empresa de refer\u00eancia global na alimenta\u00e7\u00e3o e nutri\u00e7\u00e3o, baseada nos pilares da\u00a0inova\u00e7\u00e3o, marca e competitividade. Estamos comprometidos com a gera\u00e7\u00e3o de valor e um futuro de longo prazo para clientes, fornecedores, funcion\u00e1rios, sociedade e acionistas.<\/p>\n\t<\/div>\n<\/div>\n\n\n\n<\/div><\/div><\/div><div id=\"pgc-32729-0-1\"  class=\"panel-grid-cell\" ><div id=\"panel-32729-0-1-0\" class=\"so-panel widget widget_feature_widget panel-first-child panel-last-child\" data-index=\"1\" ><div\n\t\t\t\n\t\t\tclass=\"so-widget-feature_widget so-widget-feature_widget-base\"\n\t\t\t\n\t\t>\n\n<div class=\"widget-feature\" id=\"info-6455\" >\n\n\t<div class=\"background-image\" style=\"background-image: url('https:\/\/www.elpozo.com\/wp-content\/uploads\/2017\/07\/misiion-250x250.png')\"><\/div>\n\t<h2 class=\"title\">MISS\u00c3O<\/h2>\n\t<div class=\"description\">\n\t\t<p><strong>Fornecer ao mundo carne e seus derivados, saud\u00e1veis e nutritivos.<\/strong><\/p>\n<p><strong>Para isso, apostamos em:<\/strong><\/p>\n<ul>\n<li>O desenvolvimento da quota nacional, o impulso decidido das exporta\u00e7\u00f5es e a aposta em alian\u00e7as de internacionaliza\u00e7\u00e3o.<\/li>\n<li>A elabora\u00e7\u00e3o de solu\u00e7\u00f5es competitivas, tanto em carne e transformados frescos, como em transformados e refei\u00e7\u00f5es preparadas.<\/li>\n<li>A unifica\u00e7\u00e3o e o refor\u00e7o da marca.<\/li>\n<\/ul>\n\t<\/div>\n<\/div>\n\n\n\n<\/div><\/div><\/div><div id=\"pgc-32729-0-2\"  class=\"panel-grid-cell\" ><div id=\"panel-32729-0-2-0\" class=\"so-panel widget widget_feature_widget panel-first-child panel-last-child\" data-index=\"2\" ><div\n\t\t\t\n\t\t\tclass=\"so-widget-feature_widget so-widget-feature_widget-base\"\n\t\t\t\n\t\t>\n\n<div class=\"widget-feature\" id=\"info-6122\" >\n\n\t<div class=\"background-image\" style=\"background-image: url('https:\/\/www.elpozo.com\/wp-content\/uploads\/2017\/07\/valores-250x164.png')\"><\/div>\n\t<h2 class=\"title\">VALORES<\/h2>\n\t<div class=\"description\">\n\t\t<p>Aposta nos valores que determinaram a nossa identidade, para olhar para o futuro com plena garantia.<\/p>\n<p><strong>Excel\u00eancia \u00b7 Esfor\u00e7o \u00b7 Paix\u00e3o\u00b7 Trabalho \u00b7 Proximidade \u00b7 Humildade \u00b7 Integridade \u00b7 Senso\u00a0comum<\/strong><\/p>\n\t<\/div>\n<\/div>\n\n\n\n<\/div><\/div><\/div><\/div><\/div><div id=\"pg-32729-1\"  class=\"panel-grid panel-has-style\" ><div class=\"siteorigin-panels-stretch panel-row-style panel-row-style-for-32729-1\" data-stretch-type=\"full-stretched\" ><div id=\"pgc-32729-1-0\"  class=\"panel-grid-cell\" ><div id=\"panel-32729-1-0-0\" class=\"so-panel widget widget_image_effects_widget panel-first-child panel-last-child\" data-index=\"3\" ><div\n\t\t\t\n\t\t\tclass=\"so-widget-image_effects_widget so-widget-image_effects_widget-base\"\n\t\t\t\n\t\t>\n\n<div class=\"widget-image-effects  \" >\n\n        <div class=\"content\">\n            \n                    <\/div>    \n\n        <div class=\"background-image\" style=\"background-image: url('https:\/\/www.elpozo.com\/wp-content\/uploads\/2017\/07\/runner-byn.jpg'); \">\n\n                            <div class=\"overlay\" style=\"background-color: rgba(0, 0, 0, 0.3);\"><\/div>\n            \n            \n        <\/div>\n\n<\/div>\n<\/div><\/div><\/div><\/div><\/div><div id=\"pg-32729-2\"  class=\"panel-grid panel-has-style\" ><div class=\"mvv title panel-row-style panel-row-style-for-32729-2\" ><div id=\"pgc-32729-2-0\"  class=\"panel-grid-cell\" ><div id=\"panel-32729-2-0-0\" class=\"so-panel widget widget_sow-editor panel-first-child panel-last-child\" data-index=\"4\" ><div\n\t\t\t\n\t\t\tclass=\"so-widget-sow-editor so-widget-sow-editor-base\"\n\t\t\t\n\t\t><h3 class=\"widget-title\">ELPOZO<\/h3>\n<div class=\"siteorigin-widget-tinymce textwidget\">\n\t<h4>Mais de 6.400 profissionais juntos.<\/h4>\n<\/div>\n<\/div><\/div><\/div><\/div><\/div><div id=\"pg-32729-3\"  class=\"panel-grid panel-has-style\" ><div class=\"mvv  siteorigin-panels-stretch panel-row-style panel-row-style-for-32729-3\" data-stretch-type=\"full\" ><div id=\"pgc-32729-3-0\"  class=\"panel-grid-cell\" ><div id=\"panel-32729-3-0-0\" class=\"so-panel widget widget_sow-editor panel-first-child panel-last-child\" data-index=\"5\" ><div\n\t\t\t\n\t\t\tclass=\"so-widget-sow-editor so-widget-sow-editor-base\"\n\t\t\t\n\t\t>\n<div class=\"siteorigin-widget-tinymce textwidget\">\n\t<p>A ELPOZO ALIMENTACI\u00d3N \u00e9 a empresa mais importante da holding Grupo Fuertes e \u00e9 dedicada \u00e0 elabora\u00e7\u00e3o de produtos de carne saud\u00e1veis e nutritivos.<\/p>\n<p>As origens da empresa remontam a 1935, com a abertura de um modesto estabelecimento de produtos comest\u00edveis situado na pra\u00e7a \u201cEl Pozo Concejil\u201d, na localidade murciana de Alhama de M\u00farcia. Em 1954, iniciou a sua atividade industrial com a primeira f\u00e1brica de enchidos e, desde ent\u00e3o, registou um crescimento constante, com base numa estrat\u00e9gia de reinvestimento e melhoria cont\u00ednuos.<\/p>\n<\/div>\n<\/div><\/div><\/div><div id=\"pgc-32729-3-1\"  class=\"panel-grid-cell\" ><div id=\"panel-32729-3-1-0\" class=\"so-panel widget widget_sow-editor panel-first-child panel-last-child\" data-index=\"6\" ><div\n\t\t\t\n\t\t\tclass=\"so-widget-sow-editor so-widget-sow-editor-base\"\n\t\t\t\n\t\t>\n<div class=\"siteorigin-widget-tinymce textwidget\">\n\t<p>No exerc\u00edcio anterior, a empresa ultrapassou os mil milh\u00f5es de euros de fatura\u00e7\u00e3o, o que significa um aumento de 7,9 por cento, e o cap\u00edtulo de investimentos alcan\u00e7ou os 45 milh\u00f5es, destinados principalmente a incrementar a ci\u00eancia e a competitividade num mercada cada vez mais globalizado. A sua equipa atual j\u00e1 ultrapassa 4.150 trabalhadores.<\/p>\n<p>A ELPOZO ALIMENTACI\u00d3N \u00e9 uma empresa cem por cento familiar, com um modelo de neg\u00f3cio consciente, respons\u00e1vel do ponto de vista humano, social e ambiental.<\/p>\n<\/div>\n<\/div><\/div><\/div><div id=\"pgc-32729-3-2\"  class=\"panel-grid-cell\" ><div id=\"panel-32729-3-2-0\" class=\"so-panel widget widget_sow-editor panel-first-child panel-last-child\" data-index=\"7\" ><div\n\t\t\t\n\t\t\tclass=\"so-widget-sow-editor so-widget-sow-editor-base\"\n\t\t\t\n\t\t>\n<div class=\"siteorigin-widget-tinymce textwidget\">\n\t<p>A inova\u00e7\u00e3o \u00e9 o pilar b\u00e1sico da sua filosofia empresarial, que aplica a todas as \u00e1reas da empresa, desde os processos produtivos e a implementa\u00e7\u00e3o de novas tecnologias at\u00e9 ao lan\u00e7amento de novos produtos que possam melhorar o bem-estar e a sa\u00fade dos seus consumidores.<\/p>\n<p>Disp\u00f5e de um \u00fanico centro de produ\u00e7\u00e3o em Alhama de M\u00farcia, com 250.000 m2 de superf\u00edcie constru\u00edda e com capacidade para o processamento de at\u00e9 18.000 porcos por dia.<\/p>\n<\/div>\n<\/div><\/div><\/div><\/div><\/div><\/div><!-- AddThis Advanced Settings generic via filter on the_content --><!-- AddThis Share Buttons generic via filter on the_content -->","protected":false},"excerpt":{"rendered":"VIS\u00c3O Ser uma empresa de refer\u00eancia global na alimenta\u00e7\u00e3o e nutri\u00e7\u00e3o, baseada nos pilares da\u00a0inova\u00e7\u00e3o, marca e competitividade. Estamos comprometidos com a gera\u00e7\u00e3o de valor e um futuro de longo prazo para clientes, fornecedores, funcion\u00e1rios, sociedade e acionistas. MISS\u00c3O Fornecer ao mundo carne e seus derivados, saud\u00e1veis e nutritivos. Para isso, apostamos em: O desenvolvimento","protected":false},"author":1,"featured_media":25299,"parent":0,"menu_order":0,"comment_status":"closed","ping_status":"closed","template":"templates\/template-normal.php","meta":{"_acf_changed":false,"footnotes":""},"class_list":["post-32729","page","type-page","status-publish","has-post-thumbnail","hentry"],"acf":[],"aioseo_notices":[],"_links":{"self":[{"href":"https:\/\/www.elpozo.com\/pt-pt\/wp-json\/wp\/v2\/pages\/32729","targetHints":{"allow":["GET"]}}],"collection":[{"href":"https:\/\/www.elpozo.com\/pt-pt\/wp-json\/wp\/v2\/pages"}],"about":[{"href":"https:\/\/www.elpozo.com\/pt-pt\/wp-json\/wp\/v2\/types\/page"}],"author":[{"embeddable":true,"href":"https:\/\/www.elpozo.com\/pt-pt\/wp-json\/wp\/v2\/users\/1"}],"replies":[{"embeddable":true,"href":"https:\/\/www.elpozo.com\/pt-pt\/wp-json\/wp\/v2\/comments?post=32729"}],"version-history":[{"count":2,"href":"https:\/\/www.elpozo.com\/pt-pt\/wp-json\/wp\/v2\/pages\/32729\/revisions"}],"predecessor-version":[{"id":32731,"href":"https:\/\/www.elpozo.com\/pt-pt\/wp-json\/wp\/v2\/pages\/32729\/revisions\/32731"}],"wp:featuredmedia":[{"embeddable":true,"href":"https:\/\/www.elpozo.com\/pt-pt\/wp-json\/wp\/v2\/media\/25299"}],"wp:attachment":[{"href":"https:\/\/www.elpozo.com\/pt-pt\/wp-json\/wp\/v2\/media?parent=32729"}],"curies":[{"name":"wp","href":"https:\/\/api.w.org\/{rel}","templated":true}]}}