{"id":32733,"date":"2023-05-03T11:37:26","date_gmt":"2023-05-03T10:37:26","guid":{"rendered":"https:\/\/www.elpozo.com\/perguntas-frequentes\/"},"modified":"2023-05-03T11:45:48","modified_gmt":"2023-05-03T10:45:48","slug":"perguntas-frequentes","status":"publish","type":"page","link":"https:\/\/www.elpozo.com\/pt-pt\/perguntas-frequentes\/","title":{"rendered":"Perguntas frequentes"},"content":{"rendered":"<div id=\"pl-32733\"  class=\"panel-layout\" ><div id=\"pg-32733-0\"  class=\"panel-grid panel-no-style\" ><div id=\"pgc-32733-0-0\"  class=\"panel-grid-cell\" ><div id=\"panel-32733-0-0-0\" class=\"so-panel widget widget_sow-editor panel-first-child\" data-index=\"0\" ><div\n\t\t\t\n\t\t\tclass=\"so-widget-sow-editor so-widget-sow-editor-base\"\n\t\t\t\n\t\t><h3 class=\"widget-title\">Perguntas frequentes<\/h3>\n<div class=\"siteorigin-widget-tinymce textwidget\">\n\t<\/div>\n<\/div><\/div><div id=\"panel-32733-0-0-1\" class=\"so-panel widget widget_faq_widget\" data-index=\"1\" ><div\n\t\t\t\n\t\t\tclass=\"so-widget-faq_widget so-widget-faq_widget-base\"\n\t\t\t\n\t\t>\n<div class=\"widget-faq\" itemscope itemprop=\"mainEntity\" itemtype=\"https:\/\/schema.org\/Question\">\n    <div class=\"pregunta\" itemprop=\"name\">\n        O que significa ElPozo?    <\/div>\n    <div class=\"respuesta\" itemscope itemprop=\"acceptedAnswer\" itemtype=\"https:\/\/schema.org\/Answer\">\n        <div itemprop=\"text\">\n            <p>O nome da ELPOZO tem a sua origem na abertura de um modesto estabelecimento de produtos comest\u00edveis situado na pra\u00e7a \u201cEl Pozo Concejil\u201d, em Alhama de M\u00farcia, na Regi\u00e3o de M\u00farcia.<\/p>\n        <\/div>\n    <\/div>\n<\/div>\n\n\n<\/div><\/div><div id=\"panel-32733-0-0-2\" class=\"so-panel widget widget_faq_widget\" data-index=\"2\" ><div\n\t\t\t\n\t\t\tclass=\"so-widget-faq_widget so-widget-faq_widget-base\"\n\t\t\t\n\t\t>\n<div class=\"widget-faq\" itemscope itemprop=\"mainEntity\" itemtype=\"https:\/\/schema.org\/Question\">\n    <div class=\"pregunta\" itemprop=\"name\">\n        Que produtos vende a ElPozo?    <\/div>\n    <div class=\"respuesta\" itemscope itemprop=\"acceptedAnswer\" itemtype=\"https:\/\/schema.org\/Answer\">\n        <div itemprop=\"text\">\n            <p>A ELPOZO ALIMENTACI\u00d3N oferece um amplo portf\u00f3lio de solu\u00e7\u00f5es de alimentos que v\u00e3o desde frescos e transformados de fresco at\u00e9 produtos transformados em todas as suas categorias: fiambre york, fiambres, salsichas, salsich\u00e3o, salame, chouri\u00e7o, sobrasadas, fuet, longanizas e presuntos, tanto brancos como ib\u00e9ricos.<\/p>\n        <\/div>\n    <\/div>\n<\/div>\n\n\n<\/div><\/div><div id=\"panel-32733-0-0-3\" class=\"so-panel widget widget_faq_widget\" data-index=\"3\" ><div\n\t\t\t\n\t\t\tclass=\"so-widget-faq_widget so-widget-faq_widget-base\"\n\t\t\t\n\t\t>\n<div class=\"widget-faq\" itemscope itemprop=\"mainEntity\" itemtype=\"https:\/\/schema.org\/Question\">\n    <div class=\"pregunta\" itemprop=\"name\">\n        A que grupo de empresas pertence a ElPozo?    <\/div>\n    <div class=\"respuesta\" itemscope itemprop=\"acceptedAnswer\" itemtype=\"https:\/\/schema.org\/Answer\">\n        <div itemprop=\"text\">\n            <p>A ELPOZO ALIMENTACI\u00d3N pertence \u00e0 holding empresarial Grupo Fuertes, que inclui duas dezenas de empresas de diferentes setores.<\/p>\n        <\/div>\n    <\/div>\n<\/div>\n\n\n<\/div><\/div><div id=\"panel-32733-0-0-4\" class=\"so-panel widget widget_faq_widget\" data-index=\"4\" ><div\n\t\t\t\n\t\t\tclass=\"so-widget-faq_widget so-widget-faq_widget-base\"\n\t\t\t\n\t\t>\n<div class=\"widget-faq\" itemscope itemprop=\"mainEntity\" itemtype=\"https:\/\/schema.org\/Question\">\n    <div class=\"pregunta\" itemprop=\"name\">\n        Que tipo de empresa \u00e9 a ElPozo?    <\/div>\n    <div class=\"respuesta\" itemscope itemprop=\"acceptedAnswer\" itemtype=\"https:\/\/schema.org\/Answer\">\n        <div itemprop=\"text\">\n            <p>Trata-se de uma empresa dedicada \u00e0 elabora\u00e7\u00e3o de produtos de carne saud\u00e1veis e nutritivos e seus derivados.<\/p>\n        <\/div>\n    <\/div>\n<\/div>\n\n\n<\/div><\/div><div id=\"panel-32733-0-0-5\" class=\"so-panel widget widget_faq_widget\" data-index=\"5\" ><div\n\t\t\t\n\t\t\tclass=\"so-widget-faq_widget so-widget-faq_widget-base\"\n\t\t\t\n\t\t>\n<div class=\"widget-faq\" itemscope itemprop=\"mainEntity\" itemtype=\"https:\/\/schema.org\/Question\">\n    <div class=\"pregunta\" itemprop=\"name\">\n        O que \u00e9 a ElPozo ExtraTiernos?    <\/div>\n    <div class=\"respuesta\" itemscope itemprop=\"acceptedAnswer\" itemtype=\"https:\/\/schema.org\/Answer\">\n        <div itemprop=\"text\">\n            <p>A gama ELPOZO ExtraTiernos \u00e9 elaborada com carne proveniente de explora\u00e7\u00f5es pr\u00f3prias, e \u00e9 a mais fresca, tenra e suculenta do mercado, gra\u00e7as a um processo exclusivo e especial de marinada e \u00e0 sua sele\u00e7\u00e3o de mat\u00e9rias primas. Estes produtos, compostos pelos melhores cortes de carne de porco, peru, frango e vaca, s\u00e3o ideais para todos os membros da fam\u00edlia e s\u00e3o especialmente indicados para os mais jovens e os idosos da casa.<\/p>\n<p>Esta linha surgiu como resultado da investiga\u00e7\u00e3o cont\u00ednua do Departamento de I+D+i da ELPOZO ALIMENTACI\u00d3N. A empresa aposta numa melhoria permanente com a finalidade para adaptar-se \u00e0s novas tend\u00eancias do mercado e satisfazer as necessidades dos consumidores que procuram cada vez mais alimentos e produtos mais f\u00e1ceis de preparar e comer. Todas as solu\u00e7\u00f5es da gama ExtraTiernos s\u00e3o simples e r\u00e1pidas de cozinhar, ideais para a grelha, para panar ou fritar.<\/p>\n        <\/div>\n    <\/div>\n<\/div>\n\n\n<\/div><\/div><div id=\"panel-32733-0-0-6\" class=\"so-panel widget widget_faq_widget panel-last-child\" data-index=\"6\" ><div\n\t\t\t\n\t\t\tclass=\"so-widget-faq_widget so-widget-faq_widget-base\"\n\t\t\t\n\t\t>\n<div class=\"widget-faq\" itemscope itemprop=\"mainEntity\" itemtype=\"https:\/\/schema.org\/Question\">\n    <div class=\"pregunta\" itemprop=\"name\">\n        O que \u00e9 a ElPozo BienStar?    <\/div>\n    <div class=\"respuesta\" itemscope itemprop=\"acceptedAnswer\" itemtype=\"https:\/\/schema.org\/Answer\">\n        <div itemprop=\"text\">\n            <p>\u00c9 a linha de produtos da ELPOZO ALIMENTACI\u00d3N mais comprometida com a alimenta\u00e7\u00e3o saud\u00e1vel. Trata-se de uma gama de alimentos completa com um perfil nutricional otimizado, ideal para que toda a fam\u00edlia possa desfrutar de um estilo de vida saud\u00e1vel e equilibrado, sem abdicar do seu sabor. Estas solu\u00e7\u00f5es elaboradas com uma composi\u00e7\u00e3o melhorada t\u00eam um menor teor de gordura, gorduras saturadas e sal, o que favorece a redu\u00e7\u00e3o do consumo destes nutrientes na dieta e ajuda a cumprir as recomenda\u00e7\u00f5es nutricionais dos profissionais.<\/p>\n<p>Al\u00e9m disso, estes produtos cont\u00eam uma alta percentagem de prote\u00ednas e s\u00e3o elaborados sem gl\u00faten, sem lactose e sem a\u00e7\u00facares, para que todas as pessoas possam disfrutar deles com todo o seu sabor e qualidade.<\/p>\n        <\/div>\n    <\/div>\n<\/div>\n\n\n<\/div><\/div><\/div><\/div><div id=\"pg-32733-1\"  class=\"panel-grid panel-has-style\" ><div class=\"panel-row-style panel-row-style-for-32733-1\" ><div id=\"pgc-32733-1-0\"  class=\"panel-grid-cell\" ><div id=\"panel-32733-1-0-0\" class=\"so-panel widget widget_sow-editor panel-first-child panel-last-child\" data-index=\"7\" ><div\n\t\t\t\n\t\t\tclass=\"so-widget-sow-editor so-widget-sow-editor-base\"\n\t\t\t\n\t\t>\n<div class=\"siteorigin-widget-tinymce textwidget\">\n\t<h3 style=\"margin-bottom: 0px;\"><strong>Perguntas frequentes<\/strong><\/h3>\n<p>&nbsp;<\/p>\n<p>&nbsp;<\/p>\n<p><strong>O que significa ElPozo?<\/strong><\/p>\n<p>O nome da ELPOZO tem a sua origem na abertura de um modesto estabelecimento de produtos comest\u00edveis situado na pra\u00e7a \u201cEl Pozo Concejil\u201d, em Alhama de M\u00farcia, na Regi\u00e3o de M\u00farcia.<\/p>\n<p><strong>Que produtos vende a ElPozo?<\/strong><\/p>\n<p>A ELPOZO ALIMENTACI\u00d3N oferece um amplo portf\u00f3lio de solu\u00e7\u00f5es de alimentos que v\u00e3o desde frescos e transformados de fresco at\u00e9 produtos transformados em todas as suas categorias: fiambre york, fiambres, salsichas, salsich\u00e3o, salame, chouri\u00e7o, sobrasadas, fuet, longanizas e presuntos, tanto brancos como ib\u00e9ricos.<\/p>\n<p><strong>A que grupo de empresas pertence a ElPozo?<\/strong><\/p>\n<p>A ELPOZO ALIMENTACI\u00d3N pertence \u00e0 holding empresarial Grupo Fuertes, que inclui duas dezenas de empresas de diferentes setores.<\/p>\n<p><strong>Que tipo de empresa \u00e9 a ElPozo?<\/strong><\/p>\n<p>Trata-se de uma empresa dedicada \u00e0 elabora\u00e7\u00e3o de produtos de carne saud\u00e1veis e nutritivos e seus derivados.<\/p>\n<p><strong>O que \u00e9 a ElPozo ExtraTiernos?<\/strong><\/p>\n<p>A gama ELPOZO ExtraTiernos \u00e9 elaborada com carne proveniente de explora\u00e7\u00f5es pr\u00f3prias, e \u00e9 a mais fresca, tenra e suculenta do mercado, gra\u00e7as a um processo exclusivo e especial de marinada e \u00e0 sua sele\u00e7\u00e3o de mat\u00e9rias primas. Estes produtos, compostos pelos melhores cortes de carne de porco, peru, frango e vaca, s\u00e3o ideais para todos os membros da fam\u00edlia e s\u00e3o especialmente indicados para os mais jovens e os idosos da casa.<\/p>\n<p>Esta linha surgiu como resultado da investiga\u00e7\u00e3o cont\u00ednua do Departamento de I+D+i da ELPOZO ALIMENTACI\u00d3N. A empresa aposta numa melhoria permanente com a finalidade para adaptar-se \u00e0s novas tend\u00eancias do mercado e satisfazer as necessidades dos consumidores que procuram cada vez mais alimentos e produtos mais f\u00e1ceis de preparar e comer. Todas as solu\u00e7\u00f5es da gama ExtraTiernos s\u00e3o simples e r\u00e1pidas de cozinhar, ideais para a grelha, para panar ou fritar.<\/p>\n<p><strong>O que \u00e9 a ElPozo BienStar?<\/strong><\/p>\n<p>\u00c9 a linha de produtos da ELPOZO ALIMENTACI\u00d3N mais comprometida com a alimenta\u00e7\u00e3o saud\u00e1vel. Trata-se de uma gama de alimentos completa com um perfil nutricional otimizado, ideal para que toda a fam\u00edlia possa desfrutar de um estilo de vida saud\u00e1vel e equilibrado, sem abdicar do seu sabor. Estas solu\u00e7\u00f5es elaboradas com uma composi\u00e7\u00e3o melhorada t\u00eam um menor teor de gordura, gorduras saturadas e sal, o que favorece a redu\u00e7\u00e3o do consumo destes nutrientes na dieta e ajuda a cumprir as recomenda\u00e7\u00f5es nutricionais dos profissionais.<\/p>\n<p>Al\u00e9m disso, estes produtos cont\u00eam uma alta percentagem de prote\u00ednas e s\u00e3o elaborados sem gl\u00faten, sem lactose e sem a\u00e7\u00facares, para que todas as pessoas possam disfrutar deles com todo o seu sabor e qualidade.<\/p>\n<\/div>\n<\/div><\/div><\/div><\/div><\/div><\/div><!-- AddThis Advanced Settings generic via filter on the_content --><!-- AddThis Share Buttons generic via filter on the_content -->","protected":false},"excerpt":{"rendered":"Perguntas frequentes &nbsp; &nbsp; O que significa ElPozo? O nome da ELPOZO tem a sua origem na abertura de um modesto estabelecimento de produtos comest\u00edveis situado na pra\u00e7a \u201cEl Pozo Concejil\u201d, em Alhama de M\u00farcia, na Regi\u00e3o de M\u00farcia. Que produtos vende a ElPozo? A ELPOZO ALIMENTACI\u00d3N oferece um amplo portf\u00f3lio de solu\u00e7\u00f5es de alimentos","protected":false},"author":1,"featured_media":29183,"parent":0,"menu_order":0,"comment_status":"closed","ping_status":"closed","template":"templates\/template-normal.php","meta":{"_acf_changed":false,"footnotes":""},"class_list":["post-32733","page","type-page","status-publish","has-post-thumbnail","hentry"],"acf":[],"aioseo_notices":[],"_links":{"self":[{"href":"https:\/\/www.elpozo.com\/pt-pt\/wp-json\/wp\/v2\/pages\/32733","targetHints":{"allow":["GET"]}}],"collection":[{"href":"https:\/\/www.elpozo.com\/pt-pt\/wp-json\/wp\/v2\/pages"}],"about":[{"href":"https:\/\/www.elpozo.com\/pt-pt\/wp-json\/wp\/v2\/types\/page"}],"author":[{"embeddable":true,"href":"https:\/\/www.elpozo.com\/pt-pt\/wp-json\/wp\/v2\/users\/1"}],"replies":[{"embeddable":true,"href":"https:\/\/www.elpozo.com\/pt-pt\/wp-json\/wp\/v2\/comments?post=32733"}],"version-history":[{"count":3,"href":"https:\/\/www.elpozo.com\/pt-pt\/wp-json\/wp\/v2\/pages\/32733\/revisions"}],"predecessor-version":[{"id":32736,"href":"https:\/\/www.elpozo.com\/pt-pt\/wp-json\/wp\/v2\/pages\/32733\/revisions\/32736"}],"wp:featuredmedia":[{"embeddable":true,"href":"https:\/\/www.elpozo.com\/pt-pt\/wp-json\/wp\/v2\/media\/29183"}],"wp:attachment":[{"href":"https:\/\/www.elpozo.com\/pt-pt\/wp-json\/wp\/v2\/media?parent=32733"}],"curies":[{"name":"wp","href":"https:\/\/api.w.org\/{rel}","templated":true}]}}