{"id":32841,"date":"2023-05-03T17:20:52","date_gmt":"2023-05-03T16:20:52","guid":{"rendered":"https:\/\/www.elpozo.com\/politica-de-cookies\/"},"modified":"2025-07-09T11:15:55","modified_gmt":"2025-07-09T09:15:55","slug":"politica-de-cookies","status":"publish","type":"page","link":"https:\/\/www.elpozo.com\/pt-pt\/politica-de-cookies\/","title":{"rendered":"Pol\u00edtica de cookies"},"content":{"rendered":"<div id=\"pl-32841\"  class=\"panel-layout\" ><div id=\"pg-32841-0\"  class=\"panel-grid panel-no-style\" ><div id=\"pgc-32841-0-0\"  class=\"panel-grid-cell\" ><div id=\"panel-32841-0-0-0\" class=\"so-panel widget widget_sow-editor panel-first-child panel-last-child\" data-index=\"0\" ><div\n\t\t\t\n\t\t\tclass=\"so-widget-sow-editor so-widget-sow-editor-base\"\n\t\t\t\n\t\t>\n<div class=\"siteorigin-widget-tinymce textwidget\">\n\t<h3><strong>1- UTILIZA\u00c7\u00c3O DE COOKIES<\/strong><\/h3>\n<p>Os cookies s\u00e3o ficheiros que se encontram no seu computador com a finalidade de reunir informa\u00e7\u00f5es do registo da Internet e informa\u00e7\u00f5es sobre o comportamento do utilizador. S\u00e3o utilizados para conhecer a utiliza\u00e7\u00e3o que o utilizador faz e para elaborar estat\u00edsticas sobre a atividade na p\u00e1ginas Web.<\/p>\n<p>&nbsp;<\/p>\n<h3><strong>2.- UTILIZA\u00c7\u00c3O DE COOKIES NO SITE DA EL POZO ALIMENTACI\u00d3N<\/strong><\/h3>\n<p>As informa\u00e7\u00f5es proporcionadas pelos cookies podem ajudar-nos a conhecer o perfil dos nossos utilizadores e a oferecer-lhe uma melhor experi\u00eancia de utilizador. A ElPozo utiliza este tipo de informa\u00e7\u00f5es para ajudar a melhorar os servi\u00e7os que presta aos seus utilizadores e \u00e0s comunica\u00e7\u00f5es com os mesmos. S\u00f3 utilizamos cookies que sejam necess\u00e1rios para lhe oferecer os servi\u00e7os\/utilidades da nossa p\u00e1gina Web, sempre que o tenha consentido.<\/p>\n<p>&nbsp;<\/p>\n<h3><strong>3.- TIPOS DE COOKIES E FINALIDADE<\/strong><\/h3>\n<p>Em fun\u00e7\u00e3o da entidade que gerir os cookies, podem ser classificados em grupos:<\/p>\n<p>Segundo a entidade que os gere:<\/p>\n<ul>\n<li>Cookies pr\u00f3prios: os que s\u00e3o enviados para o equipamento terminal do utilizador a partir de um equipamento ou dom\u00ednio gerido pelo pr\u00f3prio editor e desde o qual se presta o servi\u00e7o solicitado pelo utilizador.<\/li>\n<li>Cookies de terceiros: S\u00e3o os que s\u00e3o enviados para o equipamento terminal do utilizador a partir de um equipamento ou dom\u00ednio que n\u00e3o \u00e9 gerido pelo editor, mas por outra entidade que trata os dados obtidos atrav\u00e9s dos cookies.<\/li>\n<\/ul>\n<p>De acordo com o per\u00edodo de tempo que permane\u00e7am ativados no equipamento terminal, s\u00e3o divididos em:<\/p>\n<ul>\n<li>Cookies de sess\u00e3o: S\u00e3o concebidos para recolher e armazenar dados quando um utilizador acede a uma p\u00e1gina Web.<\/li>\n<li>Cookies permanentes: Tipo de cookies no qual os dados continuam armazenados no terminal e podem ser acedidos e tratados durante um per\u00edodo definido pelo respons\u00e1vel do cookie, e que pode ir de alguns minutos a v\u00e1rios anos.<\/li>\n<\/ul>\n<p>De acordo com a sua finalidade, s\u00e3o classificados do seguinte modo:<\/p>\n<ul>\n<li>Cookies t\u00e9cnicos: estes cookies permitem que o site recorde as escolhas realizadas, para proporcionar caracter\u00edsticas melhores e mais adequadas. Nesta categoria incluem-se os cookies de terceiros.<\/li>\n<li>Cookies de personaliza\u00e7\u00e3o: os cookies de personaliza\u00e7\u00e3o s\u00e3o instalados para exibir an\u00fancios mais espec\u00edficos baseados nos seus interesses e para gerir a nossa publicidade. Estes cookies recolhem informa\u00e7\u00f5es sobre as suas atividades neste e em outros sites para lhe oferecer publicidade adequada aos seus interesses. Tamb\u00e9m s\u00e3o cookies de prefer\u00eancias, como, por exemplo, o idioma, o n\u00famero de resultados a exibir quando o utilizador realiza uma pesquisa, etc.<\/li>\n<li>Cookies de an\u00e1lise: estes cookies s\u00e3o utilizados para nos proporcionar informa\u00e7\u00f5es sobre o funcionamento do nosso site (por ex. para contar visitas, conhecer as fontes de tr\u00e1fego, etc.).<\/li>\n<li>Cookies de redes sociais: os cookies de redes sociais recolhem informa\u00e7\u00f5es sobre a utiliza\u00e7\u00e3o das redes sociais, para criar o seu perfil.<\/li>\n<\/ul>\n<p>&nbsp;<\/p>\n<h3><strong>4.- FORMA DE ACEITAR, RECUSAR, REVOGAR O CONSENTIMENTO OU ELIMINAR OS COOKIES<\/strong><\/h3>\n<p>O utilizador tem a possibilidade de conceder ou recusar o seu consentimento para a utiliza\u00e7\u00e3o de cookies atrav\u00e9s de uma nota informativa que aparece no ecr\u00e3 ao aceder ao site pela primeira vez. O aviso ir\u00e1 manter-se at\u00e9 que o consentimento seja dado, o recuse ou configure os cookies de acordo com as suas prefer\u00eancias pessoais.<\/p>\n<p>O utilizador poder\u00e1 retirar o consentimento anteriormente atribu\u00eddo ou configurar os cookies em qualquer momento atrav\u00e9s do painel de configura\u00e7\u00e3o.<\/p>\n<p>Atrav\u00e9s deste painel, o utilizador pode optar entre aceitar ou n\u00e3o os cookies utilizados, bem como configur\u00e1-los a qualquer momento.<\/p>\n<p>Informamo-lo que a ElPozo utiliza cookies pr\u00f3prios e de terceiros para ativar fun\u00e7\u00f5es b\u00e1sicas de navega\u00e7\u00e3o, bem como para analisar a navega\u00e7\u00e3o do utilizador pelo site e a utiliza\u00e7\u00e3o dos servi\u00e7os e produtos nele oferecidos.<\/p>\n<p>Em conformidade com as normativas aplic\u00e1veis em mat\u00e9ria de cookies, podemos armazenar cookies no dispositivo do utilizador se forem estritamente necess\u00e1rios para o funcionamento desta p\u00e1gina. Para todos os restantes tipos de cookies, devemos solicitar o consentimento.<\/p>\n<p>Em seguida, explicam-se alguns dos cookies que utilizamos e por que os utilizamos:<\/p>\n<p>[wcc_category_list]<\/p>\n<h3><strong>5.- DESATIVA\u00c7\u00c3O DE COOKIES<\/strong><\/h3>\n<p>Em rela\u00e7\u00e3o aos cookies proporcionados pelo navegador que o utilizador est\u00e1 a utilizar, tenha em conta que, se aceitar os cookies de terceiros, dever\u00e1 elimin\u00e1-los das op\u00e7\u00f5es oferecidas no navegador.<br \/>\nComo utilizador, pode restringir, bloquear ou eliminar os cookies das p\u00e1ginas da Internet. Praticamente todos os navegadores atuais permitem alterar a configura\u00e7\u00e3o de Cookies.<\/p>\n<p>Os ajustes podem realizar-se no menu do seu navegador, em op\u00e7\u00f5es ou prefer\u00eancias.<br \/>\nComo cada navegador utiliza uma plataforma operacional diferente, a fun\u00e7\u00e3o de ajuda do seu navegador ir\u00e1 indicar-lhe como faz\u00ea-lo.<\/p>\n<ul>\n<li>Internet Explorer: support.microsoft.com\/pt-pt\/windows\/eliminar-e-gerir-cookies-168dab11-0753-043d-7c16-ede5947fc64d<\/li>\n<li>FireFox:\u00a0support.mozilla.org\/pt-PT\/kb\/limpar-cookies-e-dados-de-site-no-firefox<\/li>\n<li>Chrome: support.google.com\/chrome\/answer\/95647?hl=pt<\/li>\n<li>Safari:\u00a0www.apple.com\/legal\/privacy\/pt\/cookies\/<\/li>\n<\/ul>\n<p>Em seguida, fornecem-se informa\u00e7\u00f5es e instru\u00e7\u00f5es sobre os passos para aceder ao menu de configura\u00e7\u00e3o dos cookies e, se for o caso, da navega\u00e7\u00e3o privada em cada um dos principais navegadores:<\/p>\n<ul>\n<li>Internet Explorer: Ferramentas -&gt; Op\u00e7\u00f5es da Internet\u00a0-&gt; Privacidade\u00a0-&gt; Configura\u00e7\u00e3o. Para mais informa\u00e7\u00f5es, pode consultar o\u00a0suporte da Microsoft\u00a0ou a Ajuda do navegador.<\/li>\n<li>Firefox: Ferramentas\u00a0-&gt; Op\u00e7\u00f5es\u00a0-&gt; Privacidade\u00a0-&gt; Hist\u00f3rico\u00a0-&gt; Configura\u00e7\u00e3o Personalizada. Para mais informa\u00e7\u00f5es, pode consultar o\u00a0suporte do Mozilla\u00a0ou a Ajuda do navegador.<\/li>\n<li>Chrome: Configura\u00e7\u00e3o\u00a0-&gt; Mostrar op\u00e7\u00f5es avan\u00e7adas\u00a0-&gt; Privacidade\u00a0-&gt; Configura\u00e7\u00e3o de conte\u00fado.<br \/>\nPara mais informa\u00e7\u00f5es, pode consultar o\u00a0suporte da Google\u00a0ou a Ajuda do navegador.<\/li>\n<li>Safari: Prefer\u00eancias\u00a0-&gt; Seguran\u00e7a. Para mais informa\u00e7\u00f5es, pode consultar o\u00a0suporte da Apple\u00a0ou a Ajuda do navegador.<\/li>\n<\/ul>\n<p>Da mesma forma, existem ferramentas para a gest\u00e3o do armazenamento dos seus cookies, como as seguintes:<\/p>\n<ul>\n<li>Ghostery: www.ghostery.com\/<\/li>\n<li>As suas escolhas online:\u00a0www.youronlinechoices.com\/pt\/<\/li>\n<\/ul>\n<p>Em todo o caso, pode encontrar mais informa\u00e7\u00f5es a respeito e desativar o uso destes cookies<br \/>\nwww.google.es\/intl\/es\/analytics\/privacyoverview.html<\/p>\n<p>&nbsp;<\/p>\n<p><strong>6.- INFORMA\u00c7\u00c3O SOBRE TRANSFER\u00caNCIAS DE DADOS PARA PA\u00cdSES TERCEIROS<\/strong><\/p>\n<p>No caso de transfer\u00eancias de dados pessoais para um pa\u00eds terceiro ou organiza\u00e7\u00e3o internacional e, no caso das transfer\u00eancias indicadas no artigo 49, n\u00famero 1, segundo par\u00e1grafo do RGPD, elas ser\u00e3o realizadas com as garantias adequadas.<\/p>\n<p>&nbsp;<\/p>\n<h3><strong>7.- PER\u00cdODO DE CONSERVA\u00c7\u00c3O DOS DADOS RECOLHIDOS<\/strong><\/h3>\n<p>A ElPozo conservar\u00e1 os dados apenas durante o tempo necess\u00e1rio para as finalidades descritos anteriormente descritos, sem preju\u00edzo da conserva\u00e7\u00e3o necess\u00e1ria para a formula\u00e7\u00e3o, o exerc\u00edcio ou a defesa de poss\u00edveis reclama\u00e7\u00f5es e\/ou sempre que for permitido pela legisla\u00e7\u00e3o aplic\u00e1vel.<\/p>\n<p>&nbsp;<\/p>\n<h3><strong>8.- ATUALIZA\u00c7\u00d5ES E MUDAN\u00c7AS NA POL\u00cdTICA DE COOKIES DO SITE<\/strong><\/h3>\n<p>O site da ElPozo pode modificar esta Pol\u00edtica de Cookies em fun\u00e7\u00e3o de requisitos legislativos ou regulamentares, ou com o objetivo de adaptar essa pol\u00edtica \u00e0s instru\u00e7\u00f5es indicadas pela Ag\u00eancia Espanhola de Prote\u00e7\u00e3o de Dados, por isso aconselham-se os utilizadores a que o visitem periodicamente. Quando ocorrerem altera\u00e7\u00f5es significativas nesta Pol\u00edtica de Cookies, os utilizadores ser\u00e3o notificados por meio do site.<\/p>\n<p>Para qualquer consulta, pode entrar em contacto connosco atrav\u00e9s do seguinte endere\u00e7o de e-mail: protecciondedatos@grupofuertes.com.<\/p>\n<h3><strong>9.- OUTRAS INFORMA\u00c7\u00d5ES DO ART. 13 DO RGPD<\/strong><\/h3>\n<p>Em rela\u00e7\u00e3o \u00e0 informa\u00e7\u00e3o exigida pelo artigo 13 do RGPD que n\u00e3o se refira especificamente aos cookies, est\u00e1 dispon\u00edvel para o utilizador na pol\u00edtica de privacidade do site.<\/p>\n<p>&nbsp;<\/p>\n<\/div>\n<\/div><\/div><\/div><\/div><\/div><!-- AddThis Advanced Settings generic via filter on the_content --><!-- AddThis Share Buttons generic via filter on the_content -->","protected":false},"excerpt":{"rendered":"1- UTILIZA\u00c7\u00c3O DE COOKIES Os cookies s\u00e3o ficheiros que se encontram no seu computador com a finalidade de reunir informa\u00e7\u00f5es do registo da Internet e informa\u00e7\u00f5es sobre o comportamento do utilizador. S\u00e3o utilizados para conhecer a utiliza\u00e7\u00e3o que o utilizador faz e para elaborar estat\u00edsticas sobre a atividade na p\u00e1ginas Web. &nbsp; 2.- UTILIZA\u00c7\u00c3O DE","protected":false},"author":1,"featured_media":0,"parent":0,"menu_order":0,"comment_status":"closed","ping_status":"closed","template":"templates\/template-auxiliar.php","meta":{"_acf_changed":false,"footnotes":""},"class_list":["post-32841","page","type-page","status-publish","hentry"],"acf":[],"aioseo_notices":[],"_links":{"self":[{"href":"https:\/\/www.elpozo.com\/pt-pt\/wp-json\/wp\/v2\/pages\/32841","targetHints":{"allow":["GET"]}}],"collection":[{"href":"https:\/\/www.elpozo.com\/pt-pt\/wp-json\/wp\/v2\/pages"}],"about":[{"href":"https:\/\/www.elpozo.com\/pt-pt\/wp-json\/wp\/v2\/types\/page"}],"author":[{"embeddable":true,"href":"https:\/\/www.elpozo.com\/pt-pt\/wp-json\/wp\/v2\/users\/1"}],"replies":[{"embeddable":true,"href":"https:\/\/www.elpozo.com\/pt-pt\/wp-json\/wp\/v2\/comments?post=32841"}],"version-history":[{"count":2,"href":"https:\/\/www.elpozo.com\/pt-pt\/wp-json\/wp\/v2\/pages\/32841\/revisions"}],"predecessor-version":[{"id":37483,"href":"https:\/\/www.elpozo.com\/pt-pt\/wp-json\/wp\/v2\/pages\/32841\/revisions\/37483"}],"wp:attachment":[{"href":"https:\/\/www.elpozo.com\/pt-pt\/wp-json\/wp\/v2\/media?parent=32841"}],"curies":[{"name":"wp","href":"https:\/\/api.w.org\/{rel}","templated":true}]}}