{"id":32843,"date":"2023-05-03T17:30:14","date_gmt":"2023-05-03T16:30:14","guid":{"rendered":"https:\/\/www.elpozo.com\/politica-e-objetivos-de-qualidade\/"},"modified":"2023-05-03T17:30:14","modified_gmt":"2023-05-03T16:30:14","slug":"politica-e-objetivos-de-qualidade","status":"publish","type":"page","link":"https:\/\/www.elpozo.com\/pt-pt\/politica-e-objetivos-de-qualidade\/","title":{"rendered":"Pol\u00edtica e objetivos de qualidade"},"content":{"rendered":"<div id=\"pl-32843\"  class=\"panel-layout\" ><div id=\"pg-32843-0\"  class=\"panel-grid panel-has-style\" ><div class=\"panel-row-style panel-row-style-for-32843-0\" ><div id=\"pgc-32843-0-0\"  class=\"panel-grid-cell\" ><div id=\"panel-32843-0-0-0\" class=\"so-panel widget widget_sow-editor panel-first-child\" data-index=\"0\" ><div\n\t\t\t\n\t\t\tclass=\"so-widget-sow-editor so-widget-sow-editor-base\"\n\t\t\t\n\t\t>\n<div class=\"siteorigin-widget-tinymce textwidget\">\n\t<p>A\u00a0<strong>Vis\u00e3o\u00a0<\/strong>da<strong>\u00a0ELPOZO ALIMENTACI\u00d3N, S.A<\/strong>\u00a0\u00e9 ser uma empresa de refer\u00eancia global na alimenta\u00e7\u00e3o proteica, nutri\u00e7\u00e3o, sa\u00fade e bem-estar, assente nos pilares da\u00a0<strong>inova\u00e7\u00e3o, marca e competitividade<\/strong>. Estamos comprometidos com a\u00a0<strong>gera\u00e7\u00e3o de valor partilhado\u00a0<\/strong>e de longo prazo, com clientes, fornecedores, funcion\u00e1rios, sociedade e acionistas, onde o\u00a0<strong>consumidor<\/strong>\u00a0\u00e9 o centro do nosso\u00a0<strong>modelo \u00fanico de integra\u00e7\u00e3o circular<\/strong>.<\/p>\n<p>A\u00a0<strong>Miss\u00e3o<\/strong>\u00a0da\u00a0<strong>ELPOZO ALIMENTACI\u00d3N, S.A.,\u00a0<\/strong>\u00e9<strong>\u00a0<\/strong>fornecer ao mundo alimentos saud\u00e1veis e nutritivos, atrav\u00e9s de:<\/p>\n<p>O<strong>\u00a0desenvolvimento do nosso mercado de origem<\/strong>, um impulso decidido para a<strong>\u00a0exporta\u00e7\u00e3o<\/strong>\u00a0e\u00a0<strong>diversifica\u00e7\u00e3o<\/strong>\u00a0em novos mercados e produtos.<\/p>\n<p>Sempre comprometidos com os nossos<strong>\u00a0Valores<\/strong>;<\/p>\n<ul>\n<li>Excel\u00eancia.<\/li>\n<li>Integridade\/honestidade\/fidelidade\/transpar\u00eancia.<\/li>\n<li>Proximidade e humildade.<\/li>\n<li>Trabalho\/esfor\u00e7o\/perseveran\u00e7a.<\/li>\n<li>Senso comum.<\/li>\n<li>Esp\u00edrito empreendedor.<\/li>\n<\/ul>\n<p>Por sua vez, determina-se que a finalidade do processo de qualidade \u00e9 \"Avan\u00e7ar e melhorar a excel\u00eancia dos produtos e servi\u00e7os entregues aos nossos clientes e consumidores, cumprindo os objetivos dos acionistas, orientando a organiza\u00e7\u00e3o para a qualidade total e envolvendo os seus funcion\u00e1rios\".<\/p>\n<p>O objetivo do presente Manual de Qualidade \u00e9 o de expor a forma em que a Dire\u00e7\u00e3o da\u00a0<strong>ELPOZO ALIMENTACI\u00d3N, S.A.<\/strong>\u00a0define e documenta a sua pol\u00edtica de qualidade, incluindo os seus objetivos e compromisso nesta mat\u00e9ria.<\/p>\n<p>Esta pol\u00edtica adequa-se tanto \u00e0 concretiza\u00e7\u00e3o dos objetivos propostos, como \u00e0 satisfa\u00e7\u00e3o das expectativas e necessidades dos nossos clientes, baseando-se nos seguintes conceitos fundamentais:<\/p>\n<p><strong>1\u00ba.-<\/strong> Conceber e fabricar produtos saud\u00e1veis, seguros, legais e aut\u00eanticos capazes de satisfazer as necessidades dos clientes mais exigentes, utilizando os componentes ideais, adequando-se para tal os recursos necess\u00e1rios, sejam eles infraestruturas, meios humanos ou ambientais.<\/p>\n<p><strong>2\u00ba.-<\/strong> Cumprir a legisla\u00e7\u00e3o e os regulamentos que forem aplic\u00e1veis.<\/p>\n<p><strong>3\u00ba.-<\/strong> Manter e alargar a forma\u00e7\u00e3o de todo o seu pessoal.<\/p>\n<p><strong>4\u00ba.-<\/strong> Assegurar que s\u00e3o determinadas as necessidades e expectativas do cliente e que se tornam requisitos e s\u00e3o cumpridas, para alcan\u00e7ar a sua satisfa\u00e7\u00e3o.<\/p>\n<p><strong>5\u00ba.<\/strong>- Assegurar a higiene e as condi\u00e7\u00f5es dos postos de trabalho para que sejam adequados \u00e0 elabora\u00e7\u00e3o de produtos saud\u00e1veis, seguros e saud\u00e1veis.<\/p>\n<p><strong>6\u00ba.<\/strong>- Desenvolver processos produtivos de forma sustent\u00e1vel e que respeita o meio ambiente.<\/p>\n<p>Esta pol\u00edtica de qualidade \u00e9 entendida, implementada e mantida atualizada em todos os n\u00edveis da organiza\u00e7\u00e3o, e conta com o pleno compromisso e apoio da Dire\u00e7\u00e3o da\u00a0<strong>ELPOZO ALIMENTACI\u00d3N S.A.<\/strong>, que a estabelece para a concretiza\u00e7\u00e3o dos seguintes objetivos:<\/p>\n<p><strong>1\u00ba.-<\/strong>\u00a0Desenvolver e manter produtos que satisfa\u00e7am as necessidades dos nossos clientes e consumidores<\/p>\n<p><strong>2\u00ba.-<\/strong>\u00a0Melhorar de forma cont\u00ednua e ininterrupta a qualidade dos nossos produtos, processos e servi\u00e7os.<\/p>\n<p><strong>3\u00ba.-<\/strong>\u00a0Evitar preju\u00edzos econ\u00f3micos e perdas de mercado por meio da preven\u00e7\u00e3o de n\u00e3o conformidades e evitando a entrega de produtos deficientes, evitando sempre a fraude alimentar.<\/p>\n<p>Esta pol\u00edtica de qualidade \u00e9 revista periodicamente para assegurar que \u00e9 adequada ao prop\u00f3sito da organiza\u00e7\u00e3o. Inclui o compromisso de satisfazer os requisitos e melhorar continuamente a efic\u00e1cia do sistema de gest\u00e3o da qualidade e proporciona um quadro de refer\u00eancia para estabelecer e rever os objetivos da qualidade. Al\u00e9m disso, \u00e9 comunicada e entendida dentro da organiza\u00e7\u00e3o.<\/p>\n<p>&nbsp;<\/p>\n<\/div>\n<\/div><\/div><div id=\"panel-32843-0-0-1\" class=\"so-panel widget widget_sow-editor panel-last-child\" data-index=\"1\" ><div\n\t\t\t\n\t\t\tclass=\"so-widget-sow-editor so-widget-sow-editor-base\"\n\t\t\t\n\t\t>\n<div class=\"siteorigin-widget-tinymce textwidget\">\n\t<p style=\"text-align: right;\">Rafael Fuertes Quintanilla<br \/>\n<strong>Diretor Geral<\/strong><\/p>\n<\/div>\n<\/div><\/div><\/div><\/div><\/div><div id=\"pg-32843-1\"  class=\"panel-grid panel-has-style\" ><div class=\"hidden panel-row-style panel-row-style-for-32843-1\" ><div id=\"pgc-32843-1-0\"  class=\"panel-grid-cell\" ><div id=\"panel-32843-1-0-0\" class=\"so-panel widget widget_sow-image panel-first-child panel-last-child\" data-index=\"2\" ><div class=\"panel-widget-style panel-widget-style-for-32843-1-0-0\" ><div\n\t\t\t\n\t\t\tclass=\"so-widget-sow-image so-widget-sow-image-default-46c7616ffdb5-32843\"\n\t\t\t\n\t\t>\n<div class=\"sow-image-container\">\n\t\t<img \n\tsrc=\"https:\/\/www.elpozo.com\/wp-content\/uploads\/2019\/11\/479-calidad-9001-250x455.png\" width=\"165\" height=\"300\" srcset=\"https:\/\/www.elpozo.com\/wp-content\/uploads\/2019\/11\/479-calidad-9001-250x455.png 250w, https:\/\/www.elpozo.com\/wp-content\/uploads\/2019\/11\/479-calidad-9001-120x219.png 120w, https:\/\/www.elpozo.com\/wp-content\/uploads\/2019\/11\/479-calidad-9001.png 263w\" sizes=\"(max-width: 165px) 100vw, 165px\" alt=\"\" \t\tclass=\"so-widget-image\"\/>\n\t<\/div>\n\n<\/div><\/div><\/div><\/div><div id=\"pgc-32843-1-1\"  class=\"panel-grid-cell\" ><div id=\"panel-32843-1-1-0\" class=\"so-panel widget widget_sow-image panel-first-child panel-last-child\" data-index=\"3\" ><div class=\"panel-widget-style panel-widget-style-for-32843-1-1-0\" ><div\n\t\t\t\n\t\t\tclass=\"so-widget-sow-image so-widget-sow-image-default-c67d20f9f743-32843\"\n\t\t\t\n\t\t>\n<div class=\"sow-image-container\">\n\t\t<img \n\tsrc=\"https:\/\/www.elpozo.com\/wp-content\/uploads\/2019\/11\/479-calidad-iso-14001-250x439.png\" width=\"171\" height=\"300\" srcset=\"https:\/\/www.elpozo.com\/wp-content\/uploads\/2019\/11\/479-calidad-iso-14001-250x439.png 250w, https:\/\/www.elpozo.com\/wp-content\/uploads\/2019\/11\/479-calidad-iso-14001-120x211.png 120w, https:\/\/www.elpozo.com\/wp-content\/uploads\/2019\/11\/479-calidad-iso-14001.png 273w\" sizes=\"(max-width: 171px) 100vw, 171px\" alt=\"\" \t\tclass=\"so-widget-image\"\/>\n\t<\/div>\n\n<\/div><\/div><\/div><\/div><div id=\"pgc-32843-1-2\"  class=\"panel-grid-cell\" ><div id=\"panel-32843-1-2-0\" class=\"so-panel widget widget_sow-image panel-first-child panel-last-child\" data-index=\"4\" ><div class=\"panel-widget-style panel-widget-style-for-32843-1-2-0\" ><div\n\t\t\t\n\t\t\tclass=\"so-widget-sow-image so-widget-sow-image-default-c67d20f9f743-32843\"\n\t\t\t\n\t\t>\n<div class=\"sow-image-container\">\n\t\t<img \n\tsrc=\"https:\/\/www.elpozo.com\/wp-content\/uploads\/2019\/11\/479-calidad-i-net-250x249.png\" width=\"250\" height=\"249\" srcset=\"https:\/\/www.elpozo.com\/wp-content\/uploads\/2019\/11\/479-calidad-i-net-250x249.png 250w, https:\/\/www.elpozo.com\/wp-content\/uploads\/2019\/11\/479-calidad-i-net-150x150.png 150w, https:\/\/www.elpozo.com\/wp-content\/uploads\/2019\/11\/479-calidad-i-net-120x120.png 120w, https:\/\/www.elpozo.com\/wp-content\/uploads\/2019\/11\/479-calidad-i-net.png 479w\" sizes=\"(max-width: 250px) 100vw, 250px\" alt=\"\" \t\tclass=\"so-widget-image\"\/>\n\t<\/div>\n\n<\/div><\/div><\/div><\/div><div id=\"pgc-32843-1-3\"  class=\"panel-grid-cell\" ><div id=\"panel-32843-1-3-0\" class=\"so-panel widget widget_sow-image panel-first-child panel-last-child\" data-index=\"5\" ><div class=\"panel-widget-style panel-widget-style-for-32843-1-3-0\" ><div\n\t\t\t\n\t\t\tclass=\"so-widget-sow-image so-widget-sow-image-default-c67d20f9f743-32843\"\n\t\t\t\n\t\t>\n<div class=\"sow-image-container\">\n\t\t<img \n\tsrc=\"https:\/\/www.elpozo.com\/wp-content\/uploads\/2019\/11\/479-calidad-oca-global-calitax-250x246.png\" width=\"250\" height=\"246\" srcset=\"https:\/\/www.elpozo.com\/wp-content\/uploads\/2019\/11\/479-calidad-oca-global-calitax-250x246.png 250w, https:\/\/www.elpozo.com\/wp-content\/uploads\/2019\/11\/479-calidad-oca-global-calitax-120x118.png 120w, https:\/\/www.elpozo.com\/wp-content\/uploads\/2019\/11\/479-calidad-oca-global-calitax.png 479w\" sizes=\"(max-width: 250px) 100vw, 250px\" alt=\"\" \t\tclass=\"so-widget-image\"\/>\n\t<\/div>\n\n<\/div><\/div><\/div><\/div><div id=\"pgc-32843-1-4\"  class=\"panel-grid-cell\" ><div id=\"panel-32843-1-4-0\" class=\"so-panel widget widget_sow-image panel-first-child panel-last-child\" data-index=\"6\" ><div class=\"panel-widget-style panel-widget-style-for-32843-1-4-0\" ><div\n\t\t\t\n\t\t\tclass=\"so-widget-sow-image so-widget-sow-image-default-c67d20f9f743-32843\"\n\t\t\t\n\t\t>\n<div class=\"sow-image-container\">\n\t\t<img \n\tsrc=\"https:\/\/www.elpozo.com\/wp-content\/uploads\/2019\/11\/479-calidad-ifs-250x347.png\" width=\"216\" height=\"300\" srcset=\"https:\/\/www.elpozo.com\/wp-content\/uploads\/2019\/11\/479-calidad-ifs-250x347.png 250w, https:\/\/www.elpozo.com\/wp-content\/uploads\/2019\/11\/479-calidad-ifs-120x167.png 120w, https:\/\/www.elpozo.com\/wp-content\/uploads\/2019\/11\/479-calidad-ifs.png 345w\" sizes=\"(max-width: 216px) 100vw, 216px\" alt=\"\" \t\tclass=\"so-widget-image\"\/>\n\t<\/div>\n\n<\/div><\/div><\/div><\/div><div id=\"pgc-32843-1-5\"  class=\"panel-grid-cell\" ><div id=\"panel-32843-1-5-0\" class=\"so-panel widget widget_sow-image panel-first-child panel-last-child\" data-index=\"7\" ><div class=\"panel-widget-style panel-widget-style-for-32843-1-5-0\" ><div\n\t\t\t\n\t\t\tclass=\"so-widget-sow-image so-widget-sow-image-default-c67d20f9f743-32843\"\n\t\t\t\n\t\t>\n<div class=\"sow-image-container\">\n\t\t<img \n\tsrc=\"https:\/\/www.elpozo.com\/wp-content\/uploads\/2019\/11\/479-calidad-brc-food-certificated-250x372.png\" width=\"202\" height=\"300\" srcset=\"https:\/\/www.elpozo.com\/wp-content\/uploads\/2019\/11\/479-calidad-brc-food-certificated-250x372.png 250w, https:\/\/www.elpozo.com\/wp-content\/uploads\/2019\/11\/479-calidad-brc-food-certificated-120x179.png 120w, https:\/\/www.elpozo.com\/wp-content\/uploads\/2019\/11\/479-calidad-brc-food-certificated.png 322w\" sizes=\"(max-width: 202px) 100vw, 202px\" alt=\"\" \t\tclass=\"so-widget-image\"\/>\n\t<\/div>\n\n<\/div><\/div><\/div><\/div><\/div><\/div><div id=\"pg-32843-2\"  class=\"panel-grid panel-has-style\" ><div class=\"panel-row-style panel-row-style-for-32843-2\" ><div id=\"pgc-32843-2-0\"  class=\"panel-grid-cell\" ><div id=\"panel-32843-2-0-0\" class=\"so-panel widget widget_sow-image panel-first-child panel-last-child\" data-index=\"8\" ><div class=\"sellos-calidad panel-widget-style panel-widget-style-for-32843-2-0-0\" ><div\n\t\t\t\n\t\t\tclass=\"so-widget-sow-image so-widget-sow-image-default-a258e6bfa2d8-32843\"\n\t\t\t\n\t\t>\n<div class=\"sow-image-container\">\n\t\t<img \n\tsrc=\"https:\/\/www.elpozo.com\/wp-content\/uploads\/2023\/09\/sellosv6-1.png\" width=\"739\" height=\"316\" srcset=\"https:\/\/www.elpozo.com\/wp-content\/uploads\/2023\/09\/sellosv6-1.png 739w, https:\/\/www.elpozo.com\/wp-content\/uploads\/2023\/09\/sellosv6-1-250x107.png 250w, https:\/\/www.elpozo.com\/wp-content\/uploads\/2023\/09\/sellosv6-1-700x299.png 700w, https:\/\/www.elpozo.com\/wp-content\/uploads\/2023\/09\/sellosv6-1-500x214.png 500w, https:\/\/www.elpozo.com\/wp-content\/uploads\/2023\/09\/sellosv6-1-120x51.png 120w\" sizes=\"(max-width: 739px) 100vw, 739px\" alt=\"\" \t\tclass=\"so-widget-image\"\/>\n\t<\/div>\n\n<\/div><\/div><\/div><\/div><\/div><\/div><\/div><!-- AddThis Advanced Settings generic via filter on the_content --><!-- AddThis Share Buttons generic via filter on the_content -->","protected":false},"excerpt":{"rendered":"A\u00a0Vis\u00e3o\u00a0da\u00a0ELPOZO ALIMENTACI\u00d3N, S.A\u00a0\u00e9 ser uma empresa de refer\u00eancia global na alimenta\u00e7\u00e3o proteica, nutri\u00e7\u00e3o, sa\u00fade e bem-estar, assente nos pilares da\u00a0inova\u00e7\u00e3o, marca e competitividade. Estamos comprometidos com a\u00a0gera\u00e7\u00e3o de valor partilhado\u00a0e de longo prazo, com clientes, fornecedores, funcion\u00e1rios, sociedade e acionistas, onde o\u00a0consumidor\u00a0\u00e9 o centro do nosso\u00a0modelo \u00fanico de integra\u00e7\u00e3o circular. A\u00a0Miss\u00e3o\u00a0da\u00a0ELPOZO ALIMENTACI\u00d3N, S.A.,\u00a0\u00e9\u00a0fornecer ao mundo","protected":false},"author":1,"featured_media":0,"parent":0,"menu_order":0,"comment_status":"closed","ping_status":"closed","template":"templates\/template-auxiliar.php","meta":{"_acf_changed":false,"footnotes":""},"class_list":["post-32843","page","type-page","status-publish","hentry"],"acf":[],"aioseo_notices":[],"_links":{"self":[{"href":"https:\/\/www.elpozo.com\/pt-pt\/wp-json\/wp\/v2\/pages\/32843","targetHints":{"allow":["GET"]}}],"collection":[{"href":"https:\/\/www.elpozo.com\/pt-pt\/wp-json\/wp\/v2\/pages"}],"about":[{"href":"https:\/\/www.elpozo.com\/pt-pt\/wp-json\/wp\/v2\/types\/page"}],"author":[{"embeddable":true,"href":"https:\/\/www.elpozo.com\/pt-pt\/wp-json\/wp\/v2\/users\/1"}],"replies":[{"embeddable":true,"href":"https:\/\/www.elpozo.com\/pt-pt\/wp-json\/wp\/v2\/comments?post=32843"}],"version-history":[{"count":0,"href":"https:\/\/www.elpozo.com\/pt-pt\/wp-json\/wp\/v2\/pages\/32843\/revisions"}],"wp:attachment":[{"href":"https:\/\/www.elpozo.com\/pt-pt\/wp-json\/wp\/v2\/media?parent=32843"}],"curies":[{"name":"wp","href":"https:\/\/api.w.org\/{rel}","templated":true}]}}